{"id":231,"date":"2022-01-05T10:35:04","date_gmt":"2022-01-05T17:35:04","guid":{"rendered":"https:\/\/reaktorweb.com\/ahome\/?page_id=3802"},"modified":"2022-04-11T11:49:31","modified_gmt":"2022-04-11T17:49:31","slug":"pago-de-la-tarifas-y-cuotas-de-agua-potable-alcantarillado-y-saneamiento","status":"publish","type":"page","link":"https:\/\/reaktorweb.com\/ahome\/pago-de-la-tarifas-y-cuotas-de-agua-potable-alcantarillado-y-saneamiento\/","title":{"rendered":"Pago de la tarifas y cuotas de agua potable, alcantarillado y saneamiento."},"content":{"rendered":"<p><b>DATOS GENERALES<\/b><\/p>\n<table style=\"font-size: 16px; color: var( --e-global-color-text );\">\n<tbody>\n<tr>\n<td style=\"background-color: #e2e1e6;\">Sujeto Obligado<\/td>\n<td>Gerencia General de la Junta de Agua Potable y Alcantarillado del Municipio de Ahome (JAPAMA)<\/td>\n<\/tr>\n<tr>\n<td style=\"background-color: #e2e1e6; color: black;\">Unidad Administrativa<\/td>\n<td>Junta de Agua Potable y Alcantarillado del Municipio de Ahome<\/td>\n<\/tr>\n<tr>\n<td style=\"background-color: #e2e1e6; color: black;\">Oficina de Atenci\u00f3n<\/td>\n<td>Recaudaci\u00f3n<\/td>\n<\/tr>\n<tr>\n<td style=\"background-color: #e2e1e6; color: black;\">Nombre del Tr\u00e1mite y\/o Servicio<\/td>\n<td>Pago de las tarifas y cuotas de agua potable, alcantarillado y saneamiento.<\/td>\n<\/tr>\n<tr>\n<td style=\"background-color: #e2e1e6; color: black;\">Objetivo (Descripci\u00f3n)<\/td>\n<td>Realizar el pago de las tarifas y cuotas por parte de los usuarios(Propietarios o poseedores por cualquier t\u00edtulo, de los predios, giros o establecimientos) a los que se les proporcionen los servicios de agua potable, alcantarillado y saneamiento y tengan la obligaci\u00f3n de hacer uso de los mismos.<\/td>\n<\/tr>\n<tr>\n<td style=\"background-color: #e2e1e6;\">Fundamento Jur\u00eddico del Tr\u00e1mite<\/td>\n<td>Arq. 49 de la Ley de Agua Potable y Alcantarillado del Estado de Sinaloa.<\/td>\n<\/tr>\n<tr>\n<td style=\"background-color: #e2e1e6; color: black;\">Ordenamiento jur\u00eddico del tr\u00e1mite:<\/td>\n<td><a href=\"https:\/\/drive.google.com\/file\/d\/1Hyklb2JoXFFX7kqk54Vs6WOQO7ygJ7vb\/view\" target=\"_blank\" rel=\"noopener\">Enlace<\/a><\/td>\n<\/tr>\n<tr>\n<td style=\"background-color: #e2e1e6; color: black;\">Aplica Sanci\u00f3n<\/td>\n<td><p>Si.<\/p>\n<p>Usuario Tarifa Domestica: Ser\u00e1 causa de limitaci\u00f3n de los servicios el que los usuarios dejen de pagar uno o m\u00e1s meses o bimestres conforme al sistema de cobro establecido.<\/p>\n<p>Usuario Tarifa Comercial o Industrial: Ser\u00e1n sancionados con la interrupci\u00f3n de los servicios, los infractores a que se refiere la fracci\u00f3n XVII del art\u00edculo 80, cuando se trate de usuarios industriales, comerciales o p\u00fablicos a que se refiere el art\u00edculo 4 de la Ley de Agua Potable y Alcantarillado del Estado de Sinaloa.<\/p>\n<\/td>\n<\/tr>\n<tr>\n<td style=\"background-color: #e2e1e6; color: black;\">Plazo de Respuesta<\/td>\n<td>Inmediato<\/td>\n<\/tr>\n<tr>\n<td style=\"background-color: #e2e1e6; color: black;\">Permite Solicitar Cita<\/td>\n<td>No<\/td>\n<\/tr>\n<\/tbody>\n<\/table>\n<p><b>REQUISITOS<\/b><\/p>\n<p>&nbsp;<\/p>\n<table>\n<tbody>\n<tr>\n<td style=\"width: 25%; background-color: #e2e1e6; color: black;\">1.- Nombre del documento:<\/td>\n<td>Recibo del consumo de agua.<\/td>\n<\/tr>\n<tr>\n<td>Originales<\/td>\n<td>1<\/td>\n<\/tr>\n<tr>\n<td>Copias<\/td>\n<td>N\/A<\/td>\n<\/tr>\n<tr>\n<td>Detalles<\/td>\n<td>Realizar el pago en oficinas, centros de cobro e instituciones bancarias autorizadas para ello.<\/td>\n<\/tr>\n<tr>\n<td>Condici\u00f3n para realizar el tr\u00e1mite<\/td>\n<td>Presentar recibo de consumo, domicilio, nombre o n\u00famero de usuario.<\/td>\n<\/tr>\n<\/tbody>\n<\/table>\n<table>\n<tbody>\n<tr>\n<td style=\"width: 25%; background-color: #e2e1e6; color: black;\"><\/td>\n<\/tr>\n<\/tbody>\n<\/table>\n<p><b>COSTOS<\/b><\/p>\n<table>\n<tbody>\n<tr>\n<td style=\"width: 25%; background-color: #e2e1e6; color: black;\">Costo:<\/td>\n<td>Costo Variable<\/td>\n<\/tr>\n<tr>\n<td style=\"width: 25%; background-color: #e2e1e6;\">Fundamento Jur\u00eddico del Cobro:<\/td>\n<td>Los usuarios deber\u00e1n cubrir el pago de las tarifas y cuotas en las oficinas de las Juntas o en las instituciones autorizadas al efecto, dentro de la fecha expresada en el recibo correspondiente o por adelantado dentro de los primeros veinte d\u00edas del mes o del bimestre correspondiente cuando el pago de las tarifas y cuotas por los servicios sea a base de cuota fija.<\/td>\n<\/tr>\n<tr>\n<td style=\"width: 25%; background-color: #e2e1e6; color: black;\">Ordenamiento cobro del tr\u00e1mite:<\/td>\n<td><a href=\"https:\/\/drive.google.com\/file\/d\/1MjjSMblV2sjehL7dqOQhfwKoF1ck1Zlc\/view\">Enlace<\/a><\/td>\n<\/tr>\n<tr>\n<td style=\"width: 25%; background-color: #e2e1e6;\">Observaciones:<\/td>\n<td>El costo del servicio va en funci\u00f3n al consumo en m3 realizado en el periodo de medici\u00f3n. Se aplica tarifas vigentes.<\/td>\n<\/tr>\n<\/tbody>\n<\/table>\n<p>DOCUMENTOS A OBTENER PRODUCTO DEL TR\u00c1MITE<\/p>\n<table>\n<tbody>\n<tr>\n<td style=\"width: 25%; background-color: #e2e1e6; color: black;\">Documentos a obtener como producto de tr\u00e1mite:<\/td>\n<td>Comprobante de pago.<\/td>\n<\/tr>\n<\/tbody>\n<\/table>\n<h6><b>OFICINAS DE ATENCI\u00d3N<\/b><\/h6>\n<table>\n<tbody>\n<tr>\n<td style=\"width: 25%; background-color: #e2e1e6; color: black;\">Dependencia:<\/td>\n<td>Junta de Agua Potable y Alcantarillado del Municipio de Ahome<\/td>\n<\/tr>\n<tr>\n<td style=\"width: 25%; background-color: #e2e1e6; color: black;\">Direcci\u00f3n:<\/td>\n<td>\u00c1ngel Flores esq con Aquiles Serd\u00e1n S\/N, Colonia Centro, Los Mochis, Sinaloa. C.P. 81200<\/td>\n<\/tr>\n<tr>\n<td style=\"width: 25%; background-color: #e2e1e6; color: black;\">Oficina de atenci\u00f3n:<\/td>\n<td>Recaudaci\u00f3n<\/td>\n<\/tr>\n<\/tbody>\n<\/table>\n<p><!-- \/wp:post-content --><\/p>\n<p><!-- wp:paragraph --><\/p>\n<p><!-- \/wp:paragraph --><\/p>","protected":false},"excerpt":{"rendered":"<p>DATOS GENERALES Sujeto Obligado Gerencia General de la Junta de Agua Potable y Alcantarillado del Municipio de Ahome (JAPAMA) Unidad Administrativa Junta de Agua Potable y Alcantarillado del Municipio de Ahome Oficina de Atenci\u00f3n Recaudaci\u00f3n Nombre del Tr\u00e1mite y\/o Servicio Pago de las tarifas y cuotas de agua potable, alcantarillado y saneamiento. Objetivo (Descripci\u00f3n) Realizar &hellip;<\/p>\n<p class=\"read-more\"> <a class=\"\" href=\"https:\/\/reaktorweb.com\/ahome\/pago-de-la-tarifas-y-cuotas-de-agua-potable-alcantarillado-y-saneamiento\/\"> <span class=\"screen-reader-text\">Pago de la tarifas y cuotas de agua potable, alcantarillado y saneamiento.<\/span> Leer m\u00e1s &raquo;<\/a><\/p>\n","protected":false},"author":1,"featured_media":0,"parent":0,"menu_order":0,"comment_status":"closed","ping_status":"closed","template":"","meta":{"site-sidebar-layout":"default","site-content-layout":"default","ast-main-header-display":"","ast-hfb-above-header-display":"","ast-hfb-below-header-display":"","ast-hfb-mobile-header-display":"","site-post-title":"","ast-breadcrumbs-content":"","ast-featured-img":"","footer-sml-layout":"","theme-transparent-header-meta":"","adv-header-id-meta":"","stick-header-meta":"","header-above-stick-meta":"","header-main-stick-meta":"","header-below-stick-meta":"","spay_email":"","footnotes":""},"class_list":["post-231","page","type-page","status-publish","hentry"],"jetpack_sharing_enabled":true,"jetpack_likes_enabled":false,"_links":{"self":[{"href":"https:\/\/reaktorweb.com\/ahome\/wp-json\/wp\/v2\/pages\/231","targetHints":{"allow":["GET"]}}],"collection":[{"href":"https:\/\/reaktorweb.com\/ahome\/wp-json\/wp\/v2\/pages"}],"about":[{"href":"https:\/\/reaktorweb.com\/ahome\/wp-json\/wp\/v2\/types\/page"}],"author":[{"embeddable":true,"href":"https:\/\/reaktorweb.com\/ahome\/wp-json\/wp\/v2\/users\/1"}],"replies":[{"embeddable":true,"href":"https:\/\/reaktorweb.com\/ahome\/wp-json\/wp\/v2\/comments?post=231"}],"version-history":[{"count":1,"href":"https:\/\/reaktorweb.com\/ahome\/wp-json\/wp\/v2\/pages\/231\/revisions"}],"predecessor-version":[{"id":342,"href":"https:\/\/reaktorweb.com\/ahome\/wp-json\/wp\/v2\/pages\/231\/revisions\/342"}],"wp:attachment":[{"href":"https:\/\/reaktorweb.com\/ahome\/wp-json\/wp\/v2\/media?parent=231"}],"curies":[{"name":"wp","href":"https:\/\/api.w.org\/{rel}","templated":true}]}}