{"id":245,"date":"2022-01-06T16:39:15","date_gmt":"2022-01-06T23:39:15","guid":{"rendered":"https:\/\/reaktorweb.com\/ahome\/?page_id=3991"},"modified":"2022-01-06T16:39:15","modified_gmt":"2022-01-06T23:39:15","slug":"activar-servicio","status":"publish","type":"page","link":"https:\/\/reaktorweb.com\/ahome\/activar-servicio\/","title":{"rendered":"Activar Servicio"},"content":{"rendered":"<span style=\"color: #9f2241;\"><span style=\"font-size: 18px;\"><b>DATOS GENERALES<\/b><\/span><\/span>\n<table style=\"font-size: 16px; color: var( --e-global-color-text );\">\n<tbody>\n<tr>\n<td style=\"background-color: #e2e1e6;\"><span style=\"color: #000000;\">Sujeto Obligado<\/span><\/td>\n<td>Gerencia General de la Junta de Agua Potable y Alcantarillado del Municipio de Ahome (JAPAMA)<\/td>\n<\/tr>\n<tr>\n<td style=\"background-color: #e2e1e6; color: black;\">Unidad Administrativa<\/td>\n<td>Junta de Agua Potable y Alcantarillado del Municipio de Ahome<\/td>\n<\/tr>\n<tr>\n<td style=\"background-color: #e2e1e6; color: black;\">Oficina de Atenci\u00f3n<\/td>\n<td>Atenci\u00f3n Integral<\/td>\n<\/tr>\n<tr>\n<td style=\"background-color: #e2e1e6; color: black;\">Nombre del Tr\u00e1mite y\/o Servicio<\/td>\n<td>Activaci\u00f3n del Servicio<\/td>\n<\/tr>\n<tr>\n<td style=\"background-color: #e2e1e6; color: black;\">Objetivo (Descripci\u00f3n)<\/td>\n<td>La activaci\u00f3n del servicio se realiza una vez que el usuario lo solicita en ventanilla.<\/td>\n<\/tr>\n<tr>\n<td style=\"background-color: #e2e1e6;\"><span style=\"color: #000000;\">Fundamento Jur\u00eddico del Tr\u00e1mite<\/span><\/td>\n<td>Art\u00edculo 121 fracci\u00f3n IV del Reglamento Interior de la Junta de Agua Potable y Alcantarillado del Municipio de Ahome.<\/td>\n<\/tr>\n<tr>\n<td style=\"background-color: #e2e1e6; color: black;\">Ordenamiento jur\u00eddico del tr\u00e1mite:<\/td>\n<td><a href=\"https:\/\/drive.google.com\/file\/d\/1GnbhWpe0yVLALxkgKMWInAoxsvls0rwT\/view\" target=\"_blank\" rel=\"noopener\">Enlace<\/a><\/td>\n<\/tr>\n<tr>\n<td style=\"background-color: #e2e1e6; color: black;\">Aplica Sanci\u00f3n<\/td>\n<td>No<\/td>\n<\/tr>\n<tr>\n<td style=\"background-color: #e2e1e6; color: black;\">Plazo de Respuesta<\/td>\n<td>Dentro de las 24 horas despu\u00e9s de realizado el pago.<\/td>\n<\/tr>\n<tr>\n<td style=\"background-color: #e2e1e6; color: black;\">Permite Solicitar Cita<\/td>\n<td>No<\/td>\n<\/tr>\n<\/tbody>\n<\/table>\n<span style=\"color: #9f2241;\"><span style=\"font-size: 18px;\"><b>REQUISITOS<\/b><\/span><\/span>\n\n<!--AGREGAR REQUISITOS-->\n<table>\n<tbody><!--(AGREGAR REQUISITOS)-->\n<tr>\n<td style=\"width: 25%; background-color: #e2e1e6; color: black;\">1.- Nombre del documento:<\/td>\n<td>Copia de identificaci\u00f3n (INE) del solicitante y el propietario del predio.<\/td>\n<\/tr>\n<tr>\n<td>Originales<\/td>\n<td>1<\/td>\n<\/tr>\n<tr>\n<td>Copias<\/td>\n<td>N\/A<\/td>\n<\/tr>\n<tr>\n<td>Detalles<\/td>\n<td>El usuario deber\u00e1 proporcionar sus datos ya sea nombre, direcci\u00f3n, su n\u00famero de usuario.<\/td>\n<\/tr>\n<tr>\n<td>Condici\u00f3n para realizar el tr\u00e1mite<\/td>\n<td>El usuario solicita la activaci\u00f3n del servicio, debe de comprobar ser propietario del predio o en su caso copia de identificaci\u00f3n y escrituras del due\u00f1o del predio, as\u00ed como tambi\u00e9n copia de la identificaci\u00f3n de quien esta solicitando la activaci\u00f3n del servicio.<\/td>\n<\/tr>\n<\/tbody>\n<\/table>\n<span style=\"color: #9f2241;\"><span style=\"font-size: 18px;\"><b>COSTOS<\/b><\/span><\/span>\n<table>\n<tbody>\n<tr>\n<td style=\"width: 25%; background-color: #e2e1e6; color: black;\">Costo:<\/td>\n<td>S\u00ed<\/td>\n<\/tr>\n<tr>\n<td style=\"width: 25%; background-color: #e2e1e6;\"><span style=\"color: #000000;\">Fundamento Jur\u00eddico del Cobro:<\/span><\/td>\n<td><\/td>\n<\/tr>\n<tr>\n<td style=\"width: 25%; background-color: #e2e1e6; color: black;\">Ordenamiento cobro del tr\u00e1mite:<\/td>\n<td><a href=\"https:\/\/drive.google.com\/file\/d\/1GnbhWpe0yVLALxkgKMWInAoxsvls0rwT\/view\">Enlace<\/a><\/td>\n<\/tr>\n<tr>\n<td style=\"width: 25%; background-color: #e2e1e6;\"><span style=\"color: #000000;\">Observaciones:<\/span><\/td>\n<td>El costo por la activaci\u00f3n es de $200.00<\/td>\n<\/tr>\n<\/tbody>\n<\/table>\n<span style=\"font-weight: bold; color: #9f2241; font-family: Roboto, sans-serif; font-size: 18px; font-style: normal; font-variant-ligatures: normal; font-variant-caps: normal;\">DOCUMENTOS A OBTENER PRODUCTO DEL TR\u00c1MITE<\/span>\n<table>\n<tbody>\n<tr>\n<td style=\"width: 25%; background-color: #e2e1e6; color: black;\">Documentos a obtener como producto de tr\u00e1mite:<\/td>\n<td>Comprobante de pago y nota de cargo de la activaci\u00f3n.<\/td>\n<\/tr>\n<\/tbody>\n<\/table>\n<h6><b>OFICINAS DE ATENCI\u00d3N<\/b><\/h6>\n<table>\n<tbody>\n<tr>\n<td style=\"width: 25%; background-color: #e2e1e6; color: black;\">Dependencia:<\/td>\n<td>Junta de Agua Potable y Alcantarillado del Municipio de Ahome<\/td>\n<\/tr>\n<tr>\n<td style=\"width: 25%; background-color: #e2e1e6; color: black;\">Direcci\u00f3n:<\/td>\n<td>\u00c1ngel Flores esq. con Aquiles Serd\u00e1n S\/N, Colonia Centro, Los Mochis, Sinaloa. C.P. 81200<\/td>\n<\/tr>\n<tr>\n<td style=\"width: 25%; background-color: #e2e1e6; color: black;\">Oficina de atenci\u00f3n:<\/td>\n<td>Atenci\u00f3n Integral<\/td>\n<\/tr>\n<\/tbody>\n<\/table>\n<!-- \/wp:post-content -->","protected":false},"excerpt":{"rendered":"<p>DATOS GENERALES Sujeto Obligado Gerencia General de la Junta de Agua Potable y Alcantarillado del Municipio de Ahome (JAPAMA) Unidad Administrativa Junta de Agua Potable y Alcantarillado del Municipio de Ahome Oficina de Atenci\u00f3n Atenci\u00f3n Integral Nombre del Tr\u00e1mite y\/o Servicio Activaci\u00f3n del Servicio Objetivo (Descripci\u00f3n) La activaci\u00f3n del servicio se realiza una vez que &hellip;<\/p>\n<p class=\"read-more\"> <a class=\"\" href=\"https:\/\/reaktorweb.com\/ahome\/activar-servicio\/\"> <span class=\"screen-reader-text\">Activar Servicio<\/span> Leer m\u00e1s &raquo;<\/a><\/p>\n","protected":false},"author":1,"featured_media":0,"parent":0,"menu_order":0,"comment_status":"closed","ping_status":"closed","template":"","meta":{"site-sidebar-layout":"default","site-content-layout":"default","ast-main-header-display":"","ast-hfb-above-header-display":"","ast-hfb-below-header-display":"","ast-hfb-mobile-header-display":"","site-post-title":"","ast-breadcrumbs-content":"","ast-featured-img":"","footer-sml-layout":"","theme-transparent-header-meta":"","adv-header-id-meta":"","stick-header-meta":"","header-above-stick-meta":"","header-main-stick-meta":"","header-below-stick-meta":"","spay_email":"","footnotes":""},"class_list":["post-245","page","type-page","status-publish","hentry"],"jetpack_sharing_enabled":true,"jetpack_likes_enabled":false,"_links":{"self":[{"href":"https:\/\/reaktorweb.com\/ahome\/wp-json\/wp\/v2\/pages\/245","targetHints":{"allow":["GET"]}}],"collection":[{"href":"https:\/\/reaktorweb.com\/ahome\/wp-json\/wp\/v2\/pages"}],"about":[{"href":"https:\/\/reaktorweb.com\/ahome\/wp-json\/wp\/v2\/types\/page"}],"author":[{"embeddable":true,"href":"https:\/\/reaktorweb.com\/ahome\/wp-json\/wp\/v2\/users\/1"}],"replies":[{"embeddable":true,"href":"https:\/\/reaktorweb.com\/ahome\/wp-json\/wp\/v2\/comments?post=245"}],"version-history":[{"count":0,"href":"https:\/\/reaktorweb.com\/ahome\/wp-json\/wp\/v2\/pages\/245\/revisions"}],"wp:attachment":[{"href":"https:\/\/reaktorweb.com\/ahome\/wp-json\/wp\/v2\/media?parent=245"}],"curies":[{"name":"wp","href":"https:\/\/api.w.org\/{rel}","templated":true}]}}