{"id":249,"date":"2022-01-20T17:06:13","date_gmt":"2022-01-21T00:06:13","guid":{"rendered":"https:\/\/reaktorweb.com\/ahome\/?page_id=4843"},"modified":"2022-01-20T17:06:13","modified_gmt":"2022-01-21T00:06:13","slug":"agregados-arenon-balastre-grava-tierra-muerta-mixto","status":"publish","type":"page","link":"https:\/\/reaktorweb.com\/ahome\/agregados-arenon-balastre-grava-tierra-muerta-mixto\/","title":{"rendered":"Agregados (arenon, balastre, grava, tierra muerta, mixto)"},"content":{"rendered":"\n\n\n<figure class=\"wp-block-table\"><table><tbody><tr><td>DATOS GENERALES<\/td><\/tr><tr><td>Sujeto Obligado<\/td><td>Secretar\u00eda de Obras P\u00fablicas, Urbanismo y Ecolog\u00eda&nbsp;<\/td><\/tr><tr><td>Unidad Administrativa<\/td><td>Direcci\u00f3n de Obras P\u00fablicas<\/td><\/tr><tr><td>Oficina de Atenci\u00f3n<\/td><td>Subdirecci\u00f3n de Mantenimiento Urbano<\/td><\/tr><tr><td>Nombre del Tr\u00e1mite y\/o Servicio<\/td><td>AGREGADOS (ARENON, BALASTRE, GRAVA, TIERRA MUERTA, MIXTO)<\/td><\/tr><tr><td>Objetivo (Descripci\u00f3n)<\/td><td>Apoyo a personas de escasos recursos.<\/td><\/tr><tr><td>Fundamento Jur\u00eddico del Tr\u00e1mite<\/td><td>Tramite en regularizacion en la ley de ingreso<\/td><\/tr><tr><td>Plazo de Respuesta<\/td><td>8-10 d\u00edas habiles<\/td><\/tr><tr><td>Permite Solicitar Cita<\/td><td>No<\/td><\/tr><tr><td>REQUISITOS<\/td><\/tr><tr><td>Documentos<\/td><td>Estudio Socioeconomico&nbsp;<\/td><\/tr><tr><td>Originales<\/td><td>Solicitud<\/td><\/tr><tr><td>Copias<\/td><td>1 copia de la creedencial de elector<\/td><\/tr><tr><td>Copias certificadas<\/td><td>No<\/td><\/tr><tr><td>Detalles<\/td><td>Especificar la direcci\u00f3n d\u00f3nde se requiere el servicio<\/td><\/tr><tr><td>COSTOS<\/td><\/tr><tr><td>Costo<\/td><td>$1,000.00<\/td><\/tr><tr><td>Fundamento Jur\u00eddico del Cobro<\/td><td>Tramite en regularizacion en la ley de ingreso<\/td><\/tr><tr><td>Observaciones<\/td><td>balastre \/ 7m3<\/td><\/tr><tr><td>COSTOS<\/td><\/tr><tr><td>Costo<\/td><td>$1,650.00<\/td><\/tr><tr><td>Fundamento Jur\u00eddico del Cobro<\/td><td>Tramite en regularizacion en la ley de ingreso<\/td><\/tr><tr><td>Observaciones<\/td><td>balastre \/ 14m3<\/td><\/tr><tr><td>COSTOS<\/td><\/tr><tr><td>Costo<\/td><td>$1,550.00<\/td><\/tr><tr><td>Fundamento Jur\u00eddico del Cobro<\/td><td>Tramite en regularizacion en la ley de ingreso<\/td><\/tr><tr><td>Observaciones<\/td><td>Arenon, grava, mixto y tierra muerta \/ 7m3<\/td><\/tr><tr><td>COSTOS<\/td><\/tr><tr><td>Costo<\/td><td>$2,560.00<\/td><\/tr><tr><td>Fundamento Jur\u00eddico del Cobro<\/td><td>Tramite en regularizacion en la ley de ingreso<\/td><\/tr><tr><td>Observaciones<\/td><td>Arenon, grava, mixto y tierra muerta \/ 14m3<\/td><\/tr><tr><td>OFICINAS DE ATENCI\u00d3N<\/td><\/tr><tr><td>Secretar\u00eda<\/td><td>Secretar\u00eda de Obras P\u00fablicas, Urbanismo y Ecolog\u00eda&nbsp;<\/td><\/tr><tr><td>Direcci\u00f3n<\/td><td>Subdirecci\u00f3n de Mantenimiento Urbano<\/td><\/tr><tr><td>Oficina de atenci\u00f3n<\/td><td>Santos Degollado y Cuauhtemoc, colonia Bienestar 8:00 &#8211; 15:30<\/td><\/tr><tr><td>CRITERIOS DE APLICACI\u00d3N<\/td><\/tr><tr><td>Perfil ciudadano:<\/td><td>General<\/td><\/tr><\/tbody><\/table><\/figure>\n","protected":false},"excerpt":{"rendered":"<p>DATOS GENERALES Sujeto Obligado Secretar\u00eda de Obras P\u00fablicas, Urbanismo y Ecolog\u00eda&nbsp; Unidad Administrativa Direcci\u00f3n de Obras P\u00fablicas Oficina de Atenci\u00f3n Subdirecci\u00f3n de Mantenimiento Urbano Nombre del Tr\u00e1mite y\/o Servicio AGREGADOS (ARENON, BALASTRE, GRAVA, TIERRA MUERTA, MIXTO) Objetivo (Descripci\u00f3n) Apoyo a personas de escasos recursos. Fundamento Jur\u00eddico del Tr\u00e1mite Tramite en regularizacion en la ley de &hellip;<\/p>\n<p class=\"read-more\"> <a class=\"\" href=\"https:\/\/reaktorweb.com\/ahome\/agregados-arenon-balastre-grava-tierra-muerta-mixto\/\"> <span class=\"screen-reader-text\">Agregados (arenon, balastre, grava, tierra muerta, mixto)<\/span> Leer m\u00e1s &raquo;<\/a><\/p>\n","protected":false},"author":1,"featured_media":0,"parent":0,"menu_order":0,"comment_status":"closed","ping_status":"closed","template":"","meta":{"site-sidebar-layout":"default","site-content-layout":"default","ast-main-header-display":"","ast-hfb-above-header-display":"","ast-hfb-below-header-display":"","ast-hfb-mobile-header-display":"","site-post-title":"","ast-breadcrumbs-content":"","ast-featured-img":"","footer-sml-layout":"","theme-transparent-header-meta":"","adv-header-id-meta":"","stick-header-meta":"","header-above-stick-meta":"","header-main-stick-meta":"","header-below-stick-meta":"","spay_email":"","footnotes":""},"class_list":["post-249","page","type-page","status-publish","hentry"],"jetpack_sharing_enabled":true,"jetpack_likes_enabled":false,"_links":{"self":[{"href":"https:\/\/reaktorweb.com\/ahome\/wp-json\/wp\/v2\/pages\/249","targetHints":{"allow":["GET"]}}],"collection":[{"href":"https:\/\/reaktorweb.com\/ahome\/wp-json\/wp\/v2\/pages"}],"about":[{"href":"https:\/\/reaktorweb.com\/ahome\/wp-json\/wp\/v2\/types\/page"}],"author":[{"embeddable":true,"href":"https:\/\/reaktorweb.com\/ahome\/wp-json\/wp\/v2\/users\/1"}],"replies":[{"embeddable":true,"href":"https:\/\/reaktorweb.com\/ahome\/wp-json\/wp\/v2\/comments?post=249"}],"version-history":[{"count":0,"href":"https:\/\/reaktorweb.com\/ahome\/wp-json\/wp\/v2\/pages\/249\/revisions"}],"wp:attachment":[{"href":"https:\/\/reaktorweb.com\/ahome\/wp-json\/wp\/v2\/media?parent=249"}],"curies":[{"name":"wp","href":"https:\/\/api.w.org\/{rel}","templated":true}]}}