{"id":250,"date":"2022-01-27T11:49:38","date_gmt":"2022-01-27T18:49:38","guid":{"rendered":"https:\/\/reaktorweb.com\/ahome\/?page_id=5513"},"modified":"2022-01-27T11:49:38","modified_gmt":"2022-01-27T18:49:38","slug":"ampliaciones-de-alcoholes","status":"publish","type":"page","link":"https:\/\/reaktorweb.com\/ahome\/ampliaciones-de-alcoholes\/","title":{"rendered":"Ampliaciones de Alcoholes"},"content":{"rendered":"<p><span style=\"color: #9f2241;\"><span style=\"font-size: 18px;\"><b>DATOS GENERALES<\/b><\/span><\/span><\/p>\n<table width=\"727\">\n<tbody>\n<tr>\n<td width=\"233\">Unidad Administrativa<\/td>\n<td width=\"494\">Direcci\u00f3n de Inspecci\u00f3n y Normatividad<\/td>\n<\/tr>\n<tr>\n<td width=\"233\">Oficina de Atenci\u00f3n<\/td>\n<td width=\"494\">Direcci\u00f3n de Inspecci\u00f3n y Normatividad<\/td>\n<\/tr>\n<tr>\n<td width=\"233\">Nombre del Tr\u00e1mite y\/o Servicio<\/td>\n<td width=\"494\">Ampliaciones de Alcoholes<\/td>\n<\/tr>\n<tr>\n<td width=\"233\">Objetivo (Descripci\u00f3n)<\/td>\n<td width=\"494\">Permiso que otorga la Direcci\u00f3n de Inspecci\u00f3n y Normatividad para extender el horario regular de los establecimientos con venta de alcohol.<\/td>\n<\/tr>\n<tr>\n<td width=\"233\">Fundamento Jur\u00eddico del Tr\u00e1mite<\/td>\n<td width=\"494\">Reglamento de alcoholes para el municipio de Ahome, Sinaloa<\/td>\n<\/tr>\n<tr>\n<td width=\"233\">Ordenamiento jur\u00eddico del tr\u00e1mite:<\/td>\n<td width=\"494\">Art. 22<\/td>\n<\/tr>\n<tr>\n<td width=\"233\">Aplica Sanci\u00f3n<\/td>\n<td width=\"494\">Si<\/td>\n<\/tr>\n<tr>\n<td width=\"233\">Plazo de Respuesta<\/td>\n<td width=\"494\">5 d\u00edas<\/td>\n<\/tr>\n<tr>\n<td width=\"233\">Permite Solicitar Cita<\/td>\n<td width=\"494\">No<\/td>\n<\/tr>\n<tr>\n<td colspan=\"2\" width=\"727\"><span style=\"color: #9f2241;\"><span style=\"font-size: 18px;\"><b>REQUISITOS<\/b><\/span><\/span><\/td>\n<\/tr>\n<tr>\n<td width=\"233\">Documentos<\/td>\n<td width=\"494\">Solicitud dirigida al Director de Inspecci\u00f3n y Normatividad<\/td>\n<\/tr>\n<tr>\n<td width=\"233\">Originales<\/td>\n<td width=\"494\">1<\/td>\n<\/tr>\n<tr>\n<td width=\"233\">Detalles<\/td>\n<td width=\"494\">C. Enrique F. L\u00f3pez Miranda<\/td>\n<\/tr>\n<tr>\n<td width=\"233\">Criterios a resolver<\/td>\n<td width=\"494\">Hacer su solicitud 5 d\u00edas h\u00e1biles previos a su requerimiento<\/td>\n<\/tr>\n<tr>\n<td colspan=\"2\" width=\"727\"><span style=\"color: #9f2241;\"><span style=\"font-size: 18px;\"><b>DOCUMENTOS A OBTENER PRODUCTO DEL TR\u00c1MITE<\/b><\/span><\/span><\/td>\n<\/tr>\n<tr>\n<td width=\"233\">Documentos<\/td>\n<td width=\"494\">Ampliaci\u00f3n de Horario<\/td>\n<\/tr>\n<tr>\n<td colspan=\"2\" width=\"727\"><span style=\"color: #9f2241;\"><span style=\"font-size: 18px;\"><b>OFICINAS DE ATENCI\u00d3N<\/b><\/span><\/span><\/td>\n<\/tr>\n<tr>\n<td width=\"233\">Direcci\u00f3n<\/td>\n<td width=\"494\">Direcci\u00f3n de Inspecci\u00f3n y Normatividad<\/td>\n<\/tr>\n<tr>\n<td width=\"233\">Oficina de atenci\u00f3n<\/td>\n<td width=\"494\">Av. Santos Degollado y Cuauht\u00e9moc. Colonia Bienestar Lunes a Viernes 08:00 a 16:00 y s\u00e1bados 09:00 a 13:00<\/td>\n<\/tr>\n<\/tbody>\n<\/table>\n","protected":false},"excerpt":{"rendered":"<p>DATOS GENERALES Unidad Administrativa Direcci\u00f3n de Inspecci\u00f3n y Normatividad Oficina de Atenci\u00f3n Direcci\u00f3n de Inspecci\u00f3n y Normatividad Nombre del Tr\u00e1mite y\/o Servicio Ampliaciones de Alcoholes Objetivo (Descripci\u00f3n) Permiso que otorga la Direcci\u00f3n de Inspecci\u00f3n y Normatividad para extender el horario regular de los establecimientos con venta de alcohol. Fundamento Jur\u00eddico del Tr\u00e1mite Reglamento de alcoholes &hellip;<\/p>\n<p class=\"read-more\"> <a class=\"\" href=\"https:\/\/reaktorweb.com\/ahome\/ampliaciones-de-alcoholes\/\"> <span class=\"screen-reader-text\">Ampliaciones de Alcoholes<\/span> Leer m\u00e1s &raquo;<\/a><\/p>\n","protected":false},"author":1,"featured_media":0,"parent":0,"menu_order":0,"comment_status":"closed","ping_status":"closed","template":"","meta":{"site-sidebar-layout":"default","site-content-layout":"default","ast-main-header-display":"","ast-hfb-above-header-display":"","ast-hfb-below-header-display":"","ast-hfb-mobile-header-display":"","site-post-title":"","ast-breadcrumbs-content":"","ast-featured-img":"","footer-sml-layout":"","theme-transparent-header-meta":"","adv-header-id-meta":"","stick-header-meta":"","header-above-stick-meta":"","header-main-stick-meta":"","header-below-stick-meta":"","spay_email":"","footnotes":""},"class_list":["post-250","page","type-page","status-publish","hentry"],"jetpack_sharing_enabled":true,"jetpack_likes_enabled":false,"_links":{"self":[{"href":"https:\/\/reaktorweb.com\/ahome\/wp-json\/wp\/v2\/pages\/250","targetHints":{"allow":["GET"]}}],"collection":[{"href":"https:\/\/reaktorweb.com\/ahome\/wp-json\/wp\/v2\/pages"}],"about":[{"href":"https:\/\/reaktorweb.com\/ahome\/wp-json\/wp\/v2\/types\/page"}],"author":[{"embeddable":true,"href":"https:\/\/reaktorweb.com\/ahome\/wp-json\/wp\/v2\/users\/1"}],"replies":[{"embeddable":true,"href":"https:\/\/reaktorweb.com\/ahome\/wp-json\/wp\/v2\/comments?post=250"}],"version-history":[{"count":0,"href":"https:\/\/reaktorweb.com\/ahome\/wp-json\/wp\/v2\/pages\/250\/revisions"}],"wp:attachment":[{"href":"https:\/\/reaktorweb.com\/ahome\/wp-json\/wp\/v2\/media?parent=250"}],"curies":[{"name":"wp","href":"https:\/\/api.w.org\/{rel}","templated":true}]}}