{"id":255,"date":"2022-01-13T16:07:37","date_gmt":"2022-01-13T23:07:37","guid":{"rendered":"https:\/\/reaktorweb.com\/ahome\/?page_id=4312"},"modified":"2022-01-13T16:07:37","modified_gmt":"2022-01-13T23:07:37","slug":"apoyo-para-gastos-imprevistos-urgentes","status":"publish","type":"page","link":"https:\/\/reaktorweb.com\/ahome\/apoyo-para-gastos-imprevistos-urgentes\/","title":{"rendered":"Apoyo Para Gastos Imprevistos Urgentes"},"content":{"rendered":"<p><span style=\"color: #9f2241;\"><span style=\"font-size: 18px;\"><b>DATOS GENERALES<\/b><\/span><\/span><\/p>\n<table style=\"font-size: 16px; color: var( --e-global-color-text );\">\n<tbody>\n<tr>\n<td style=\"background-color: #e2e1e6;\"><span style=\"color: #000000;\">Sujeto Obligado<\/span><\/td>\n<td>Coordinaci\u00f3n Administrativa<\/td>\n<\/tr>\n<tr>\n<td style=\"background-color: #e2e1e6; color: black;\">Unidad Administrativa<\/td>\n<td><\/td>\n<\/tr>\n<tr>\n<td style=\"background-color: #e2e1e6; color: black;\">Oficina de Atenci\u00f3n<\/td>\n<td>Subsecretar\u00eda de Bienestar y Participaci\u00f3n Ciudadana<\/td>\n<\/tr>\n<tr>\n<td style=\"background-color: #e2e1e6; color: black;\">Nombre del Tr\u00e1mite y\/o Servicio<\/td>\n<td>Apoyo Para Gastos Imprevistos Urgentes<\/td>\n<\/tr>\n<tr>\n<td style=\"background-color: #e2e1e6; color: black;\">Objetivo (Descripci\u00f3n)<\/td>\n<td>Solventar problemas econ\u00f3micos urgentes a personas de escasos recursos, solicitantes de gastos funerales, estudios m\u00e9dicos, etc.<\/td>\n<\/tr>\n<tr>\n<td style=\"background-color: #e2e1e6;\"><span style=\"color: #000000;\">Fundamento Jur\u00eddico del Tr\u00e1mite<\/span><\/td>\n<td>N\/A<\/td>\n<\/tr>\n<tr>\n<td style=\"background-color: #e2e1e6; color: black;\">Ordenamiento jur\u00eddico del tr\u00e1mite:<\/td>\n<td>N\/A<\/td>\n<\/tr>\n<tr>\n<td style=\"background-color: #e2e1e6; color: black;\">Plazo de Respuesta<\/td>\n<td>8 d\u00edas h\u00e1biles<\/td>\n<\/tr>\n<tr>\n<td style=\"background-color: #e2e1e6; color: black;\">Permite Solicitar Cita<\/td>\n<td>No<\/td>\n<\/tr>\n<\/tbody>\n<\/table>\n<p><span style=\"color: #9f2241;\"><span style=\"font-size: 18px;\"><b>REQUISITOS<\/b><\/span><\/span><\/p>\n<table>\n<tbody>\n<tr>\n<td style=\"width: 25%; background-color: #e2e1e6; color: black;\">1.- Nombre del documento:<\/td>\n<td>Copia de INE, Solicitud de apoyo y comprobante de necesidad.<\/td>\n<\/tr>\n<tr>\n<td>Originales<\/td>\n<td>Solicitud dirigida al presidente y comprobante de necesidad<\/td>\n<\/tr>\n<tr>\n<td>Copias<\/td>\n<td>Copia INE<\/td>\n<\/tr>\n<tr>\n<td>Detalles<\/td>\n<td>N\/A<\/td>\n<\/tr>\n<tr>\n<td>Condici\u00f3n para realizar el tr\u00e1mite<\/td>\n<td>N\/A<\/td>\n<\/tr>\n<\/tbody>\n<\/table>\n<p><span style=\"color: #9f2241;\"><span style=\"font-size: 18px;\"><b>COSTOS<\/b><\/span><\/span><\/p>\n<table>\n<tbody>\n<tr>\n<td style=\"width: 25%; background-color: #e2e1e6; color: black;\">Costo:<\/td>\n<td>$ 0.00<\/td>\n<\/tr>\n<tr>\n<td style=\"width: 25%; background-color: #e2e1e6;\"><span style=\"color: #000000;\">Fundamento Jur\u00eddico del Cobro:<\/span><\/td>\n<td>N\/A<\/td>\n<\/tr>\n<tr>\n<td style=\"width: 25%; background-color: #e2e1e6; color: black;\">Ordenamiento cobro del tr\u00e1mite:<\/td>\n<td>N\/A<\/td>\n<\/tr>\n<tr>\n<td style=\"width: 25%; background-color: #e2e1e6;\"><span style=\"color: #000000;\">Observaciones:<\/span><\/td>\n<td>Servicio sin costo<\/td>\n<\/tr>\n<\/tbody>\n<\/table>\n<p><span style=\"font-weight: bold; color: #9f2241; font-family: Roboto, sans-serif; font-size: 18px; font-style: normal; font-variant-ligatures: normal; font-variant-caps: normal;\">DOCUMENTOS A OBTENER PRODUCTO DEL TR\u00c1MITE<\/span><\/p>\n<table>\n<tbody>\n<tr>\n<td style=\"width: 25%; background-color: #e2e1e6; color: black;\">Documentos a obtener como producto de tr\u00e1mite:<\/td>\n<td>Cheque o en Especie.<\/td>\n<\/tr>\n<\/tbody>\n<\/table>\n<h6><b>OFICINAS DE ATENCI\u00d3N<\/b><\/h6>\n<table>\n<tbody>\n<tr>\n<td style=\"width: 25%; background-color: #e2e1e6; color: black;\">Secretar\u00eda:<\/td>\n<td>Secretaria de Bienestar<\/td>\n<\/tr>\n<tr>\n<td style=\"width: 25%; background-color: #e2e1e6; color: black;\">Direcci\u00f3n:<\/td>\n<td>Subsecretaria de Bienestar y Participaci\u00f3n Ciudadana<\/td>\n<\/tr>\n<tr>\n<td style=\"width: 25%; background-color: #e2e1e6; color: black;\">Oficina de atenci\u00f3n:<\/td>\n<td>Coordinaci\u00f3n Administrativa<\/td>\n<\/tr>\n<\/tbody>\n<\/table>\n","protected":false},"excerpt":{"rendered":"<p>DATOS GENERALES Sujeto Obligado Coordinaci\u00f3n Administrativa Unidad Administrativa Oficina de Atenci\u00f3n Subsecretar\u00eda de Bienestar y Participaci\u00f3n Ciudadana Nombre del Tr\u00e1mite y\/o Servicio Apoyo Para Gastos Imprevistos Urgentes Objetivo (Descripci\u00f3n) Solventar problemas econ\u00f3micos urgentes a personas de escasos recursos, solicitantes de gastos funerales, estudios m\u00e9dicos, etc. Fundamento Jur\u00eddico del Tr\u00e1mite N\/A Ordenamiento jur\u00eddico del tr\u00e1mite: N\/A &hellip;<\/p>\n<p class=\"read-more\"> <a class=\"\" href=\"https:\/\/reaktorweb.com\/ahome\/apoyo-para-gastos-imprevistos-urgentes\/\"> <span class=\"screen-reader-text\">Apoyo Para Gastos Imprevistos Urgentes<\/span> Leer m\u00e1s &raquo;<\/a><\/p>\n","protected":false},"author":1,"featured_media":0,"parent":0,"menu_order":0,"comment_status":"closed","ping_status":"closed","template":"","meta":{"site-sidebar-layout":"default","site-content-layout":"default","ast-main-header-display":"","ast-hfb-above-header-display":"","ast-hfb-below-header-display":"","ast-hfb-mobile-header-display":"","site-post-title":"","ast-breadcrumbs-content":"","ast-featured-img":"","footer-sml-layout":"","theme-transparent-header-meta":"","adv-header-id-meta":"","stick-header-meta":"","header-above-stick-meta":"","header-main-stick-meta":"","header-below-stick-meta":"","spay_email":"","footnotes":""},"class_list":["post-255","page","type-page","status-publish","hentry"],"jetpack_sharing_enabled":true,"jetpack_likes_enabled":false,"_links":{"self":[{"href":"https:\/\/reaktorweb.com\/ahome\/wp-json\/wp\/v2\/pages\/255","targetHints":{"allow":["GET"]}}],"collection":[{"href":"https:\/\/reaktorweb.com\/ahome\/wp-json\/wp\/v2\/pages"}],"about":[{"href":"https:\/\/reaktorweb.com\/ahome\/wp-json\/wp\/v2\/types\/page"}],"author":[{"embeddable":true,"href":"https:\/\/reaktorweb.com\/ahome\/wp-json\/wp\/v2\/users\/1"}],"replies":[{"embeddable":true,"href":"https:\/\/reaktorweb.com\/ahome\/wp-json\/wp\/v2\/comments?post=255"}],"version-history":[{"count":0,"href":"https:\/\/reaktorweb.com\/ahome\/wp-json\/wp\/v2\/pages\/255\/revisions"}],"wp:attachment":[{"href":"https:\/\/reaktorweb.com\/ahome\/wp-json\/wp\/v2\/media?parent=255"}],"curies":[{"name":"wp","href":"https:\/\/api.w.org\/{rel}","templated":true}]}}