{"id":271,"date":"2022-01-17T14:03:53","date_gmt":"2022-01-17T21:03:53","guid":{"rendered":"https:\/\/reaktorweb.com\/ahome\/?page_id=4536"},"modified":"2022-01-17T14:03:53","modified_gmt":"2022-01-17T21:03:53","slug":"atencion-psicologica","status":"publish","type":"page","link":"https:\/\/reaktorweb.com\/ahome\/atencion-psicologica\/","title":{"rendered":"Atenci\u00f3n Psicol\u00f3gica"},"content":{"rendered":"<p><b>DATOS GENERALES<\/b><\/p>\n<table style=\"font-size: 16px; color: var( --e-global-color-text );\">\n<tbody>\n<tr>\n<td style=\"background-color: #e2e1e6;\">Sujeto Obligado<\/td>\n<td>Jefa de la Oficina de Apoyo a B\u00fasqueda de Personas Desaparecidas<\/td>\n<\/tr>\n<tr>\n<td style=\"background-color: #e2e1e6; color: black;\">Unidad Administrativa<\/td>\n<td>Oficina de B\u00fasqueda de Personas Desaparecidas del Municipio de Ahome<\/td>\n<\/tr>\n<tr>\n<td style=\"background-color: #e2e1e6; color: black;\">Oficina de Atenci\u00f3n<\/td>\n<td>Ahome<\/td>\n<\/tr>\n<tr>\n<td style=\"background-color: #e2e1e6; color: black;\">Nombre del Tr\u00e1mite y\/o Servicio<\/td>\n<td>Atenci\u00f3n Psicol\u00f3gica<\/td>\n<\/tr>\n<tr>\n<td style=\"background-color: #e2e1e6; color: black;\">Objetivo (Descripci\u00f3n)<\/td>\n<td>Ofrecer servicio psicoterap\u00e9utico gratuito , adaptado a las necesidades de los familiares de victimas de desaparici\u00f3n forzada, brindando terapia de acompa\u00f1amiento para el manejo del duelo por la ausencia de un ser querido<\/td>\n<\/tr>\n<tr>\n<td style=\"background-color: #e2e1e6;\">Fundamento Jur\u00eddico del Tr\u00e1mite<\/td>\n<td>N\/A<\/td>\n<\/tr>\n<tr>\n<td style=\"background-color: #e2e1e6; color: black;\">Ordenamiento jur\u00eddico del tr\u00e1mite:<\/td>\n<td>N\/A<\/td>\n<\/tr>\n<tr>\n<td style=\"background-color: #e2e1e6; color: black;\">Plazo de Respuesta<\/td>\n<td>El mismo d\u00eda que solicitan el servicio ,se resuelve, se agenda cita para recibir psicoterapia.<\/td>\n<\/tr>\n<tr>\n<td style=\"background-color: #e2e1e6; color: black;\">Permite Solicitar Cita<\/td>\n<td>En l\u00ednea No. Solo presencial \u00f3 v\u00eda telef\u00f3nica<\/td>\n<\/tr>\n<\/tbody>\n<\/table>\n<p><b>REQUISITOS<\/b><\/p>\n<table>\n<tbody>\n<tr>\n<td style=\"width: 25%; background-color: #e2e1e6; color: black;\">1.- Nombre del documento:<\/td>\n<td>Solicitud Formato Libre<\/td>\n<\/tr>\n<tr>\n<td>Originales<\/td>\n<td>1&nbsp;<\/td>\n<\/tr>\n<tr>\n<td>Copias<\/td>\n<td>N\/A<\/td>\n<\/tr>\n<tr>\n<td>Detalles<\/td>\n<td>Se da el servicio de Atenci\u00f3n Psicol\u00f3gica a todo el ciudadano que tenga un familiar desaparecido, y solicite terapia.<\/td>\n<\/tr>\n<tr>\n<td>Condici\u00f3n para realizar el tr\u00e1mite<\/td>\n<td>La \u00fanica condici\u00f3n es solicitar la atenci\u00f3n Psicol\u00f3gica y ser victima indirecta de Desaparici\u00f3n Forzada.<\/td>\n<\/tr>\n<\/tbody>\n<\/table>\n<p><b>COSTOS<\/b><\/p>\n<table>\n<tbody>\n<tr>\n<td style=\"width: 25%; background-color: #e2e1e6; color: black;\">Costo:<\/td>\n<td>$ 0.00<\/td>\n<\/tr>\n<tr>\n<td style=\"width: 25%; background-color: #e2e1e6;\">Fundamento Jur\u00eddico del Cobro:<\/td>\n<td>N\/A<\/td>\n<\/tr>\n<tr>\n<td style=\"width: 25%; background-color: #e2e1e6; color: black;\">Ordenamiento cobro del tr\u00e1mite:<\/td>\n<td>N\/A<\/td>\n<\/tr>\n<tr>\n<td style=\"width: 25%; background-color: #e2e1e6;\">Observaciones:<\/td>\n<td>\n<p>Es un servicio completamente gratuito.<\/p>\n<p>El Servicio de Atenci\u00f3n Psicol\u00f3gica se ofrece a los familiares de Victimas de Desaparici\u00f3n Forzada. (esposas, padres, hijos, hermanos).<\/p>\n<\/td>\n<\/tr>\n<\/tbody>\n<\/table>\n<p>DOCUMENTOS A OBTENER PRODUCTO DEL TR\u00c1MITE<\/p>\n<table>\n<tbody>\n<tr>\n<td style=\"width: 25%; background-color: #e2e1e6; color: black;\">Documentos a obtener como producto de tr\u00e1mite:<\/td>\n<td>N\/A<\/td>\n<\/tr>\n<\/tbody>\n<\/table>\n<h6><b>OFICINAS DE ATENCI\u00d3N<\/b><\/h6>\n<table>\n<tbody>\n<tr>\n<td style=\"width: 25%; background-color: #e2e1e6; color: black;\">Secretar\u00eda:<\/td>\n<td>N\/A<\/td>\n<\/tr>\n<tr>\n<td style=\"width: 25%; background-color: #e2e1e6; color: black;\">Direcci\u00f3n:<\/td>\n<td>Marcial Ordo\u00f1ez #71&nbsp;<\/td>\n<\/tr>\n<tr>\n<td style=\"width: 25%; background-color: #e2e1e6; color: black;\">Oficina de atenci\u00f3n:<\/td>\n<td>Oficina de B\u00fasqueda de personas desaparecidas<\/td>\n<\/tr>\n<\/tbody>\n<\/table>\n","protected":false},"excerpt":{"rendered":"<p>DATOS GENERALES Sujeto Obligado Jefa de la Oficina de Apoyo a B\u00fasqueda de Personas Desaparecidas Unidad Administrativa Oficina de B\u00fasqueda de Personas Desaparecidas del Municipio de Ahome Oficina de Atenci\u00f3n Ahome Nombre del Tr\u00e1mite y\/o Servicio Atenci\u00f3n Psicol\u00f3gica Objetivo (Descripci\u00f3n) Ofrecer servicio psicoterap\u00e9utico gratuito , adaptado a las necesidades de los familiares de victimas de &hellip;<\/p>\n<p class=\"read-more\"> <a class=\"\" href=\"https:\/\/reaktorweb.com\/ahome\/atencion-psicologica\/\"> <span class=\"screen-reader-text\">Atenci\u00f3n Psicol\u00f3gica<\/span> Leer m\u00e1s &raquo;<\/a><\/p>\n","protected":false},"author":1,"featured_media":0,"parent":0,"menu_order":0,"comment_status":"closed","ping_status":"closed","template":"","meta":{"site-sidebar-layout":"default","site-content-layout":"default","ast-main-header-display":"","ast-hfb-above-header-display":"","ast-hfb-below-header-display":"","ast-hfb-mobile-header-display":"","site-post-title":"","ast-breadcrumbs-content":"","ast-featured-img":"","footer-sml-layout":"","theme-transparent-header-meta":"","adv-header-id-meta":"","stick-header-meta":"","header-above-stick-meta":"","header-main-stick-meta":"","header-below-stick-meta":"","spay_email":"","footnotes":""},"class_list":["post-271","page","type-page","status-publish","hentry"],"jetpack_sharing_enabled":true,"jetpack_likes_enabled":false,"_links":{"self":[{"href":"https:\/\/reaktorweb.com\/ahome\/wp-json\/wp\/v2\/pages\/271","targetHints":{"allow":["GET"]}}],"collection":[{"href":"https:\/\/reaktorweb.com\/ahome\/wp-json\/wp\/v2\/pages"}],"about":[{"href":"https:\/\/reaktorweb.com\/ahome\/wp-json\/wp\/v2\/types\/page"}],"author":[{"embeddable":true,"href":"https:\/\/reaktorweb.com\/ahome\/wp-json\/wp\/v2\/users\/1"}],"replies":[{"embeddable":true,"href":"https:\/\/reaktorweb.com\/ahome\/wp-json\/wp\/v2\/comments?post=271"}],"version-history":[{"count":0,"href":"https:\/\/reaktorweb.com\/ahome\/wp-json\/wp\/v2\/pages\/271\/revisions"}],"wp:attachment":[{"href":"https:\/\/reaktorweb.com\/ahome\/wp-json\/wp\/v2\/media?parent=271"}],"curies":[{"name":"wp","href":"https:\/\/api.w.org\/{rel}","templated":true}]}}