{"id":278,"date":"2022-01-20T13:00:53","date_gmt":"2022-01-20T20:00:53","guid":{"rendered":"https:\/\/reaktorweb.com\/ahome\/?page_id=4788"},"modified":"2022-01-20T13:00:53","modified_gmt":"2022-01-20T20:00:53","slug":"becas-ahome","status":"publish","type":"page","link":"https:\/\/reaktorweb.com\/ahome\/becas-ahome\/","title":{"rendered":"Becas Ahome"},"content":{"rendered":"<p><span style=\"color: #9f2241;\"><span style=\"font-size: 18px;\"><b>DATOS GENERALES<\/b><\/span><\/span><\/p>\n<table width=\"727\">\n<tbody>\n<tr>\n<td width=\"233\">Sujeto Obligado<\/td>\n<td width=\"494\">Direcci\u00f3n de Educaci\u00f3n<\/td>\n<\/tr>\n<tr>\n<td width=\"233\">Unidad Administrativa<\/td>\n<td width=\"494\">H. Ayuntamiento de Ahome<\/td>\n<\/tr>\n<tr>\n<td width=\"233\">Oficina de Atenci\u00f3n<\/td>\n<td width=\"494\">Oficina de la Direcci\u00f3n de Educaci\u00f3n<\/td>\n<\/tr>\n<tr>\n<td width=\"233\">Nombre del Tr\u00e1mite y\/o Servicio<\/td>\n<td width=\"494\">Becas Ahome<\/td>\n<\/tr>\n<tr>\n<td width=\"233\">Objetivo (Descripci\u00f3n)<\/td>\n<td width=\"494\">Prevenir el alto \u00edndice de deserci\u00f3n escolar y el consecuente problema social que esto provocar\u00eda.<\/td>\n<\/tr>\n<tr>\n<td width=\"233\">Fundamento Jur\u00eddico del Tr\u00e1mite<\/td>\n<td width=\"494\">Art\u00edculo N\u00b0 42 del Reglamento Interior de la Administraci\u00f3n P\u00fablica Municipal de Ahome. Decreto N\u00b0 13 publicado en el Diario Oficial del Estado de Sinaloa el 28 de junio de 2021.<\/td>\n<\/tr>\n<tr>\n<td width=\"233\">Ordenamiento jur\u00eddico del tr\u00e1mite:<\/td>\n<td width=\"494\">Manual de procedimientos (Documento)<\/td>\n<\/tr>\n<tr>\n<td width=\"233\">Aplica Sanci\u00f3n<\/td>\n<td width=\"494\">No<\/td>\n<\/tr>\n<tr>\n<td width=\"233\">Plazo de Respuesta<\/td>\n<td width=\"494\">30 d\u00edas<\/td>\n<\/tr>\n<tr>\n<td width=\"233\">Permite Solicitar Cita<\/td>\n<td width=\"494\">No<\/td>\n<\/tr>\n<tr>\n<td colspan=\"2\" width=\"727\"><span style=\"color: #9f2241;\"><span style=\"font-size: 18px;\"><b>REQUISITOS<\/b><\/span><\/span><\/td>\n<\/tr>\n<tr>\n<td width=\"233\">Documentos<\/td>\n<td width=\"494\">Acta de nacimiento<\/td>\n<\/tr>\n<tr>\n<td width=\"233\">Originales<\/td>\n<td>1<\/td>\n<\/tr>\n<tr>\n<td width=\"233\">Copias<\/td>\n<td>0<\/td>\n<\/tr>\n<tr>\n<td width=\"233\">Copias certificadas<\/td>\n<td>0<\/td>\n<\/tr>\n<tr>\n<td width=\"233\">Detalles<\/td>\n<td>Del estudiante (formato actual)<\/td>\n<\/tr>\n<tr>\n<td width=\"233\">Condici\u00f3n para realizar el tr\u00e1mite<\/td>\n<td width=\"494\">La beca proceder\u00e1 s\u00f3lo en caso de cumplir con todos los requisitos de la convocatoria y estar\u00e1 sujeta a la disponibilidad del n\u00famero de becas a otorgar y presupuesto asignado al programa.<\/td>\n<\/tr>\n<tr>\n<td colspan=\"2\" width=\"727\"><\/td>\n<\/tr>\n<tr>\n<td width=\"233\">Documentos<\/td>\n<td width=\"494\">Comprobante de domicilio<\/td>\n<\/tr>\n<tr>\n<td width=\"233\">Originales<\/td>\n<td>1<\/td>\n<\/tr>\n<tr>\n<td width=\"233\">Copias<\/td>\n<td>0<\/td>\n<\/tr>\n<tr>\n<td width=\"233\">Copias certificadas<\/td>\n<td>0<\/td>\n<\/tr>\n<tr>\n<td width=\"233\">Detalles<\/td>\n<td width=\"494\">No mayor de 3 meses de expedici\u00f3n<\/td>\n<\/tr>\n<tr>\n<td width=\"233\">Condici\u00f3n para realizar el tr\u00e1mite<\/td>\n<td width=\"494\">Ser residente del Municipio de Ahome<\/td>\n<\/tr>\n<tr>\n<td colspan=\"2\" width=\"727\"><\/td>\n<\/tr>\n<tr>\n<td width=\"233\">Documentos<\/td>\n<td width=\"494\">Identificaci\u00f3n oficial<\/td>\n<\/tr>\n<tr>\n<td width=\"233\">Originales<\/td>\n<td>1<\/td>\n<\/tr>\n<tr>\n<td width=\"233\">Copias<\/td>\n<td>0<\/td>\n<\/tr>\n<tr>\n<td width=\"233\">Copias certificadas<\/td>\n<td>0<\/td>\n<\/tr>\n<tr>\n<td width=\"233\">Detalles<\/td>\n<td width=\"494\">Del estudiante<\/td>\n<\/tr>\n<tr>\n<td width=\"233\">Condici\u00f3n para realizar el tr\u00e1mite<\/td>\n<td width=\"494\">Ser residente del Municipio de Ahome<\/td>\n<\/tr>\n<tr>\n<td colspan=\"2\" width=\"727\"><\/td>\n<\/tr>\n<tr>\n<td width=\"233\">Documentos<\/td>\n<td>Kardex o constancia con promedio<\/td>\n<\/tr>\n<tr>\n<td width=\"233\">Originales<\/td>\n<td>1<\/td>\n<\/tr>\n<tr>\n<td width=\"233\">Copias<\/td>\n<td>0<\/td>\n<\/tr>\n<tr>\n<td width=\"233\">Copias certificadas<\/td>\n<td>0<\/td>\n<\/tr>\n<tr>\n<td width=\"233\">Detalles<\/td>\n<td>con fecha del ultimo semestre cursado<\/td>\n<\/tr>\n<tr>\n<td width=\"233\">Condici\u00f3n para realizar el tr\u00e1mite<\/td>\n<td>Promedio M\u00ednimo de 8.5<\/td>\n<\/tr>\n<tr>\n<td colspan=\"2\" width=\"727\"><span style=\"color: #9f2241;\"><span style=\"font-size: 18px;\"><b>COSTOS<\/b><\/span><\/span><\/td>\n<\/tr>\n<tr>\n<td width=\"233\">Costo<\/td>\n<td width=\"494\">No aplica costo<\/td>\n<\/tr>\n<tr>\n<td width=\"233\">Observaciones<\/td>\n<td width=\"494\">El tramite es totalmente gratuito<\/td>\n<\/tr>\n<tr>\n<td colspan=\"2\" width=\"727\"><span style=\"color: #9f2241;\"><span style=\"font-size: 18px;\"><b>OFICINAS DE ATENCI\u00d3N<\/b><\/span><\/span><\/td>\n<\/tr>\n<tr>\n<td width=\"233\">Secretar\u00eda<\/td>\n<td width=\"494\">Presidencia Municipal<\/td>\n<\/tr>\n<tr>\n<td width=\"233\">Direcci\u00f3n<\/td>\n<td width=\"494\">Direcci\u00f3n de Educaci\u00f3n<\/td>\n<\/tr>\n<tr>\n<td width=\"233\">Oficina de atenci\u00f3n<\/td>\n<td width=\"494\">Direcci\u00f3n de Educaci\u00f3n<\/p>\n<p>Marcial Ordo\u00f1ez # 240 pte<\/p>\n<p>Colonia Bienestar<\/td>\n<\/tr>\n<\/tbody>\n<\/table>\n","protected":false},"excerpt":{"rendered":"<p>DATOS GENERALES Sujeto Obligado Direcci\u00f3n de Educaci\u00f3n Unidad Administrativa H. Ayuntamiento de Ahome Oficina de Atenci\u00f3n Oficina de la Direcci\u00f3n de Educaci\u00f3n Nombre del Tr\u00e1mite y\/o Servicio Becas Ahome Objetivo (Descripci\u00f3n) Prevenir el alto \u00edndice de deserci\u00f3n escolar y el consecuente problema social que esto provocar\u00eda. Fundamento Jur\u00eddico del Tr\u00e1mite Art\u00edculo N\u00b0 42 del Reglamento &hellip;<\/p>\n<p class=\"read-more\"> <a class=\"\" href=\"https:\/\/reaktorweb.com\/ahome\/becas-ahome\/\"> <span class=\"screen-reader-text\">Becas Ahome<\/span> Leer m\u00e1s &raquo;<\/a><\/p>\n","protected":false},"author":1,"featured_media":0,"parent":0,"menu_order":0,"comment_status":"closed","ping_status":"closed","template":"","meta":{"site-sidebar-layout":"default","site-content-layout":"default","ast-main-header-display":"","ast-hfb-above-header-display":"","ast-hfb-below-header-display":"","ast-hfb-mobile-header-display":"","site-post-title":"","ast-breadcrumbs-content":"","ast-featured-img":"","footer-sml-layout":"","theme-transparent-header-meta":"","adv-header-id-meta":"","stick-header-meta":"","header-above-stick-meta":"","header-main-stick-meta":"","header-below-stick-meta":"","spay_email":"","footnotes":""},"class_list":["post-278","page","type-page","status-publish","hentry"],"jetpack_sharing_enabled":true,"jetpack_likes_enabled":false,"_links":{"self":[{"href":"https:\/\/reaktorweb.com\/ahome\/wp-json\/wp\/v2\/pages\/278","targetHints":{"allow":["GET"]}}],"collection":[{"href":"https:\/\/reaktorweb.com\/ahome\/wp-json\/wp\/v2\/pages"}],"about":[{"href":"https:\/\/reaktorweb.com\/ahome\/wp-json\/wp\/v2\/types\/page"}],"author":[{"embeddable":true,"href":"https:\/\/reaktorweb.com\/ahome\/wp-json\/wp\/v2\/users\/1"}],"replies":[{"embeddable":true,"href":"https:\/\/reaktorweb.com\/ahome\/wp-json\/wp\/v2\/comments?post=278"}],"version-history":[{"count":0,"href":"https:\/\/reaktorweb.com\/ahome\/wp-json\/wp\/v2\/pages\/278\/revisions"}],"wp:attachment":[{"href":"https:\/\/reaktorweb.com\/ahome\/wp-json\/wp\/v2\/media?parent=278"}],"curies":[{"name":"wp","href":"https:\/\/api.w.org\/{rel}","templated":true}]}}