{"id":279,"date":"2021-10-31T14:19:58","date_gmt":"2021-10-31T21:19:58","guid":{"rendered":"https:\/\/ahome.gob.mx\/?page_id=895"},"modified":"2021-10-31T14:19:58","modified_gmt":"2021-10-31T21:19:58","slug":"bienvenida","status":"publish","type":"page","link":"https:\/\/reaktorweb.com\/ahome\/bienvenida\/","title":{"rendered":"Bienvenida"},"content":{"rendered":"<p><img decoding=\"async\" width=\"800\" height=\"533\" src=\"https:\/\/ahome.gob.mx\/wp-content\/uploads\/2021\/10\/GVL-Presidente-Ahome-1024x682.jpg\" alt=\"Gerardo Vargas Landeros - Presidente Municipal de Ahome\" loading=\"lazy\" srcset=\"https:\/\/ahome.gob.mx\/wp-content\/uploads\/2021\/10\/GVL-Presidente-Ahome-1024x682.jpg 1024w, https:\/\/ahome.gob.mx\/wp-content\/uploads\/2021\/10\/GVL-Presidente-Ahome-300x200.jpg 300w, https:\/\/ahome.gob.mx\/wp-content\/uploads\/2021\/10\/GVL-Presidente-Ahome-768x512.jpg 768w, https:\/\/ahome.gob.mx\/wp-content\/uploads\/2021\/10\/GVL-Presidente-Ahome.jpg 1280w\" sizes=\"auto, (max-width: 800px) 100vw, 800px\" \/>\t\t\t\t\t\t\t\t\t\t\t\t\t\t\t<\/p>\n<p><b>Ahomenses:<\/b><\/p>\n<p>Gracias a ustedes, la Cuarta Transformaci\u00f3n lleg\u00f3 a Ahome y hoy puedo darles la bienvenida a este portal del H. Ayuntamiento de Ahome.<\/p>\n<p>Este, ser\u00e1 una de las v\u00edas de comunicaci\u00f3n directa y permanente que\u00a0quiero mantener a lo largo de \u00e9ste gobierno municipal y una herramienta\u00a0para informarles puntualmente sobre las actividades, decisiones,\u00a0programas, tr\u00e1mites y servicios que su gobierno municipal de Ahome\u00a0estar\u00e1 realizando.<\/p>\n<p>Este ser\u00e1 tambi\u00e9n un canal para la participaci\u00f3n ciudadana efectiva porque entiendo que es el pueblo el que manda y que tenemos que\u00a0pasar de una democracia solamente electoral a una real y cotidiana.\u00a0<\/p>\n<p>El reto es claro, construir un Ahome de Bienestar para todas las familias y aqu\u00ed podr\u00e1n dar seguimiento puntual a lo que unidos, sociedad y gobierno, iremos construyendo para colocarnos como uno de los\u00a0mejores lugares para vivir, trabajar, estudiar, emprender, invertir y\u00a0visitar.<\/p>\n<p style=\"font-variant-ligatures: normal; font-variant-caps: normal; font-family: Arial, sans-serif; font-size: 16px; font-style: normal; font-weight: 400; text-align: center;\">\u00a1Bienvenidos!<\/p>\n<p style=\"font-variant-ligatures: normal; font-variant-caps: normal; font-family: Arial, sans-serif; font-size: 16px; font-style: normal; font-weight: 400; text-align: center;\">Atentamente,<\/p>\n<p style=\"font-variant-ligatures: normal; font-variant-caps: normal; font-family: Arial, sans-serif; font-size: 16px; font-style: normal; font-weight: 400; text-align: center;\"><strong style=\"font-size: 16px;\">C. Gerardo Octavio Vargas Landeros<\/strong><\/p>\n<p style=\"font-variant-ligatures: normal; font-variant-caps: normal; font-family: Arial, sans-serif; font-size: 16px; font-style: normal; font-weight: 400; text-align: center;\">Presidente Constitucional del Municipio de Ahome 2021 &#8211; 2024<\/p>\n","protected":false},"excerpt":{"rendered":"<p>Ahomenses: Gracias a ustedes, la Cuarta Transformaci\u00f3n lleg\u00f3 a Ahome y hoy puedo darles la bienvenida a este portal del H. Ayuntamiento de Ahome. Este, ser\u00e1 una de las v\u00edas de comunicaci\u00f3n directa y permanente que\u00a0quiero mantener a lo largo de \u00e9ste gobierno municipal y una herramienta\u00a0para informarles puntualmente sobre las actividades, decisiones,\u00a0programas, tr\u00e1mites y &hellip;<\/p>\n<p class=\"read-more\"> <a class=\"\" href=\"https:\/\/reaktorweb.com\/ahome\/bienvenida\/\"> <span class=\"screen-reader-text\">Bienvenida<\/span> Leer m\u00e1s &raquo;<\/a><\/p>\n","protected":false},"author":1,"featured_media":0,"parent":0,"menu_order":0,"comment_status":"closed","ping_status":"closed","template":"","meta":{"site-sidebar-layout":"default","site-content-layout":"default","ast-main-header-display":"","ast-hfb-above-header-display":"","ast-hfb-below-header-display":"","ast-hfb-mobile-header-display":"","site-post-title":"","ast-breadcrumbs-content":"","ast-featured-img":"","footer-sml-layout":"","theme-transparent-header-meta":"","adv-header-id-meta":"","stick-header-meta":"","header-above-stick-meta":"","header-main-stick-meta":"","header-below-stick-meta":"","spay_email":"","footnotes":""},"class_list":["post-279","page","type-page","status-publish","hentry"],"jetpack_sharing_enabled":true,"jetpack_likes_enabled":false,"_links":{"self":[{"href":"https:\/\/reaktorweb.com\/ahome\/wp-json\/wp\/v2\/pages\/279","targetHints":{"allow":["GET"]}}],"collection":[{"href":"https:\/\/reaktorweb.com\/ahome\/wp-json\/wp\/v2\/pages"}],"about":[{"href":"https:\/\/reaktorweb.com\/ahome\/wp-json\/wp\/v2\/types\/page"}],"author":[{"embeddable":true,"href":"https:\/\/reaktorweb.com\/ahome\/wp-json\/wp\/v2\/users\/1"}],"replies":[{"embeddable":true,"href":"https:\/\/reaktorweb.com\/ahome\/wp-json\/wp\/v2\/comments?post=279"}],"version-history":[{"count":0,"href":"https:\/\/reaktorweb.com\/ahome\/wp-json\/wp\/v2\/pages\/279\/revisions"}],"wp:attachment":[{"href":"https:\/\/reaktorweb.com\/ahome\/wp-json\/wp\/v2\/media?parent=279"}],"curies":[{"name":"wp","href":"https:\/\/api.w.org\/{rel}","templated":true}]}}