{"id":283,"date":"2022-01-05T16:35:40","date_gmt":"2022-01-05T23:35:40","guid":{"rendered":"https:\/\/reaktorweb.com\/ahome\/?page_id=3887"},"modified":"2022-01-05T16:35:40","modified_gmt":"2022-01-05T23:35:40","slug":"cambio-de-nombre-en-la-facturacion-domestico-comercial-e-industrial","status":"publish","type":"page","link":"https:\/\/reaktorweb.com\/ahome\/cambio-de-nombre-en-la-facturacion-domestico-comercial-e-industrial\/","title":{"rendered":"Cambio de Nombre en la facturaci\u00f3n domestico, comercial e industrial"},"content":{"rendered":"<span style=\"color: #9f2241;\"><span style=\"font-size: 18px;\"><b>DATOS GENERALES<\/b><\/span><\/span>\n<table style=\"font-size: 16px; color: var( --e-global-color-text );\">\n<tbody>\n<tr>\n<td style=\"background-color: #e2e1e6;\"><span style=\"color: #000000;\">Sujeto Obligado<\/span><\/td>\n<td>Gerencia General de la Junta de Agua Potable y Alcantarillado del Municipio de Ahome (JAPAMA)<\/td>\n<\/tr>\n<tr>\n<td style=\"background-color: #e2e1e6; color: black;\">Unidad Administrativa<\/td>\n<td>Junta de Agua Potable y Alcantarillado del Municipio de Ahome<\/td>\n<\/tr>\n<tr>\n<td style=\"background-color: #e2e1e6; color: black;\">Oficina de Atenci\u00f3n<\/td>\n<td>Contratos<\/td>\n<\/tr>\n<tr>\n<td style=\"background-color: #e2e1e6; color: black;\">Nombre del Tr\u00e1mite y\/o Servicio<\/td>\n<td>Cambio de Nombre en la facturaci\u00f3n domestico, comercial e industrial<\/td>\n<\/tr>\n<tr>\n<td style=\"background-color: #e2e1e6; color: black;\">Objetivo (Descripci\u00f3n)<\/td>\n<td>Deber\u00e1n realizar el cambio de nombre cuando haya cambio de propietario o poseedor del predio; o bien, cuando as\u00ed requieran a sus intereses (En caso de arrendamiento y para efectos fiscales).<\/td>\n<\/tr>\n<tr>\n<td style=\"background-color: #e2e1e6;\"><span style=\"color: #000000;\">Fundamento Jur\u00eddico del Tr\u00e1mite<\/span><\/td>\n<td>Art\u00edculo 40 de la Ley de Agua Potable y Alcantarillado del Estado de Sinaloa.<\/td>\n<\/tr>\n<tr>\n<td style=\"background-color: #e2e1e6; color: black;\">Ordenamiento jur\u00eddico del tr\u00e1mite:<\/td>\n<td><a href=\"https:\/\/drive.google.com\/file\/d\/1Hyklb2JoXFFX7kqk54Vs6WOQO7ygJ7vb\/view\" target=\"_blank\" rel=\"noopener\">Enlace<\/a><\/td>\n<\/tr>\n<tr>\n<td style=\"background-color: #e2e1e6; color: black;\">Aplica Sanci\u00f3n<\/td>\n<td>No<\/td>\n<\/tr>\n<tr>\n<td style=\"background-color: #e2e1e6; color: black;\">Plazo de Respuesta<\/td>\n<td>Inmediato<\/td>\n<\/tr>\n<tr>\n<td style=\"background-color: #e2e1e6; color: black;\">Permite Solicitar Cita<\/td>\n<td>No<\/td>\n<\/tr>\n<\/tbody>\n<\/table>\n<span style=\"color: #9f2241;\"><span style=\"font-size: 18px;\"><b>REQUISITOS<\/b><\/span><\/span>\n\n<!--AGREGAR REQUISITOS-->\n<table>\n<tbody><!--(AGREGAR REQUISITOS)-->\n<tr>\n<td style=\"width: 25%; background-color: #e2e1e6; color: black;\">1.- Nombre del documento:<\/td>\n<td>Escritura original inscrita ante RPPyC; en caso de predio ubicado en zona rural, deber\u00e1 proporcionar de Carta de Posesi\u00f3n vigente, emitida por el Comisariado Ejidal; Contrato de compraventa notariado o carta de asignaci\u00f3n de vivienda (carta de la constructora).<\/td>\n<\/tr>\n<tr>\n<td>Originales<\/td>\n<td>1<\/td>\n<\/tr>\n<tr>\n<td>Copias<\/td>\n<td>1<\/td>\n<\/tr>\n<tr>\n<td>Detalles<\/td>\n<td>Documento con el que acredita la propiedad o posesi\u00f3n del predio.<\/td>\n<\/tr>\n<tr>\n<td>Condici\u00f3n para realizar el tr\u00e1mite<\/td>\n<td>Se solicita previamente en ventanilla presentando el recibo de consumo o n\u00famero de usuario.<\/td>\n<\/tr>\n<tr>\n<td style=\"width: 25%; background-color: #e2e1e6; color: black;\">2.- Nombre del documento:<\/td>\n<td>En caso de arrendamiento, contrato de arrendamiento y carta de anuencia expedida por el propietario o arrendador, copia de escritura, acta constitutiva y poder notarial.<\/td>\n<\/tr>\n<tr>\n<td>Originales<\/td>\n<td>1<\/td>\n<\/tr>\n<tr>\n<td>Copias<\/td>\n<td>1<\/td>\n<\/tr>\n<tr>\n<td>Detalles<\/td>\n<td>En caso de requerir Comprobante Fiscal Digital, deber\u00e1 anexar Constancia de Situaci\u00f3n Fiscal expedida por el SAT (reciente) y proporcionar un correo electr\u00f3nico activo.<\/td>\n<\/tr>\n<tr>\n<td>Condici\u00f3n para realizar el tr\u00e1mite<\/td>\n<td>Deber\u00e1 proporcionar fotocopia de Identificaci\u00f3n oficial vigente del arrendador<\/td>\n<\/tr>\n<tr>\n<td style=\"width: 25%; background-color: #e2e1e6; color: black;\">3.- Nombre del documento:<\/td>\n<td>Clave \u00danica de Registro de Poblaci\u00f3n (Constancia CURP).<\/td>\n<\/tr>\n<tr>\n<td>Originales<\/td>\n<td>1<\/td>\n<\/tr>\n<tr>\n<td>Copias<\/td>\n<td>N\/A<\/td>\n<\/tr>\n<tr>\n<td>Detalles<\/td>\n<td>No hay detalles<\/td>\n<\/tr>\n<tr>\n<td>Condici\u00f3n para realizar el tr\u00e1mite<\/td>\n<td>Impresi\u00f3n reciente<\/td>\n<\/tr>\n<tr>\n<td style=\"width: 25%; background-color: #e2e1e6; color: black;\">4.- Nombre del documento:<\/td>\n<td>Identificaci\u00f3n oficial. (Arrendatario y arrendador).<\/td>\n<\/tr>\n<tr>\n<td>Originales<\/td>\n<td>1<\/td>\n<\/tr>\n<tr>\n<td>Copias<\/td>\n<td>1<\/td>\n<\/tr>\n<tr>\n<td>Detalles<\/td>\n<td>INE, Licencia de conducir o pasaporte.<\/td>\n<\/tr>\n<tr>\n<td>Condici\u00f3n para realizar el tr\u00e1mite<\/td>\n<td>Identificaci\u00f3n vigente<\/td>\n<\/tr>\n<tr>\n<td style=\"width: 25%; background-color: #e2e1e6; color: black;\">5.- Nombre del documento:<\/td>\n<td>Asignaci\u00f3n de N\u00famero Oficial, expedido por la Direcci\u00f3n de Medio Ambiente y Desarrollo Urbano.<\/td>\n<\/tr>\n<tr>\n<td>Originales<\/td>\n<td>1<\/td>\n<\/tr>\n<tr>\n<td>Copias<\/td>\n<td>1<\/td>\n<\/tr>\n<tr>\n<td>Detalles<\/td>\n<td>Es requisito cuando el n\u00famero del predio no venga se\u00f1alada en los documentos con los que acredita la propiedad o posesi\u00f3n.<\/td>\n<\/tr>\n<tr>\n<td>Condici\u00f3n para realizar el tr\u00e1mite<\/td>\n<td>No hay condicionantes<\/td>\n<\/tr>\n<tr>\n<td style=\"width: 25%; background-color: #e2e1e6; color: black;\">5.- Nombre del documento:<\/td>\n<td>\u00daltimo comprobante de pago.<\/td>\n<\/tr>\n<tr>\n<td>Originales<\/td>\n<td>1<\/td>\n<\/tr>\n<tr>\n<td>Copias<\/td>\n<td>N\/A<\/td>\n<\/tr>\n<tr>\n<td>Detalles<\/td>\n<td>El usuario deber\u00e1 proporcionar sus datos ya sea nombre, direcci\u00f3n, su n\u00famero de usuario.<\/td>\n<\/tr>\n<tr>\n<td>Condici\u00f3n para realizar el tr\u00e1mite<\/td>\n<td>No presentar adeudo al momento de realizar la solicitud.<\/td>\n<\/tr>\n<\/tbody>\n<\/table>\n<table>\n<tbody>\n<tr>\n<td style=\"width: 25%; background-color: #e2e1e6; color: black;\"><\/td>\n<\/tr>\n<\/tbody>\n<\/table>\n<span style=\"color: #9f2241;\"><span style=\"font-size: 18px;\"><b>COSTOS<\/b><\/span><\/span>\n<table>\n<tbody>\n<tr>\n<td style=\"width: 25%; background-color: #e2e1e6; color: black;\">Costo:<\/td>\n<td>S\u00ed<\/td>\n<\/tr>\n<tr>\n<td style=\"width: 25%; background-color: #e2e1e6;\"><span style=\"color: #000000;\">Fundamento Jur\u00eddico del Cobro:<\/span><\/td>\n<td>De toda manifestaci\u00f3n de apertura, traspaso, traslado o clausura de giros o establecimientos obligados a abastecerse de agua potable as\u00ed como hacer uso del sistema de alcantarillado, el usuario deber\u00e1 dar aviso a la Junta correspondiente dentro de los diez d\u00edas siguientes a la fecha de realizados los tr\u00e1mites citados, proporcionando copia de la documentaci\u00f3n respectiva.<\/td>\n<\/tr>\n<tr>\n<td style=\"width: 25%; background-color: #e2e1e6; color: black;\">Ordenamiento cobro del tr\u00e1mite:<\/td>\n<td><a href=\"https:\/\/drive.google.com\/file\/d\/1Hyklb2JoXFFX7kqk54Vs6WOQO7ygJ7vb\/view\">Enlace<\/a><\/td>\n<\/tr>\n<tr>\n<td style=\"width: 25%; background-color: #e2e1e6;\"><span style=\"color: #000000;\">Observaciones:<\/span><\/td>\n<td>Usuario tarifa dom\u00e9stica $100.00,\n\nUsuario tarifa comercial $250.00 y\n\nUsuario tarifa Industrial $300.00<\/td>\n<\/tr>\n<\/tbody>\n<\/table>\n<span style=\"font-weight: bold; color: #9f2241; font-family: Roboto, sans-serif; font-size: 18px; font-style: normal; font-variant-ligatures: normal; font-variant-caps: normal;\">DOCUMENTOS A OBTENER PRODUCTO DEL TR\u00c1MITE<\/span>\n<table>\n<tbody>\n<tr>\n<td style=\"width: 25%; background-color: #e2e1e6; color: black;\">Documentos a obtener como producto de tr\u00e1mite:<\/td>\n<td>Comprobante de pago, Recibo de servicio a partir de la siguiente facturaci\u00f3n y CFDI con datos actualizados en caso de requerirlo.<\/td>\n<\/tr>\n<\/tbody>\n<\/table>\n<h6><b>OFICINAS DE ATENCI\u00d3N<\/b><\/h6>\n<table>\n<tbody>\n<tr>\n<td style=\"width: 25%; background-color: #e2e1e6; color: black;\">Dependencia:<\/td>\n<td>Junta de Agua Potable y Alcantarillado del Municipio de Ahome<\/td>\n<\/tr>\n<tr>\n<td style=\"width: 25%; background-color: #e2e1e6; color: black;\">Direcci\u00f3n:<\/td>\n<td>\u00c1ngel Flores esq. con Aquiles Serd\u00e1n S\/N, Colonia Centro, Los Mochis, Sinaloa. C.P. 81200<\/td>\n<\/tr>\n<tr>\n<td style=\"width: 25%; background-color: #e2e1e6; color: black;\">Oficina de atenci\u00f3n:<\/td>\n<td>Contratos<\/td>\n<\/tr>\n<\/tbody>\n<\/table>\n<!-- \/wp:post-content -->","protected":false},"excerpt":{"rendered":"<p>DATOS GENERALES Sujeto Obligado Gerencia General de la Junta de Agua Potable y Alcantarillado del Municipio de Ahome (JAPAMA) Unidad Administrativa Junta de Agua Potable y Alcantarillado del Municipio de Ahome Oficina de Atenci\u00f3n Contratos Nombre del Tr\u00e1mite y\/o Servicio Cambio de Nombre en la facturaci\u00f3n domestico, comercial e industrial Objetivo (Descripci\u00f3n) Deber\u00e1n realizar el &hellip;<\/p>\n<p class=\"read-more\"> <a class=\"\" href=\"https:\/\/reaktorweb.com\/ahome\/cambio-de-nombre-en-la-facturacion-domestico-comercial-e-industrial\/\"> <span class=\"screen-reader-text\">Cambio de Nombre en la facturaci\u00f3n domestico, comercial e industrial<\/span> Leer m\u00e1s &raquo;<\/a><\/p>\n","protected":false},"author":1,"featured_media":0,"parent":0,"menu_order":0,"comment_status":"closed","ping_status":"closed","template":"","meta":{"site-sidebar-layout":"default","site-content-layout":"default","ast-main-header-display":"","ast-hfb-above-header-display":"","ast-hfb-below-header-display":"","ast-hfb-mobile-header-display":"","site-post-title":"","ast-breadcrumbs-content":"","ast-featured-img":"","footer-sml-layout":"","theme-transparent-header-meta":"","adv-header-id-meta":"","stick-header-meta":"","header-above-stick-meta":"","header-main-stick-meta":"","header-below-stick-meta":"","spay_email":"","footnotes":""},"class_list":["post-283","page","type-page","status-publish","hentry"],"jetpack_sharing_enabled":true,"jetpack_likes_enabled":false,"_links":{"self":[{"href":"https:\/\/reaktorweb.com\/ahome\/wp-json\/wp\/v2\/pages\/283","targetHints":{"allow":["GET"]}}],"collection":[{"href":"https:\/\/reaktorweb.com\/ahome\/wp-json\/wp\/v2\/pages"}],"about":[{"href":"https:\/\/reaktorweb.com\/ahome\/wp-json\/wp\/v2\/types\/page"}],"author":[{"embeddable":true,"href":"https:\/\/reaktorweb.com\/ahome\/wp-json\/wp\/v2\/users\/1"}],"replies":[{"embeddable":true,"href":"https:\/\/reaktorweb.com\/ahome\/wp-json\/wp\/v2\/comments?post=283"}],"version-history":[{"count":0,"href":"https:\/\/reaktorweb.com\/ahome\/wp-json\/wp\/v2\/pages\/283\/revisions"}],"wp:attachment":[{"href":"https:\/\/reaktorweb.com\/ahome\/wp-json\/wp\/v2\/media?parent=283"}],"curies":[{"name":"wp","href":"https:\/\/api.w.org\/{rel}","templated":true}]}}