{"id":284,"date":"2022-01-27T16:02:16","date_gmt":"2022-01-27T23:02:16","guid":{"rendered":"https:\/\/reaktorweb.com\/ahome\/?page_id=5648"},"modified":"2022-01-27T16:02:16","modified_gmt":"2022-01-27T23:02:16","slug":"carrera-de-caballos","status":"publish","type":"page","link":"https:\/\/reaktorweb.com\/ahome\/carrera-de-caballos\/","title":{"rendered":"Carrera de Caballos"},"content":{"rendered":"<p><span style=\"color: #9f2241;\"><span style=\"font-size: 18px;\"><b>DATOS GENERALES<\/b><\/span><\/span><\/p>\n<table width=\"727\">\n<tbody>\n<tr>\n<td width=\"233\">Unidad Administrativa<\/td>\n<td width=\"494\">Direcci\u00f3n de Inspecci\u00f3n y Normatividad<\/td>\n<\/tr>\n<tr>\n<td width=\"233\">Oficina de Atenci\u00f3n<\/td>\n<td width=\"494\">Direcci\u00f3n de Inspecci\u00f3n y Normatividad<\/td>\n<\/tr>\n<tr>\n<td width=\"233\">Nombre del Tr\u00e1mite y\/o Servicio<\/td>\n<td width=\"494\">Carrera de Caballos<\/td>\n<\/tr>\n<tr>\n<td width=\"233\">Objetivo (Descripci\u00f3n)<\/td>\n<td width=\"494\">Permiso que se expide por parte del H. Ayuntamiento de Ahome para que se puedan efectuar las carrera de caballos<\/td>\n<\/tr>\n<tr>\n<td width=\"233\">Fundamento Jur\u00eddico del Tr\u00e1mite<\/td>\n<td width=\"494\">Reglamento de espect\u00e1culos y diversiones p\u00fablicas del municipio de Ahome<\/td>\n<\/tr>\n<tr>\n<td width=\"233\">Ordenamiento jur\u00eddico del tr\u00e1mite:<\/td>\n<td width=\"494\">Art. 8 , 107 y 108<\/td>\n<\/tr>\n<tr>\n<td width=\"233\">Aplica Sanci\u00f3n<\/td>\n<td width=\"494\">si<\/td>\n<\/tr>\n<tr>\n<td width=\"233\">Plazo de Respuesta<\/td>\n<td width=\"494\">5 d\u00edas<\/td>\n<\/tr>\n<tr>\n<td width=\"233\">Permite Solicitar Cita<\/td>\n<td width=\"494\">No<\/td>\n<\/tr>\n<tr>\n<td colspan=\"2\" width=\"727\"><span style=\"color: #9f2241;\"><span style=\"font-size: 18px;\"><b>REQUISITOS<\/b><\/span><\/span><\/td>\n<\/tr>\n<tr>\n<td width=\"233\">Documentos<\/td>\n<td width=\"494\">Solicitud dirigida al director<\/td>\n<\/tr>\n<tr>\n<td width=\"233\">Originales<\/td>\n<td width=\"494\">1<\/td>\n<\/tr>\n<tr>\n<td width=\"233\">detalles<\/td>\n<td width=\"494\">5 d\u00edas h\u00e1biles antes de iniciar<\/td>\n<\/tr>\n<tr>\n<td width=\"233\">Documentos<\/td>\n<td width=\"494\">Permiso de secretaria de gobernaci\u00f3n<\/td>\n<\/tr>\n<tr>\n<td width=\"233\">Originales<\/td>\n<td width=\"494\">1<\/td>\n<\/tr>\n<tr>\n<td width=\"233\">Documentos<\/td>\n<td width=\"494\">Dictamen de protecci\u00f3n civil<\/td>\n<\/tr>\n<tr>\n<td width=\"233\">Originales<\/td>\n<td width=\"494\">1<\/td>\n<\/tr>\n<tr>\n<td width=\"233\">detalles<\/td>\n<td width=\"494\">Cumplimiento de las normas y medidas de seguridad<\/td>\n<\/tr>\n<tr>\n<td width=\"233\">Documentos<\/td>\n<td width=\"494\">Permiso Municipal<\/td>\n<\/tr>\n<tr>\n<td width=\"233\">copia<\/td>\n<td width=\"494\">1<\/td>\n<\/tr>\n<tr>\n<td width=\"233\">detalles<\/td>\n<td width=\"494\">En el caso de llevarse a cabo en inmuebles destinados a espect\u00e1culo<\/td>\n<\/tr>\n<tr>\n<td width=\"233\">Documentos<\/td>\n<td width=\"494\">Credencial de elector<\/td>\n<\/tr>\n<tr>\n<td width=\"233\">copia<\/td>\n<td width=\"494\">1<\/td>\n<\/tr>\n<tr>\n<td width=\"233\">Documentos<\/td>\n<td width=\"494\">Ubicaci\u00f3n del lugar<\/td>\n<\/tr>\n<tr>\n<td width=\"233\">Originales<\/td>\n<td width=\"494\">1<\/td>\n<\/tr>\n<tr>\n<td width=\"233\">detalles<\/td>\n<td width=\"494\">Donde se llevar\u00e1 a cabo se puede se\u00f1alar en solicitud<\/td>\n<\/tr>\n<tr>\n<td width=\"233\">Documentos<\/td>\n<td width=\"494\">Horarios del evento<\/td>\n<\/tr>\n<tr>\n<td width=\"233\">Originales<\/td>\n<td width=\"494\">1<\/td>\n<\/tr>\n<tr>\n<td width=\"233\">detalles<\/td>\n<td width=\"494\">Se puede se\u00f1alar en solicitud<\/td>\n<\/tr>\n<tr>\n<td width=\"233\">Documentos<\/td>\n<td width=\"494\">Comprobante de pago<\/td>\n<\/tr>\n<tr>\n<td width=\"233\">Originales<\/td>\n<td width=\"494\">1<\/td>\n<\/tr>\n<tr>\n<td width=\"233\">Documentos<\/td>\n<td width=\"494\">Especificar total de boletaje y precios<\/td>\n<\/tr>\n<tr>\n<td width=\"233\">Originales<\/td>\n<td width=\"494\">1<\/td>\n<\/tr>\n<tr>\n<td width=\"233\">Documentos<\/td>\n<td width=\"494\">Presentar total de boletaje para su sellado<\/td>\n<\/tr>\n<tr>\n<td width=\"233\">Originales<\/td>\n<td width=\"494\">1<\/td>\n<\/tr>\n<tr>\n<td width=\"233\">detalles<\/td>\n<td width=\"494\">Total de boletos incluyendo cortes\u00edas, los boletos deber\u00e1n estar foliados progresivamente y fecha del evento<\/td>\n<\/tr>\n<tr>\n<td width=\"233\">Documentos<\/td>\n<td width=\"494\">Constancia que cuente con elementos de seguridad p\u00fablica<\/td>\n<\/tr>\n<tr>\n<td width=\"233\">Originales<\/td>\n<td width=\"494\">1<\/td>\n<\/tr>\n<tr>\n<td width=\"233\">Criterios a resolver<\/td>\n<td width=\"494\">Si se pretende ofrecer a los espectadores servicio de bar y alimentos preparados, y la comercializaci\u00f3n se realizar\u00e1 en materiales desechables no cortantes<\/td>\n<\/tr>\n<tr>\n<td colspan=\"2\" width=\"727\"><span style=\"color: #9f2241;\"><span style=\"font-size: 18px;\"><b>DOCUMENTOS A OBTENER PRODUCTO DEL TR\u00c1MITE<\/b><\/span><\/span><\/td>\n<\/tr>\n<tr>\n<td width=\"233\">Documentos<\/td>\n<td width=\"494\">Permiso para carrera de caballos<\/td>\n<\/tr>\n<tr>\n<td colspan=\"2\" width=\"727\"><span style=\"color: #9f2241;\"><span style=\"font-size: 18px;\"><b>OFICINAS DE ATENCI\u00d3N<\/b><\/span><\/span><\/td>\n<\/tr>\n<tr>\n<td width=\"233\">Direcci\u00f3n<\/td>\n<td width=\"494\">Direcci\u00f3n de Inspecci\u00f3n y Normatividad<\/td>\n<\/tr>\n<tr>\n<td width=\"233\">Oficina de atenci\u00f3n<\/td>\n<td width=\"494\">Av. Santos Degollado y Cuauht\u00e9moc. Colonia Bienestar Lunes a Viernes 08:00 a 16:00 y s\u00e1bados 09:00 a 13:00<\/td>\n<\/tr>\n<\/tbody>\n<\/table>\n","protected":false},"excerpt":{"rendered":"<p>DATOS GENERALES Unidad Administrativa Direcci\u00f3n de Inspecci\u00f3n y Normatividad Oficina de Atenci\u00f3n Direcci\u00f3n de Inspecci\u00f3n y Normatividad Nombre del Tr\u00e1mite y\/o Servicio Carrera de Caballos Objetivo (Descripci\u00f3n) Permiso que se expide por parte del H. Ayuntamiento de Ahome para que se puedan efectuar las carrera de caballos Fundamento Jur\u00eddico del Tr\u00e1mite Reglamento de espect\u00e1culos y &hellip;<\/p>\n<p class=\"read-more\"> <a class=\"\" href=\"https:\/\/reaktorweb.com\/ahome\/carrera-de-caballos\/\"> <span class=\"screen-reader-text\">Carrera de Caballos<\/span> Leer m\u00e1s &raquo;<\/a><\/p>\n","protected":false},"author":1,"featured_media":0,"parent":0,"menu_order":0,"comment_status":"closed","ping_status":"closed","template":"","meta":{"site-sidebar-layout":"default","site-content-layout":"default","ast-main-header-display":"","ast-hfb-above-header-display":"","ast-hfb-below-header-display":"","ast-hfb-mobile-header-display":"","site-post-title":"","ast-breadcrumbs-content":"","ast-featured-img":"","footer-sml-layout":"","theme-transparent-header-meta":"","adv-header-id-meta":"","stick-header-meta":"","header-above-stick-meta":"","header-main-stick-meta":"","header-below-stick-meta":"","spay_email":"","footnotes":""},"class_list":["post-284","page","type-page","status-publish","hentry"],"jetpack_sharing_enabled":true,"jetpack_likes_enabled":false,"_links":{"self":[{"href":"https:\/\/reaktorweb.com\/ahome\/wp-json\/wp\/v2\/pages\/284","targetHints":{"allow":["GET"]}}],"collection":[{"href":"https:\/\/reaktorweb.com\/ahome\/wp-json\/wp\/v2\/pages"}],"about":[{"href":"https:\/\/reaktorweb.com\/ahome\/wp-json\/wp\/v2\/types\/page"}],"author":[{"embeddable":true,"href":"https:\/\/reaktorweb.com\/ahome\/wp-json\/wp\/v2\/users\/1"}],"replies":[{"embeddable":true,"href":"https:\/\/reaktorweb.com\/ahome\/wp-json\/wp\/v2\/comments?post=284"}],"version-history":[{"count":0,"href":"https:\/\/reaktorweb.com\/ahome\/wp-json\/wp\/v2\/pages\/284\/revisions"}],"wp:attachment":[{"href":"https:\/\/reaktorweb.com\/ahome\/wp-json\/wp\/v2\/media?parent=284"}],"curies":[{"name":"wp","href":"https:\/\/api.w.org\/{rel}","templated":true}]}}