{"id":285,"date":"2021-12-20T12:52:43","date_gmt":"2021-12-20T19:52:43","guid":{"rendered":"https:\/\/reaktorweb.com\/ahome\/?page_id=6907"},"modified":"2021-12-20T12:52:43","modified_gmt":"2021-12-20T19:52:43","slug":"carta-al-ciudadano","status":"publish","type":"page","link":"https:\/\/reaktorweb.com\/ahome\/carta-al-ciudadano\/","title":{"rendered":"Carta al Ciudadano"},"content":{"rendered":"<style>\/*! elementor - v3.5.5 - 03-02-2022 *\/\n.elementor-widget-image-box .elementor-image-box-content{width:100%}@media (min-width:768px){.elementor-widget-image-box.elementor-position-left .elementor-image-box-wrapper,.elementor-widget-image-box.elementor-position-right .elementor-image-box-wrapper{display:-webkit-box;display:-ms-flexbox;display:flex}.elementor-widget-image-box.elementor-position-right .elementor-image-box-wrapper{text-align:right;-webkit-box-orient:horizontal;-webkit-box-direction:reverse;-ms-flex-direction:row-reverse;flex-direction:row-reverse}.elementor-widget-image-box.elementor-position-left .elementor-image-box-wrapper{text-align:left;-webkit-box-orient:horizontal;-webkit-box-direction:normal;-ms-flex-direction:row;flex-direction:row}.elementor-widget-image-box.elementor-position-top .elementor-image-box-img{margin:auto}.elementor-widget-image-box.elementor-vertical-align-top .elementor-image-box-wrapper{-webkit-box-align:start;-ms-flex-align:start;align-items:flex-start}.elementor-widget-image-box.elementor-vertical-align-middle .elementor-image-box-wrapper{-webkit-box-align:center;-ms-flex-align:center;align-items:center}.elementor-widget-image-box.elementor-vertical-align-bottom .elementor-image-box-wrapper{-webkit-box-align:end;-ms-flex-align:end;align-items:flex-end}}@media (max-width:767px){.elementor-widget-image-box .elementor-image-box-img{margin-left:auto!important;margin-right:auto!important;margin-bottom:15px}}.elementor-widget-image-box .elementor-image-box-img{display:inline-block}.elementor-widget-image-box .elementor-image-box-title a{color:inherit}.elementor-widget-image-box .elementor-image-box-wrapper{text-align:center}.elementor-widget-image-box .elementor-image-box-description{margin:0}<\/style>\n<figure><img decoding=\"async\" width=\"225\" height=\"225\" src=\"https:\/\/reaktorweb.com\/ahome\/wp-content\/uploads\/2022\/03\/Carta-al-ciudadanoo-2.jpg\" alt=\"\" loading=\"lazy\" \/><\/figure>\n<h6>Carta<\/h6>\n<p>.<\/p>\n<style>\/*! elementor - v3.5.5 - 03-02-2022 *\/\n.elementor-widget.elementor-icon-list--layout-inline .elementor-widget-container{overflow:hidden}.elementor-widget .elementor-icon-list-items.elementor-inline-items{margin-right:-8px;margin-left:-8px}.elementor-widget .elementor-icon-list-items.elementor-inline-items .elementor-icon-list-item{margin-right:8px;margin-left:8px}.elementor-widget .elementor-icon-list-items.elementor-inline-items .elementor-icon-list-item:after{width:auto;left:auto;right:auto;position:relative;height:100%;border-top:0;border-bottom:0;border-right:0;border-left-width:1px;border-style:solid;right:-8px}.elementor-widget .elementor-icon-list-items{list-style-type:none;margin:0;padding:0}.elementor-widget .elementor-icon-list-item{margin:0;padding:0;position:relative}.elementor-widget .elementor-icon-list-item:after{position:absolute;bottom:0;width:100%}.elementor-widget .elementor-icon-list-item,.elementor-widget .elementor-icon-list-item a{display:-webkit-box;display:-ms-flexbox;display:flex;-webkit-box-align:center;-ms-flex-align:center;align-items:center;font-size:inherit}.elementor-widget .elementor-icon-list-icon+.elementor-icon-list-text{-ms-flex-item-align:center;align-self:center;padding-left:5px}.elementor-widget .elementor-icon-list-icon{display:-webkit-box;display:-ms-flexbox;display:flex}.elementor-widget .elementor-icon-list-icon svg{width:var(--e-icon-list-icon-size,1em);height:var(--e-icon-list-icon-size,1em)}.elementor-widget .elementor-icon-list-icon i{width:1.25em;font-size:var(--e-icon-list-icon-size)}.elementor-widget.elementor-widget-icon-list .elementor-icon-list-icon{text-align:var(--e-icon-list-icon-align)}.elementor-widget.elementor-widget-icon-list .elementor-icon-list-icon svg{margin:var(--e-icon-list-icon-margin,0 calc(var(--e-icon-list-icon-size, 1em) * .25) 0 0)}.elementor-widget.elementor-list-item-link-full_width a{width:100%}.elementor-widget.elementor-align-center .elementor-icon-list-item,.elementor-widget.elementor-align-center .elementor-icon-list-item a{-webkit-box-pack:center;-ms-flex-pack:center;justify-content:center}.elementor-widget.elementor-align-center .elementor-icon-list-item:after{margin:auto}.elementor-widget.elementor-align-center .elementor-inline-items{-webkit-box-pack:center;-ms-flex-pack:center;justify-content:center}.elementor-widget.elementor-align-left .elementor-icon-list-item,.elementor-widget.elementor-align-left .elementor-icon-list-item a{-webkit-box-pack:start;-ms-flex-pack:start;justify-content:flex-start;text-align:left}.elementor-widget.elementor-align-left .elementor-inline-items{-webkit-box-pack:start;-ms-flex-pack:start;justify-content:flex-start}.elementor-widget.elementor-align-right .elementor-icon-list-item,.elementor-widget.elementor-align-right .elementor-icon-list-item a{-webkit-box-pack:end;-ms-flex-pack:end;justify-content:flex-end;text-align:right}.elementor-widget.elementor-align-right .elementor-icon-list-items{-webkit-box-pack:end;-ms-flex-pack:end;justify-content:flex-end}.elementor-widget:not(.elementor-align-right) .elementor-icon-list-item:after{left:0}.elementor-widget:not(.elementor-align-left) .elementor-icon-list-item:after{right:0}@media (max-width:1024px){.elementor-widget.elementor-tablet-align-center .elementor-icon-list-item,.elementor-widget.elementor-tablet-align-center .elementor-icon-list-item a,.elementor-widget.elementor-tablet-align-center .elementor-icon-list-items{-webkit-box-pack:center;-ms-flex-pack:center;justify-content:center}.elementor-widget.elementor-tablet-align-center .elementor-icon-list-item:after{margin:auto}.elementor-widget.elementor-tablet-align-left .elementor-icon-list-items{-webkit-box-pack:start;-ms-flex-pack:start;justify-content:flex-start}.elementor-widget.elementor-tablet-align-left .elementor-icon-list-item,.elementor-widget.elementor-tablet-align-left .elementor-icon-list-item a{-webkit-box-pack:start;-ms-flex-pack:start;justify-content:flex-start;text-align:left}.elementor-widget.elementor-tablet-align-right .elementor-icon-list-items{-webkit-box-pack:end;-ms-flex-pack:end;justify-content:flex-end}.elementor-widget.elementor-tablet-align-right .elementor-icon-list-item,.elementor-widget.elementor-tablet-align-right .elementor-icon-list-item a{-webkit-box-pack:end;-ms-flex-pack:end;justify-content:flex-end;text-align:right}.elementor-widget:not(.elementor-tablet-align-right) .elementor-icon-list-item:after{left:0}.elementor-widget:not(.elementor-tablet-align-left) .elementor-icon-list-item:after{right:0}}@media (max-width:767px){.elementor-widget.elementor-mobile-align-center .elementor-icon-list-item,.elementor-widget.elementor-mobile-align-center .elementor-icon-list-item a,.elementor-widget.elementor-mobile-align-center .elementor-icon-list-items{-webkit-box-pack:center;-ms-flex-pack:center;justify-content:center}.elementor-widget.elementor-mobile-align-center .elementor-icon-list-item:after{margin:auto}.elementor-widget.elementor-mobile-align-left .elementor-icon-list-items{-webkit-box-pack:start;-ms-flex-pack:start;justify-content:flex-start}.elementor-widget.elementor-mobile-align-left .elementor-icon-list-item,.elementor-widget.elementor-mobile-align-left .elementor-icon-list-item a{-webkit-box-pack:start;-ms-flex-pack:start;justify-content:flex-start;text-align:left}.elementor-widget.elementor-mobile-align-right .elementor-icon-list-items{-webkit-box-pack:end;-ms-flex-pack:end;justify-content:flex-end}.elementor-widget.elementor-mobile-align-right .elementor-icon-list-item,.elementor-widget.elementor-mobile-align-right .elementor-icon-list-item a{-webkit-box-pack:end;-ms-flex-pack:end;justify-content:flex-end;text-align:right}.elementor-widget:not(.elementor-mobile-align-right) .elementor-icon-list-item:after{left:0}.elementor-widget:not(.elementor-mobile-align-left) .elementor-icon-list-item:after{right:0}}<\/style>\n<ul>\n<li>\n\t\t\t\t\t\t\t\t\t\t\t<a href=\"https:\/\/reaktorweb.com\/ahome\/wp-content\/uploads\/2022\/02\/carta-compromiso-al-ciudadano_SRE.pdf\"><br \/>\n\t\t\t\t\t\t\t\t\t\tUnidad de Asuntos Internacionales y Enlace  con la Secretaria de Relaciones Exteriores<br \/>\n\t\t\t\t\t\t\t\t\t\t\t<\/a>\n\t\t\t\t\t\t\t\t\t<\/li>\n<li>\n\t\t\t\t\t\t\t\t\t\t\t<a href=\"https:\/\/reaktorweb.com\/ahome\/wp-content\/uploads\/2022\/02\/proteccion-civil.pdf\"><br \/>\n\t\t\t\t\t\t\t\t\t\tDepartamento de Protecci\u00f3n Civil y Bomberos<br \/>\n\t\t\t\t\t\t\t\t\t\t\t<\/a>\n\t\t\t\t\t\t\t\t\t<\/li>\n<li>\n\t\t\t\t\t\t\t\t\t\t\t<a href=\"https:\/\/reaktorweb.com\/ahome\/wp-content\/uploads\/2022\/03\/Direccion-de-Ingresos.pdf\"><br \/>\n\t\t\t\t\t\t\t\t\t\tDirecci\u00f3n de Ingresos<br \/>\n\t\t\t\t\t\t\t\t\t\t\t<\/a>\n\t\t\t\t\t\t\t\t\t<\/li>\n<\/ul>\n<figure><img decoding=\"async\" width=\"225\" height=\"225\" src=\"https:\/\/reaktorweb.com\/ahome\/wp-content\/uploads\/2022\/03\/Carta-al-ciudadanoo-2.jpg\" alt=\"\" loading=\"lazy\" \/><\/figure>\n<h6>Carta<\/h6>\n<p>.<\/p>\n<ul>\n<li>\n\t\t\t\t\t\t\t\t\t\t\t<a href=\"https:\/\/reaktorweb.com\/ahome\/wp-content\/uploads\/2022\/02\/OIC.pdf\"><br \/>\n\t\t\t\t\t\t\t\t\t\tOrgano Interno de Control<br \/>\n\t\t\t\t\t\t\t\t\t\t\t<\/a>\n\t\t\t\t\t\t\t\t\t<\/li>\n<li>\n\t\t\t\t\t\t\t\t\t\t\t<a href=\"https:\/\/reaktorweb.com\/ahome\/wp-content\/uploads\/2022\/03\/CARTA-COMPROMISO-AL-CIUDADANO-JAPAMA.pdf\"><br \/>\n\t\t\t\t\t\t\t\t\t\tJunta de Agua Potable y Alcantarillado del Municipio de Ahome<br \/>\n\t\t\t\t\t\t\t\t\t\t\t<\/a>\n\t\t\t\t\t\t\t\t\t<\/li>\n<li>\n\t\t\t\t\t\t\t\t\t\t\t<a href=\"https:\/\/reaktorweb.com\/ahome\/wp-content\/uploads\/2022\/03\/CARTA-COMPROMISO-CIUDADANO_IMAC.pdf\"><br \/>\n\t\t\t\t\t\t\t\t\t\tInstituto Municipal de Arte y Cultura<br \/>\n\t\t\t\t\t\t\t\t\t\t\t<\/a>\n\t\t\t\t\t\t\t\t\t<\/li>\n<\/ul>\n<figure><img decoding=\"async\" width=\"225\" height=\"225\" src=\"https:\/\/reaktorweb.com\/ahome\/wp-content\/uploads\/2022\/03\/Carta-al-ciudadanoo-2.jpg\" alt=\"\" loading=\"lazy\" \/><\/figure>\n<h6>Carta<\/h6>\n<p>.<\/p>\n<ul>\n<li>\n\t\t\t\t\t\t\t\t\t\t\t<a href=\"https:\/\/reaktorweb.com\/ahome\/wp-content\/uploads\/2022\/03\/Servicios-Publicos.pdf\"><br \/>\n\t\t\t\t\t\t\t\t\t\tDirecci\u00f3n de Servicios P\u00fablicos<br \/>\n\t\t\t\t\t\t\t\t\t\t\t<\/a>\n\t\t\t\t\t\t\t\t\t<\/li>\n<li>\n\t\t\t\t\t\t\t\t\t\t\t<a href=\"https:\/\/reaktorweb.com\/ahome\/wp-content\/uploads\/2022\/03\/Carta-al-Ciudadano-Obras-Publicas.pdf\"><br \/>\n\t\t\t\t\t\t\t\t\t\tSecretario de Obras P\u00fablicas, Urbanismo y Ecolog\u00eda<br \/>\n\t\t\t\t\t\t\t\t\t\t\t<\/a>\n\t\t\t\t\t\t\t\t\t<\/li>\n<li>\n\t\t\t\t\t\t\t\t\t\t\t<a href=\"https:\/\/reaktorweb.com\/ahome\/wp-content\/uploads\/2022\/03\/COMUN-1.pdf\"><br \/>\n\t\t\t\t\t\t\t\t\t\tCOMUN<br \/>\n\t\t\t\t\t\t\t\t\t\t\t<\/a>\n\t\t\t\t\t\t\t\t\t<\/li>\n<\/ul>\n<figure><img decoding=\"async\" width=\"225\" height=\"225\" src=\"https:\/\/reaktorweb.com\/ahome\/wp-content\/uploads\/2022\/03\/Carta-al-ciudadanoo-2.jpg\" alt=\"\" loading=\"lazy\" \/><\/figure>\n<h6>Carta<\/h6>\n<p>.<\/p>\n<ul>\n<li>\n\t\t\t\t\t\t\t\t\t\t\t<a href=\"https:\/\/reaktorweb.com\/ahome\/wp-content\/uploads\/2022\/03\/Carta-al-Ciudadano-DIF.pdf\"><br \/>\n\t\t\t\t\t\t\t\t\t\tDIF (Desarrollo Integral de las Familias)<br \/>\n\t\t\t\t\t\t\t\t\t\t\t<\/a>\n\t\t\t\t\t\t\t\t\t<\/li>\n<li>\n\t\t\t\t\t\t\t\t\t\t\t<a href=\"https:\/\/reaktorweb.com\/ahome\/wp-content\/uploads\/2022\/03\/IMJU.pdf\"><br \/>\n\t\t\t\t\t\t\t\t\t\tInstituto Municipal de la Juventud<br \/>\n\t\t\t\t\t\t\t\t\t\t\t<\/a>\n\t\t\t\t\t\t\t\t\t<\/li>\n<li>\n\t\t\t\t\t\t\t\t\t\t\t<a href=\"https:\/\/reaktorweb.com\/ahome\/wp-content\/uploads\/2022\/03\/Apoyo-y-Busqueda-de-Personas-Desaparecidas.pdf\"><br \/>\n\t\t\t\t\t\t\t\t\t\tOficina de Apoyo y B\u00fasqueda de Personas Desaparecidas<br \/>\n\t\t\t\t\t\t\t\t\t\t\t<\/a>\n\t\t\t\t\t\t\t\t\t<\/li>\n<\/ul>\n<figure><img decoding=\"async\" width=\"225\" height=\"225\" src=\"https:\/\/reaktorweb.com\/ahome\/wp-content\/uploads\/2022\/03\/Carta-al-ciudadanoo-2.jpg\" alt=\"\" loading=\"lazy\" \/><\/figure>\n<h6>Carta<\/h6>\n<p>.<\/p>\n<ul>\n<li>\n\t\t\t\t\t\t\t\t\t\t\t<a href=\"https:\/\/reaktorweb.com\/ahome\/wp-content\/uploads\/2022\/03\/Salud-Municipal.pdf\"><br \/>\n\t\t\t\t\t\t\t\t\t\tDirecci\u00f3n de Salud Municipal<br \/>\n\t\t\t\t\t\t\t\t\t\t\t<\/a>\n\t\t\t\t\t\t\t\t\t<\/li>\n<li>\n\t\t\t\t\t\t\t\t\t\t\t<a href=\"https:\/\/reaktorweb.com\/ahome\/wp-content\/uploads\/2022\/03\/Secretaria-Bienestar-social.pdf\"><br \/>\n\t\t\t\t\t\t\t\t\t\tSecretar\u00eda de Bienestar<br \/>\n\t\t\t\t\t\t\t\t\t\t\t<\/a>\n\t\t\t\t\t\t\t\t\t<\/li>\n<li>\n\t\t\t\t\t\t\t\t\t\t\t<a href=\"https:\/\/reaktorweb.com\/ahome\/wp-content\/uploads\/2022\/03\/Direccion-de-Educacion-2.pdf\"><br \/>\n\t\t\t\t\t\t\t\t\t\tDirecci\u00f3n de Educaci\u00f3n<br \/>\n\t\t\t\t\t\t\t\t\t\t\t<\/a>\n\t\t\t\t\t\t\t\t\t<\/li>\n<\/ul>\n<figure><img decoding=\"async\" width=\"225\" height=\"225\" src=\"https:\/\/reaktorweb.com\/ahome\/wp-content\/uploads\/2022\/03\/Carta-al-ciudadanoo-2.jpg\" alt=\"\" loading=\"lazy\" \/><\/figure>\n<h6>Carta<\/h6>\n<p>.<\/p>\n<ul>\n<li>\n\t\t\t\t\t\t\t\t\t\t\t<a href=\"https:\/\/reaktorweb.com\/ahome\/wp-content\/uploads\/2022\/03\/Secretaria-de-las-Mujeres.pdf\"><br \/>\n\t\t\t\t\t\t\t\t\t\tSecretaria de las Mujeres<br \/>\n\t\t\t\t\t\t\t\t\t\t\t<\/a>\n\t\t\t\t\t\t\t\t\t<\/li>\n<li>\n\t\t\t\t\t\t\t\t\t\t\t<a href=\"https:\/\/reaktorweb.com\/ahome\/wp-content\/uploads\/2022\/03\/Transparencia.pdf\"><br \/>\n\t\t\t\t\t\t\t\t\t\tUnidad de Transparencia<br \/>\n\t\t\t\t\t\t\t\t\t\t\t<\/a>\n\t\t\t\t\t\t\t\t\t<\/li>\n<li>\n\t\t\t\t\t\t\t\t\t\t\t<a href=\"https:\/\/reaktorweb.com\/ahome\/wp-content\/uploads\/2022\/03\/Inspeccion-y-Normatividad.pdf\"><br \/>\n\t\t\t\t\t\t\t\t\t\tDirecci\u00f3n de Inspecci\u00f3n y Normatividad<br \/>\n\t\t\t\t\t\t\t\t\t\t\t<\/a>\n\t\t\t\t\t\t\t\t\t<\/li>\n<\/ul>\n<figure><img decoding=\"async\" width=\"225\" height=\"225\" src=\"https:\/\/reaktorweb.com\/ahome\/wp-content\/uploads\/2022\/03\/Carta-al-ciudadanoo-2.jpg\" alt=\"\" loading=\"lazy\" \/><\/figure>\n<h6>Carta<\/h6>\n<p>.<\/p>\n<ul>\n<li>\n\t\t\t\t\t\t\t\t\t\t\t<a href=\"https:\/\/reaktorweb.com\/ahome\/wp-content\/uploads\/2022\/03\/Secretaria-de-Desarrollo-Economico.pdf\"><br \/>\n\t\t\t\t\t\t\t\t\t\tSecretaria de Desarrollo Econ\u00f3mico<br \/>\n\t\t\t\t\t\t\t\t\t\t\t<\/a>\n\t\t\t\t\t\t\t\t\t<\/li>\n<li>\n\t\t\t\t\t\t\t\t\t\t\t<a href=\"https:\/\/reaktorweb.com\/ahome\/wp-content\/uploads\/2022\/03\/Promocion-de-inversiones.pdf\"><br \/>\n\t\t\t\t\t\t\t\t\t\tDirecci\u00f3n de promoci\u00f3n e inversiones<br \/>\n\t\t\t\t\t\t\t\t\t\t\t<\/a>\n\t\t\t\t\t\t\t\t\t<\/li>\n<li>\n\t\t\t\t\t\t\t\t\t\t\t<a href=\"https:\/\/reaktorweb.com\/ahome\/wp-content\/uploads\/2022\/03\/IMDA-1.pdf\"><br \/>\n\t\t\t\t\t\t\t\t\t\tInstituto Municipal de Deporte Ahome<br \/>\n\t\t\t\t\t\t\t\t\t\t\t<\/a>\n\t\t\t\t\t\t\t\t\t<\/li>\n<\/ul>\n<figure><img decoding=\"async\" width=\"225\" height=\"225\" src=\"https:\/\/reaktorweb.com\/ahome\/wp-content\/uploads\/2022\/03\/Carta-al-ciudadanoo-2.jpg\" alt=\"\" loading=\"lazy\" \/><\/figure>\n<h6>Carta<\/h6>\n<p>.<\/p>\n<ul>\n<li>\n\t\t\t\t\t\t\t\t\t\t\t<a href=\"https:\/\/reaktorweb.com\/ahome\/wp-content\/uploads\/2022\/03\/IPAMA.pdf\"><br \/>\n\t\t\t\t\t\t\t\t\t\tInstituto para la Prevenci\u00f3n de las Adicciones<br \/>\n\t\t\t\t\t\t\t\t\t\t\t<\/a>\n\t\t\t\t\t\t\t\t\t<\/li>\n<li>\n\t\t\t\t\t\t\t\t\t\t\t<a href=\"https:\/\/reaktorweb.com\/ahome\/wp-content\/uploads\/2022\/03\/Pueblos-Indigenas.pdf\"><br \/>\n\t\t\t\t\t\t\t\t\t\tDirecci\u00f3n de Pueblos Ind\u00edgenas<br \/>\n\t\t\t\t\t\t\t\t\t\t\t<\/a>\n\t\t\t\t\t\t\t\t\t<\/li>\n<li>\n\t\t\t\t\t\t\t\t\t\t\t<a href=\"https:\/\/reaktorweb.com\/ahome\/wp-content\/uploads\/2022\/03\/Transito-1.pdf\"><br \/>\n\t\t\t\t\t\t\t\t\t\tPolic\u00eda de Transito<br \/>\n\t\t\t\t\t\t\t\t\t\t\t<\/a>\n\t\t\t\t\t\t\t\t\t<\/li>\n<\/ul>\n<figure><img decoding=\"async\" width=\"225\" height=\"225\" src=\"https:\/\/reaktorweb.com\/ahome\/wp-content\/uploads\/2022\/03\/Carta-al-ciudadanoo-2.jpg\" alt=\"\" loading=\"lazy\" \/><\/figure>\n<h6>Carta<\/h6>\n<p>.<\/p>\n<ul>\n<li>\n\t\t\t\t\t\t\t\t\t\t\t<a href=\"https:\/\/reaktorweb.com\/ahome\/wp-content\/uploads\/2022\/03\/Atencion-y-Participacion.pdf\"><br \/>\n\t\t\t\t\t\t\t\t\t\tAtenci\u00f3n y Participaci\u00f3n<br \/>\n\t\t\t\t\t\t\t\t\t\t\t<\/a>\n\t\t\t\t\t\t\t\t\t<\/li>\n<\/ul>\n","protected":false},"excerpt":{"rendered":"<p>Carta . Unidad de Asuntos Internacionales y Enlace con la Secretaria de Relaciones Exteriores Departamento de Protecci\u00f3n Civil y Bomberos Direcci\u00f3n de Ingresos Carta . Organo Interno de Control Junta de Agua Potable y Alcantarillado del Municipio de Ahome Instituto Municipal de Arte y Cultura Carta . Direcci\u00f3n de Servicios P\u00fablicos Secretario de Obras P\u00fablicas, &hellip;<\/p>\n<p class=\"read-more\"> <a class=\"\" href=\"https:\/\/reaktorweb.com\/ahome\/carta-al-ciudadano\/\"> <span class=\"screen-reader-text\">Carta al Ciudadano<\/span> Leer m\u00e1s &raquo;<\/a><\/p>\n","protected":false},"author":1,"featured_media":0,"parent":0,"menu_order":0,"comment_status":"closed","ping_status":"closed","template":"","meta":{"site-sidebar-layout":"default","site-content-layout":"default","ast-main-header-display":"","ast-hfb-above-header-display":"","ast-hfb-below-header-display":"","ast-hfb-mobile-header-display":"","site-post-title":"","ast-breadcrumbs-content":"","ast-featured-img":"","footer-sml-layout":"","theme-transparent-header-meta":"","adv-header-id-meta":"","stick-header-meta":"","header-above-stick-meta":"","header-main-stick-meta":"","header-below-stick-meta":"","spay_email":"","footnotes":""},"class_list":["post-285","page","type-page","status-publish","hentry"],"jetpack_sharing_enabled":true,"jetpack_likes_enabled":false,"_links":{"self":[{"href":"https:\/\/reaktorweb.com\/ahome\/wp-json\/wp\/v2\/pages\/285","targetHints":{"allow":["GET"]}}],"collection":[{"href":"https:\/\/reaktorweb.com\/ahome\/wp-json\/wp\/v2\/pages"}],"about":[{"href":"https:\/\/reaktorweb.com\/ahome\/wp-json\/wp\/v2\/types\/page"}],"author":[{"embeddable":true,"href":"https:\/\/reaktorweb.com\/ahome\/wp-json\/wp\/v2\/users\/1"}],"replies":[{"embeddable":true,"href":"https:\/\/reaktorweb.com\/ahome\/wp-json\/wp\/v2\/comments?post=285"}],"version-history":[{"count":0,"href":"https:\/\/reaktorweb.com\/ahome\/wp-json\/wp\/v2\/pages\/285\/revisions"}],"wp:attachment":[{"href":"https:\/\/reaktorweb.com\/ahome\/wp-json\/wp\/v2\/media?parent=285"}],"curies":[{"name":"wp","href":"https:\/\/api.w.org\/{rel}","templated":true}]}}