{"id":290,"date":"2022-01-07T16:09:18","date_gmt":"2022-01-07T23:09:18","guid":{"rendered":"https:\/\/reaktorweb.com\/ahome\/?page_id=4130"},"modified":"2022-01-07T16:09:18","modified_gmt":"2022-01-07T23:09:18","slug":"carta-de-liberacion-para-beneficiarios-de-toma-de-agua-domiciliaria","status":"publish","type":"page","link":"https:\/\/reaktorweb.com\/ahome\/carta-de-liberacion-para-beneficiarios-de-toma-de-agua-domiciliaria\/","title":{"rendered":"Carta de liberaci\u00f3n para beneficiarios de toma de Agua Domiciliaria"},"content":{"rendered":"<table style=\"font-size: 16px; color: var( --e-global-color-text );\">\n<tbody>\n<tr>\n<td style=\"background-color: #e2e1e6;\">\n<table width=\"874\">\n<tbody>\n<tr>\n<td colspan=\"2\" width=\"874\">DATOS GENERALES<\/td>\n<\/tr>\n<tr>\n<td width=\"233\">Sujeto Obligado<\/td>\n<td width=\"641\">Secretar\u00eda de Bienestar del Municipio de Ahome<\/td>\n<\/tr>\n<tr>\n<td width=\"233\">Unidad Administrativa<\/td>\n<td width=\"641\">Secretar\u00eda de Bienestar del Municipio de Ahome<\/td>\n<\/tr>\n<tr>\n<td width=\"233\">Oficina de Atenci\u00f3n<\/td>\n<td width=\"641\">Secretar\u00eda de Bienestar del Municipio de Ahome<\/td>\n<\/tr>\n<tr>\n<td width=\"233\">Nombre del Tr\u00e1mite y\/o Servicio<\/td>\n<td width=\"641\">\u00a0Carta de liberaci\u00f3n para beneficiarios de toma de Agua Domiciliaria<\/td>\n<\/tr>\n<tr>\n<td width=\"233\">Objetivo (Descripci\u00f3n)<\/td>\n<td width=\"641\">Facilitar a la ciudadan\u00eda la carta de liberaci\u00f3n para beneficiarios de toma domiciliaria dentro de vivienda o terreno para presentar ante la\u00a0 Junta de Agua Potable y Alcantarillado del Municipio de Ahome para el tr\u00e1mite correspondiente.<\/td>\n<\/tr>\n<tr>\n<td width=\"233\">Fundamento Jur\u00eddico del Tr\u00e1mite<\/td>\n<td width=\"641\">T\u00cdTULO SEGUNDO &#8220;OPERACI\u00d3N DEL FAIS&#8221; Art\u00edculo 2.2.1. Rubros generales del FAIS. Fracci\u00f3n VII. Mejoramiento de vivienda<\/td>\n<\/tr>\n<tr>\n<td width=\"233\">Ordenamiento jur\u00eddico del tr\u00e1mite:<\/td>\n<td width=\"641\">ACUERDO por el que se emiten los Lineamientos del Fondo de Aportaciones para la Infraestructura Social. DIARIO OFICIAL DE LA FEDERACI\u00d3N. LINEAMIENTOS DEL FONDO DE APORTACIONES PARA LA INFRAESTRUCTURA SOCIAL.<\/td>\n<\/tr>\n<tr>\n<td width=\"233\">Aplica Sanci\u00f3n<\/td>\n<td width=\"641\">No existe<\/td>\n<\/tr>\n<tr>\n<td width=\"233\">Plazo de Respuesta<\/td>\n<td width=\"641\">No existe<\/td>\n<\/tr>\n<tr>\n<td width=\"233\">Permite Solicitar Cita<\/td>\n<td width=\"641\">No existe<\/td>\n<\/tr>\n<tr>\n<td colspan=\"2\" width=\"874\">REQUISITOS<\/td>\n<\/tr>\n<tr>\n<td width=\"233\">Documentos<\/td>\n<td width=\"641\">Identificaci\u00f3n oficial<\/td>\n<\/tr>\n<tr>\n<td width=\"233\">Originales<\/td>\n<td><\/td>\n<\/tr>\n<tr>\n<td width=\"233\">Copias<\/td>\n<td width=\"641\">1<\/td>\n<\/tr>\n<tr>\n<td colspan=\"2\" width=\"874\">COSTOS<\/td>\n<\/tr>\n<tr>\n<td width=\"233\">Costo<\/td>\n<td width=\"641\">Tramite Gratuito<\/td>\n<\/tr>\n<tr>\n<td colspan=\"2\" width=\"874\">DOCUMENTOS A OBTENER PRODUCTO DEL TR\u00c1MITE<\/td>\n<\/tr>\n<tr>\n<td width=\"233\">Documentos<\/td>\n<td width=\"641\">Carta de liberaci\u00f3n para beneficiarios de obra de tomas de agua<\/td>\n<\/tr>\n<tr>\n<td colspan=\"2\" width=\"874\">OFICINAS DE ATENCI\u00d3N<\/td>\n<\/tr>\n<tr>\n<td width=\"233\">Secretar\u00eda<\/td>\n<td width=\"641\">Secretar\u00eda de Bienestar del Municipio de Ahome<\/td>\n<\/tr>\n<tr>\n<td width=\"233\">Direcci\u00f3n<\/td>\n<td width=\"641\">Direcci\u00f3n de Bienestar Social<\/td>\n<\/tr>\n<tr>\n<td width=\"233\">Oficina de atenci\u00f3n<\/td>\n<td width=\"641\">Secretar\u00eda de Bienestar del Municipio de Ahome<\/td>\n<\/tr>\n<tr>\n<td colspan=\"2\" width=\"874\">CRITERIOS DE APLICACI\u00d3N<\/td>\n<\/tr>\n<tr>\n<td width=\"233\">Sector<\/td>\n<td width=\"641\">Servicios<\/td>\n<\/tr>\n<tr>\n<td width=\"233\">Giros que aplican<\/td>\n<td width=\"641\">Servicio<\/td>\n<\/tr>\n<tr>\n<td width=\"233\">Perfil ciudadano:<\/td>\n<td width=\"641\">General<\/td>\n<\/tr>\n<tr>\n<td colspan=\"2\" width=\"874\"><\/td>\n<\/tr>\n<tr>\n<td width=\"233\">Enumerar y detallar los requisitos. En caso que existan requisitos que necesiten alguna firma, validaci\u00f3n, certificaci\u00f3n, autorizaci\u00f3n o visto bueno de un tercero se deber\u00e1 se\u00f1alar la persona o empresa que lo emita.<\/td>\n<td width=\"641\">*Requiere firma de Secretario (a) de Bienestar.<\/td>\n<\/tr>\n<\/tbody>\n<\/table>\n<\/td>\n<td><\/td>\n<\/tr>\n<tr>\n<td style=\"background-color: #e2e1e6; color: black;\"><\/td>\n<td><\/td>\n<\/tr>\n<tr>\n<td style=\"background-color: #e2e1e6; color: black;\"><\/td>\n<td><\/td>\n<\/tr>\n<tr>\n<td style=\"background-color: #e2e1e6; color: black;\"><\/td>\n<td><\/td>\n<\/tr>\n<tr>\n<td style=\"background-color: #e2e1e6; color: black;\"><\/td>\n<td><\/td>\n<\/tr>\n<tr>\n<td style=\"background-color: #e2e1e6;\"><\/td>\n<td><\/td>\n<\/tr>\n<tr>\n<td style=\"background-color: #e2e1e6; color: black;\"><\/td>\n<td><\/td>\n<\/tr>\n<tr>\n<td style=\"background-color: #e2e1e6; color: black;\"><\/td>\n<td><\/td>\n<\/tr>\n<tr>\n<td style=\"background-color: #e2e1e6; color: black;\"><\/td>\n<td><\/td>\n<\/tr>\n<\/tbody>\n<\/table>\n<h6><\/h6>\n","protected":false},"excerpt":{"rendered":"<p>DATOS GENERALES Sujeto Obligado Secretar\u00eda de Bienestar del Municipio de Ahome Unidad Administrativa Secretar\u00eda de Bienestar del Municipio de Ahome Oficina de Atenci\u00f3n Secretar\u00eda de Bienestar del Municipio de Ahome Nombre del Tr\u00e1mite y\/o Servicio \u00a0Carta de liberaci\u00f3n para beneficiarios de toma de Agua Domiciliaria Objetivo (Descripci\u00f3n) Facilitar a la ciudadan\u00eda la carta de liberaci\u00f3n &hellip;<\/p>\n<p class=\"read-more\"> <a class=\"\" href=\"https:\/\/reaktorweb.com\/ahome\/carta-de-liberacion-para-beneficiarios-de-toma-de-agua-domiciliaria\/\"> <span class=\"screen-reader-text\">Carta de liberaci\u00f3n para beneficiarios de toma de Agua Domiciliaria<\/span> Leer m\u00e1s &raquo;<\/a><\/p>\n","protected":false},"author":1,"featured_media":0,"parent":0,"menu_order":0,"comment_status":"closed","ping_status":"closed","template":"","meta":{"site-sidebar-layout":"default","site-content-layout":"default","ast-main-header-display":"","ast-hfb-above-header-display":"","ast-hfb-below-header-display":"","ast-hfb-mobile-header-display":"","site-post-title":"","ast-breadcrumbs-content":"","ast-featured-img":"","footer-sml-layout":"","theme-transparent-header-meta":"","adv-header-id-meta":"","stick-header-meta":"","header-above-stick-meta":"","header-main-stick-meta":"","header-below-stick-meta":"","spay_email":"","footnotes":""},"class_list":["post-290","page","type-page","status-publish","hentry"],"jetpack_sharing_enabled":true,"jetpack_likes_enabled":false,"_links":{"self":[{"href":"https:\/\/reaktorweb.com\/ahome\/wp-json\/wp\/v2\/pages\/290","targetHints":{"allow":["GET"]}}],"collection":[{"href":"https:\/\/reaktorweb.com\/ahome\/wp-json\/wp\/v2\/pages"}],"about":[{"href":"https:\/\/reaktorweb.com\/ahome\/wp-json\/wp\/v2\/types\/page"}],"author":[{"embeddable":true,"href":"https:\/\/reaktorweb.com\/ahome\/wp-json\/wp\/v2\/users\/1"}],"replies":[{"embeddable":true,"href":"https:\/\/reaktorweb.com\/ahome\/wp-json\/wp\/v2\/comments?post=290"}],"version-history":[{"count":0,"href":"https:\/\/reaktorweb.com\/ahome\/wp-json\/wp\/v2\/pages\/290\/revisions"}],"wp:attachment":[{"href":"https:\/\/reaktorweb.com\/ahome\/wp-json\/wp\/v2\/media?parent=290"}],"curies":[{"name":"wp","href":"https:\/\/api.w.org\/{rel}","templated":true}]}}