{"id":294,"date":"2022-01-27T11:22:15","date_gmt":"2022-01-27T18:22:15","guid":{"rendered":"https:\/\/reaktorweb.com\/ahome\/?page_id=5469"},"modified":"2022-01-27T11:22:15","modified_gmt":"2022-01-27T18:22:15","slug":"carta-de-residencia","status":"publish","type":"page","link":"https:\/\/reaktorweb.com\/ahome\/carta-de-residencia\/","title":{"rendered":"Carta de Residencia"},"content":{"rendered":"<p><span style=\"color: #9f2241;\"><span style=\"font-size: 18px;\"><b>DATOS GENERALES<\/b><\/span><\/span><\/p>\n<table width=\"727\">\n<tbody>\n<tr>\n<td width=\"233\">Unidad Administrativa<\/td>\n<td width=\"494\">Direcci\u00f3n de Inspecci\u00f3n y Normatividad<\/td>\n<\/tr>\n<tr>\n<td width=\"233\">Oficina de Atenci\u00f3n<\/td>\n<td width=\"494\">Direcci\u00f3n de Inspecci\u00f3n y Normatividad<\/td>\n<\/tr>\n<tr>\n<td width=\"233\">Nombre del Tr\u00e1mite y\/o Servicio<\/td>\n<td width=\"494\">Carta de Residencia<\/td>\n<\/tr>\n<tr>\n<td width=\"233\">Objetivo (Descripci\u00f3n)<\/td>\n<td width=\"494\">Objetivo similar descrito en su fundamento jur\u00eddico Documento que se expide en la direcci\u00f3n de inspecci\u00f3n y Normatividad para comprobar que el ciudadano reside en el municipio de Ahome<\/td>\n<\/tr>\n<tr>\n<td width=\"233\">Fundamento Jur\u00eddico del Tr\u00e1mite<\/td>\n<td width=\"494\">Reglamento Interior de la Administraci\u00f3n p\u00fablica Municipal de Ahome, Sinaloa<\/td>\n<\/tr>\n<tr>\n<td width=\"233\">Ordenamiento jur\u00eddico del tr\u00e1mite:<\/td>\n<td width=\"494\">116, XIX<\/td>\n<\/tr>\n<tr>\n<td width=\"233\">Aplica Sanci\u00f3n<\/td>\n<td width=\"494\">No aplica<\/td>\n<\/tr>\n<tr>\n<td width=\"233\">Plazo de Respuesta<\/td>\n<td width=\"494\">4 d\u00edas<\/td>\n<\/tr>\n<tr>\n<td width=\"233\">Permite Solicitar Cita<\/td>\n<td width=\"494\">No<\/td>\n<\/tr>\n<tr>\n<td colspan=\"2\" width=\"727\"><span style=\"color: #9f2241;\"><span style=\"font-size: 18px;\"><b>REQUISITOS<\/b><\/span><\/span><\/td>\n<\/tr>\n<tr>\n<td width=\"233\">Documentos<\/td>\n<td width=\"494\">Fotograf\u00edas<\/td>\n<\/tr>\n<tr>\n<td width=\"233\">Originales<\/td>\n<td width=\"494\">2<\/td>\n<\/tr>\n<tr>\n<td width=\"233\">Detalles<\/td>\n<td width=\"494\">tama\u00f1o infantil o credencial, frente despejada sin gorra ni lentes y actualizada<\/td>\n<\/tr>\n<tr>\n<td width=\"233\">Documentos<\/td>\n<td width=\"494\">Identificaci\u00f3n con foto<\/td>\n<\/tr>\n<tr>\n<td width=\"233\">Detalles<\/td>\n<td width=\"494\">Credencial de elector, pasaporte, licencia de manejo, acta de nacimiento<\/td>\n<\/tr>\n<tr>\n<td width=\"233\">Copias<\/td>\n<td width=\"494\">1<\/td>\n<\/tr>\n<tr>\n<td width=\"233\">Documentos<\/td>\n<td width=\"494\">Comprobante de domicilio<\/td>\n<\/tr>\n<tr>\n<td width=\"233\">Copias<\/td>\n<td width=\"494\">1<\/td>\n<\/tr>\n<tr>\n<td width=\"233\">Detalles<\/td>\n<td width=\"494\">Recibo de agua o luz<\/td>\n<\/tr>\n<tr>\n<td width=\"233\">Documentos<\/td>\n<td width=\"494\">CURP<\/td>\n<\/tr>\n<tr>\n<td width=\"233\">Copias<\/td>\n<td width=\"494\">1<\/td>\n<\/tr>\n<tr>\n<td width=\"233\">Criterios a resolver<\/td>\n<td width=\"494\">-En caso de que el comprobante de domicilio no este a nombre del interesado por que esta rentando, traer contrato de arrendamiento y credencial de elector del arrendador.<br \/>\n&#8211; En caso de ser menor de edad identificaci\u00f3n de pap\u00e1 y mam\u00e1<br \/>\n&#8211; En caso de ser mayor de edad y el comprobante de domicilio este a nombre de un familiar, acreditar el parentesco con acta de nacimiento o acta de matrimonio seg\u00fan sea el caso.<br \/>\n&#8211; Los requisitos son a criterio de La Direcci\u00f3n de Inspecci\u00f3n y Normatividad autorizaci\u00f3n<\/td>\n<\/tr>\n<tr>\n<td colspan=\"2\" width=\"727\"><span style=\"color: #9f2241;\"><span style=\"font-size: 18px;\"><b>DOCUMENTOS A OBTENER PRODUCTO DEL TR\u00c1MITE<\/b><\/span><\/span><\/td>\n<\/tr>\n<tr>\n<td width=\"233\">Documentos<\/td>\n<td width=\"494\">Carta de Residencia<\/td>\n<\/tr>\n<tr>\n<td colspan=\"2\" width=\"727\"><span style=\"color: #9f2241;\"><span style=\"font-size: 18px;\"><b>OFICINAS DE ATENCI\u00d3N<\/b><\/span><\/span><\/td>\n<\/tr>\n<tr>\n<td width=\"233\">Secretar\u00eda<\/td>\n<td width=\"494\">Presidencia Municipal<\/td>\n<\/tr>\n<tr>\n<td width=\"233\">Direcci\u00f3n<\/td>\n<td width=\"494\">Direcci\u00f3n de Inspecci\u00f3n y Normatividad<\/td>\n<\/tr>\n<tr>\n<td width=\"233\">Oficina de atenci\u00f3n<\/td>\n<td width=\"494\">Av. Santos Degollado y Cuauht\u00e9moc. Colonia Bienestar Lunes a Viernes 08:00 a 16:00 y s\u00e1bados 09:00 a 13:00<\/td>\n<\/tr>\n<\/tbody>\n<\/table>\n","protected":false},"excerpt":{"rendered":"<p>DATOS GENERALES Unidad Administrativa Direcci\u00f3n de Inspecci\u00f3n y Normatividad Oficina de Atenci\u00f3n Direcci\u00f3n de Inspecci\u00f3n y Normatividad Nombre del Tr\u00e1mite y\/o Servicio Carta de Residencia Objetivo (Descripci\u00f3n) Objetivo similar descrito en su fundamento jur\u00eddico Documento que se expide en la direcci\u00f3n de inspecci\u00f3n y Normatividad para comprobar que el ciudadano reside en el municipio de &hellip;<\/p>\n<p class=\"read-more\"> <a class=\"\" href=\"https:\/\/reaktorweb.com\/ahome\/carta-de-residencia\/\"> <span class=\"screen-reader-text\">Carta de Residencia<\/span> Leer m\u00e1s &raquo;<\/a><\/p>\n","protected":false},"author":1,"featured_media":0,"parent":0,"menu_order":0,"comment_status":"closed","ping_status":"closed","template":"","meta":{"site-sidebar-layout":"default","site-content-layout":"default","ast-main-header-display":"","ast-hfb-above-header-display":"","ast-hfb-below-header-display":"","ast-hfb-mobile-header-display":"","site-post-title":"","ast-breadcrumbs-content":"","ast-featured-img":"","footer-sml-layout":"","theme-transparent-header-meta":"","adv-header-id-meta":"","stick-header-meta":"","header-above-stick-meta":"","header-main-stick-meta":"","header-below-stick-meta":"","spay_email":"","footnotes":""},"class_list":["post-294","page","type-page","status-publish","hentry"],"jetpack_sharing_enabled":true,"jetpack_likes_enabled":false,"_links":{"self":[{"href":"https:\/\/reaktorweb.com\/ahome\/wp-json\/wp\/v2\/pages\/294","targetHints":{"allow":["GET"]}}],"collection":[{"href":"https:\/\/reaktorweb.com\/ahome\/wp-json\/wp\/v2\/pages"}],"about":[{"href":"https:\/\/reaktorweb.com\/ahome\/wp-json\/wp\/v2\/types\/page"}],"author":[{"embeddable":true,"href":"https:\/\/reaktorweb.com\/ahome\/wp-json\/wp\/v2\/users\/1"}],"replies":[{"embeddable":true,"href":"https:\/\/reaktorweb.com\/ahome\/wp-json\/wp\/v2\/comments?post=294"}],"version-history":[{"count":0,"href":"https:\/\/reaktorweb.com\/ahome\/wp-json\/wp\/v2\/pages\/294\/revisions"}],"wp:attachment":[{"href":"https:\/\/reaktorweb.com\/ahome\/wp-json\/wp\/v2\/media?parent=294"}],"curies":[{"name":"wp","href":"https:\/\/api.w.org\/{rel}","templated":true}]}}