{"id":297,"date":"2022-01-20T16:48:09","date_gmt":"2022-01-20T23:48:09","guid":{"rendered":"https:\/\/reaktorweb.com\/ahome\/?page_id=4830"},"modified":"2022-01-20T16:48:09","modified_gmt":"2022-01-20T23:48:09","slug":"colocacion-de-topes-boyas","status":"publish","type":"page","link":"https:\/\/reaktorweb.com\/ahome\/colocacion-de-topes-boyas\/","title":{"rendered":"Colocaci\u00f3n de Topes (Boyas)"},"content":{"rendered":"<p><span style=\"color: #9f2241;\"><span style=\"font-size: 18px;\"><b>DATOS GENERALES<\/b><\/span><\/span><\/p>\n<table width=\"727\">\n<tbody>\n<tr>\n<td width=\"233\">Sujeto Obligado<\/td>\n<td width=\"494\">Secretar\u00eda de Obras P\u00fablicas, Urbanismo y Ecolog\u00eda<\/td>\n<\/tr>\n<tr>\n<td width=\"233\">Unidad Administrativa<\/td>\n<td width=\"494\">Direcci\u00f3n de Obras P\u00fablicas<\/td>\n<\/tr>\n<tr>\n<td width=\"233\">Oficina de Atenci\u00f3n<\/td>\n<td width=\"494\">Subdirecci\u00f3n de Mantenimiento Urbano<\/td>\n<\/tr>\n<tr>\n<td width=\"233\">Nombre del Tr\u00e1mite y\/o Servicio<\/td>\n<td width=\"494\">Colocaci\u00f3n de Topes (Boyas)<\/td>\n<\/tr>\n<tr>\n<td width=\"233\">Objetivo (Descripci\u00f3n)<\/td>\n<td width=\"494\">Mejorar la calidad de la infraestructura f\u00edsica<\/td>\n<\/tr>\n<tr>\n<td width=\"233\">Fundamento Jur\u00eddico del Tr\u00e1mite<\/td>\n<td width=\"494\">Reglamento Interior de la Administraci\u00f3n P\u00fablica Municipal de Ahome, Sinaloa<\/td>\n<\/tr>\n<tr>\n<td width=\"233\">Ordenamiento jur\u00eddico del tr\u00e1mite:<\/td>\n<td width=\"494\"><a href=\"https:\/\/drive.google.com\/file\/d\/1TiE8_t7qegGKYSZrvp3S-Qzf9qmzw3Ht\/view?usp=sharing\">https:\/\/drive.google.com\/file\/d\/1TiE8_t7qegGKYSZrvp3S-Qzf9qmzw3Ht\/view?usp=sharing\u00a0<\/a><\/td>\n<\/tr>\n<tr>\n<td width=\"233\">Plazo de Respuesta<\/td>\n<td width=\"494\">Plazo de respuesta a solicitud recibida (15 d\u00edas) para validaci\u00f3n y posterior respuesta si procede o no solicitud<\/td>\n<\/tr>\n<tr>\n<td colspan=\"2\" width=\"727\"><span style=\"color: #9f2241;\"><span style=\"font-size: 18px;\"><b>REQUISITOS<\/b><\/span><\/span><\/td>\n<\/tr>\n<tr>\n<td width=\"233\">Originales<\/td>\n<td>Solicitud<\/td>\n<\/tr>\n<tr>\n<td width=\"233\">Copias<\/td>\n<td width=\"494\">1 copia de la credencial de elector<\/td>\n<\/tr>\n<tr>\n<td width=\"233\">Copias certificadas<\/td>\n<td width=\"494\">No<\/td>\n<\/tr>\n<tr>\n<td width=\"233\">Detalles<\/td>\n<td width=\"494\">Especificar la direcci\u00f3n d\u00f3nde se requiere el servicio<\/td>\n<\/tr>\n<tr>\n<td colspan=\"2\" width=\"727\"><span style=\"color: #9f2241;\"><span style=\"font-size: 18px;\"><b>COSTOS<\/b><\/span><\/span><\/td>\n<\/tr>\n<tr>\n<td width=\"233\">Sin costo<\/td>\n<td width=\"494\">Sin Costo<\/td>\n<\/tr>\n<tr>\n<td colspan=\"2\" width=\"727\"><span style=\"color: #9f2241;\"><span style=\"font-size: 18px;\"><b>OFICINAS DE ATENCI\u00d3N<\/b><\/span><\/span><\/td>\n<\/tr>\n<tr>\n<td width=\"233\">Secretar\u00eda<\/td>\n<td width=\"494\">Secretar\u00eda de Obras P\u00fablicas, Urbanismo y Ecolog\u00eda<\/td>\n<\/tr>\n<tr>\n<td width=\"233\">Direcci\u00f3n<\/td>\n<td width=\"494\">Direcci\u00f3n de Obras P\u00fablicas<\/td>\n<\/tr>\n<tr>\n<td width=\"233\">Oficina de atenci\u00f3n<\/td>\n<td width=\"494\">Santos Degollado y Cuauht\u00e9moc<\/p>\n<p>Colonia Bienestar<\/p>\n<p>8:00 &#8211; 15:30 hrs<\/td>\n<\/tr>\n<\/tbody>\n<\/table>\n","protected":false},"excerpt":{"rendered":"<p>DATOS GENERALES Sujeto Obligado Secretar\u00eda de Obras P\u00fablicas, Urbanismo y Ecolog\u00eda Unidad Administrativa Direcci\u00f3n de Obras P\u00fablicas Oficina de Atenci\u00f3n Subdirecci\u00f3n de Mantenimiento Urbano Nombre del Tr\u00e1mite y\/o Servicio Colocaci\u00f3n de Topes (Boyas) Objetivo (Descripci\u00f3n) Mejorar la calidad de la infraestructura f\u00edsica Fundamento Jur\u00eddico del Tr\u00e1mite Reglamento Interior de la Administraci\u00f3n P\u00fablica Municipal de Ahome, &hellip;<\/p>\n<p class=\"read-more\"> <a class=\"\" href=\"https:\/\/reaktorweb.com\/ahome\/colocacion-de-topes-boyas\/\"> <span class=\"screen-reader-text\">Colocaci\u00f3n de Topes (Boyas)<\/span> Leer m\u00e1s &raquo;<\/a><\/p>\n","protected":false},"author":1,"featured_media":0,"parent":0,"menu_order":0,"comment_status":"closed","ping_status":"closed","template":"","meta":{"site-sidebar-layout":"default","site-content-layout":"default","ast-main-header-display":"","ast-hfb-above-header-display":"","ast-hfb-below-header-display":"","ast-hfb-mobile-header-display":"","site-post-title":"","ast-breadcrumbs-content":"","ast-featured-img":"","footer-sml-layout":"","theme-transparent-header-meta":"","adv-header-id-meta":"","stick-header-meta":"","header-above-stick-meta":"","header-main-stick-meta":"","header-below-stick-meta":"","spay_email":"","footnotes":""},"class_list":["post-297","page","type-page","status-publish","hentry"],"jetpack_sharing_enabled":true,"jetpack_likes_enabled":false,"_links":{"self":[{"href":"https:\/\/reaktorweb.com\/ahome\/wp-json\/wp\/v2\/pages\/297","targetHints":{"allow":["GET"]}}],"collection":[{"href":"https:\/\/reaktorweb.com\/ahome\/wp-json\/wp\/v2\/pages"}],"about":[{"href":"https:\/\/reaktorweb.com\/ahome\/wp-json\/wp\/v2\/types\/page"}],"author":[{"embeddable":true,"href":"https:\/\/reaktorweb.com\/ahome\/wp-json\/wp\/v2\/users\/1"}],"replies":[{"embeddable":true,"href":"https:\/\/reaktorweb.com\/ahome\/wp-json\/wp\/v2\/comments?post=297"}],"version-history":[{"count":0,"href":"https:\/\/reaktorweb.com\/ahome\/wp-json\/wp\/v2\/pages\/297\/revisions"}],"wp:attachment":[{"href":"https:\/\/reaktorweb.com\/ahome\/wp-json\/wp\/v2\/media?parent=297"}],"curies":[{"name":"wp","href":"https:\/\/api.w.org\/{rel}","templated":true}]}}