{"id":305,"date":"2022-01-24T11:56:55","date_gmt":"2022-01-24T18:56:55","guid":{"rendered":"https:\/\/reaktorweb.com\/ahome\/?page_id=5023"},"modified":"2022-01-24T11:56:55","modified_gmt":"2022-01-24T18:56:55","slug":"control-y-bienestar-animal","status":"publish","type":"page","link":"https:\/\/reaktorweb.com\/ahome\/control-y-bienestar-animal\/","title":{"rendered":"Control y bienestar animal"},"content":{"rendered":"<p><span style=\"color: #9f2241;\"><span style=\"font-size: 18px;\"><b>DATOS GENERALES<\/b><\/span><\/span><\/p>\n<table width=\"669\">\n<tbody>\n<tr>\n<td width=\"233\">Sujeto Obligado<\/td>\n<td width=\"436\">Director de Salud Municipal<\/td>\n<\/tr>\n<tr>\n<td width=\"233\">Unidad Administrativa<\/td>\n<td width=\"436\">Direcci\u00f3n de Salud Municipal.<\/td>\n<\/tr>\n<tr>\n<td width=\"233\">Oficina de Atenci\u00f3n<\/td>\n<td width=\"436\">Centro de control y bienestar animal.<\/td>\n<\/tr>\n<tr>\n<td width=\"233\">Nombre del Tr\u00e1mite y\/o Servicio<\/td>\n<td width=\"436\">Control y bienestar animal.<\/td>\n<\/tr>\n<tr>\n<td width=\"233\">Objetivo (Descripci\u00f3n)<\/td>\n<td width=\"436\">Concientizar a los habitantes del municipio de Ahome sobre la tenencia responsable de mascotas y informar sobre la importancia de los protocolos de vacunaci\u00f3n antirr\u00e1bica, esterilizaci\u00f3n y desparasitaci\u00f3n tanto en caninos como felinos.<\/td>\n<\/tr>\n<tr>\n<td width=\"233\">Fundamento Jur\u00eddico del Tr\u00e1mite<\/td>\n<td width=\"436\">Constituci\u00f3n Pol\u00edtica de los Estados Unidos Mexicanos, Ley de protecci\u00f3n a los animales para el estado de Sinaloa.<\/td>\n<\/tr>\n<tr>\n<td width=\"233\">Plazo de Respuesta<\/td>\n<td width=\"436\">1 d\u00eda<\/td>\n<\/tr>\n<tr>\n<td width=\"233\">Permite Solicitar Cita<\/td>\n<td width=\"436\">N\/A<\/td>\n<\/tr>\n<tr>\n<td colspan=\"2\" width=\"669\"><span style=\"color: #9f2241;\"><span style=\"font-size: 18px;\"><b>REQUISITOS<\/b><\/span><\/span><\/td>\n<\/tr>\n<tr>\n<td width=\"233\">Documentos<\/td>\n<td width=\"436\">Credencial para votar (INE), Comprobante de domicilio.<\/td>\n<\/tr>\n<tr>\n<td width=\"233\">Originales<\/td>\n<td width=\"436\">N\/A<\/td>\n<\/tr>\n<tr>\n<td width=\"233\">Copias<\/td>\n<td width=\"436\">2<\/td>\n<\/tr>\n<tr>\n<td width=\"233\">Copias certificadas<\/td>\n<td width=\"436\">N\/A<\/td>\n<\/tr>\n<tr>\n<td width=\"233\">Detalles<\/td>\n<td width=\"436\">Credencial vigente, Copia comprobante domicilio.<\/td>\n<\/tr>\n<tr>\n<td colspan=\"2\" width=\"669\"><span style=\"color: #9f2241;\"><span style=\"font-size: 18px;\"><b>COSTOS<\/b><\/span><\/span><\/td>\n<\/tr>\n<tr>\n<td width=\"233\">Sin costo<\/td>\n<td width=\"436\">Gratuito<\/td>\n<\/tr>\n<tr>\n<td colspan=\"2\" width=\"669\"><span style=\"color: #9f2241;\"><span style=\"font-size: 18px;\"><b>DOCUMENTOS A OBTENER PRODUCTO DEL TR\u00c1MITE<\/b><\/span><\/span><\/td>\n<\/tr>\n<tr>\n<td width=\"233\">Documentos<\/td>\n<td width=\"436\">Comprobante de vacunaci\u00f3n y llavero.<\/td>\n<\/tr>\n<tr>\n<td colspan=\"2\" width=\"669\"><span style=\"color: #9f2241;\"><span style=\"font-size: 18px;\"><b>OFICINAS DE ATENCI\u00d3N<\/b><\/span><\/span><\/td>\n<\/tr>\n<tr>\n<td width=\"233\">Direcci\u00f3n<\/td>\n<td width=\"436\">Direcci\u00f3n de salud municipal.<\/td>\n<\/tr>\n<tr>\n<td width=\"233\">Oficina de atenci\u00f3n<\/td>\n<td width=\"436\">Calle Baja California Sur #1792<\/p>\n<p>San Francisco<\/p>\n<p>Los Mochis<\/td>\n<\/tr>\n<\/tbody>\n<\/table>\n","protected":false},"excerpt":{"rendered":"<p>DATOS GENERALES Sujeto Obligado Director de Salud Municipal Unidad Administrativa Direcci\u00f3n de Salud Municipal. Oficina de Atenci\u00f3n Centro de control y bienestar animal. Nombre del Tr\u00e1mite y\/o Servicio Control y bienestar animal. Objetivo (Descripci\u00f3n) Concientizar a los habitantes del municipio de Ahome sobre la tenencia responsable de mascotas y informar sobre la importancia de los &hellip;<\/p>\n<p class=\"read-more\"> <a class=\"\" href=\"https:\/\/reaktorweb.com\/ahome\/control-y-bienestar-animal\/\"> <span class=\"screen-reader-text\">Control y bienestar animal<\/span> Leer m\u00e1s &raquo;<\/a><\/p>\n","protected":false},"author":1,"featured_media":0,"parent":0,"menu_order":0,"comment_status":"closed","ping_status":"closed","template":"","meta":{"site-sidebar-layout":"default","site-content-layout":"default","ast-main-header-display":"","ast-hfb-above-header-display":"","ast-hfb-below-header-display":"","ast-hfb-mobile-header-display":"","site-post-title":"","ast-breadcrumbs-content":"","ast-featured-img":"","footer-sml-layout":"","theme-transparent-header-meta":"","adv-header-id-meta":"","stick-header-meta":"","header-above-stick-meta":"","header-main-stick-meta":"","header-below-stick-meta":"","spay_email":"","footnotes":""},"class_list":["post-305","page","type-page","status-publish","hentry"],"jetpack_sharing_enabled":true,"jetpack_likes_enabled":false,"_links":{"self":[{"href":"https:\/\/reaktorweb.com\/ahome\/wp-json\/wp\/v2\/pages\/305","targetHints":{"allow":["GET"]}}],"collection":[{"href":"https:\/\/reaktorweb.com\/ahome\/wp-json\/wp\/v2\/pages"}],"about":[{"href":"https:\/\/reaktorweb.com\/ahome\/wp-json\/wp\/v2\/types\/page"}],"author":[{"embeddable":true,"href":"https:\/\/reaktorweb.com\/ahome\/wp-json\/wp\/v2\/users\/1"}],"replies":[{"embeddable":true,"href":"https:\/\/reaktorweb.com\/ahome\/wp-json\/wp\/v2\/comments?post=305"}],"version-history":[{"count":0,"href":"https:\/\/reaktorweb.com\/ahome\/wp-json\/wp\/v2\/pages\/305\/revisions"}],"wp:attachment":[{"href":"https:\/\/reaktorweb.com\/ahome\/wp-json\/wp\/v2\/media?parent=305"}],"curies":[{"name":"wp","href":"https:\/\/api.w.org\/{rel}","templated":true}]}}