{"id":306,"date":"2022-01-06T16:13:28","date_gmt":"2022-01-06T23:13:28","guid":{"rendered":"https:\/\/reaktorweb.com\/ahome\/?page_id=3949"},"modified":"2022-01-06T16:13:28","modified_gmt":"2022-01-06T23:13:28","slug":"convenio-de-pago","status":"publish","type":"page","link":"https:\/\/reaktorweb.com\/ahome\/convenio-de-pago\/","title":{"rendered":"Convenio de pago"},"content":{"rendered":"<p><b>DATOS GENERALES<\/b><\/p>\n<table style=\"font-size: 16px; color: var( --e-global-color-text );\">\n<tbody>\n<tr>\n<td style=\"background-color: #e2e1e6;\">Sujeto Obligado<\/td>\n<td>Gerencia General de la Junta de Agua Potable y Alcantarillado del Municipio de Ahome (JAPAMA)<\/td>\n<\/tr>\n<tr>\n<td style=\"background-color: #e2e1e6; color: black;\">Unidad Administrativa<\/td>\n<td>Junta de Agua Potable y Alcantarillado del Municipio de Ahome<\/td>\n<\/tr>\n<tr>\n<td style=\"background-color: #e2e1e6; color: black;\">Oficina de Atenci\u00f3n<\/td>\n<td>Atenci\u00f3n Integral<\/td>\n<\/tr>\n<tr>\n<td style=\"background-color: #e2e1e6; color: black;\">Nombre del Tr\u00e1mite y\/o Servicio<\/td>\n<td>Convenio de pago<\/td>\n<\/tr>\n<tr>\n<td style=\"background-color: #e2e1e6; color: black;\">Objetivo (Descripci\u00f3n)<\/td>\n<td>Documento en el cual se plasman los criterios a cumplir por un usuario, con el fin de liquidar su rezago en un tiempo determinado. El convenio de pago se inicia con un anticipo de la deuda y el resto queda en mensualidades, m\u00e1s el consumo mensual.<\/td>\n<\/tr>\n<tr>\n<td style=\"background-color: #e2e1e6;\">Fundamento Jur\u00eddico del Tr\u00e1mite<\/td>\n<td>Art\u00edculo 121 fracci\u00f3n III del Reglamento Interior de la Junta de Agua Potable y Alcantarillado del Municipio de Ahome.<\/td>\n<\/tr>\n<tr>\n<td style=\"background-color: #e2e1e6; color: black;\">Ordenamiento jur\u00eddico del tr\u00e1mite:<\/td>\n<td><a href=\"https:\/\/drive.google.com\/file\/d\/1GnbhWpe0yVLALxkgKMWInAoxsvls0rwT\/view\" target=\"_blank\" rel=\"noopener\">Enlace<\/a><\/td>\n<\/tr>\n<tr>\n<td style=\"background-color: #e2e1e6; color: black;\">Aplica Sanci\u00f3n<\/td>\n<td>No<\/td>\n<\/tr>\n<tr>\n<td style=\"background-color: #e2e1e6; color: black;\">Plazo de Respuesta<\/td>\n<td>Inmediato<\/td>\n<\/tr>\n<tr>\n<td style=\"background-color: #e2e1e6; color: black;\">Permite Solicitar Cita<\/td>\n<td>No<\/td>\n<\/tr>\n<\/tbody>\n<\/table>\n<p><b>REQUISITOS<\/b><\/p>\n<p><!--AGREGAR REQUISITOS--><\/p>\n<p><\/p><table>\n<tbody><!--(AGREGAR REQUISITOS)-->\n<tr>\n<td style=\"width: 25%; background-color: #e2e1e6; color: black;\">1.- Nombre del documento:<\/td>\n<td>Copia de identificaci\u00f3n (INE) del solicitante.<\/td>\n<\/tr>\n<tr>\n<td>Originales<\/td>\n<td>1<\/td>\n<\/tr>\n<tr>\n<td>Copias<\/td>\n<td>N\/A<\/td>\n<\/tr>\n<tr>\n<td>Detalles<\/td>\n<td>El usuario deber\u00e1 proporcionar sus datos ya sea nombre, direcci\u00f3n, su n\u00famero de usuario.<\/td>\n<\/tr>\n<tr>\n<td>Condici\u00f3n para realizar el tr\u00e1mite<\/td>\n<td>El usuario solicita una forma para poder regularizarse en sus pagos, se ofrece un convenio de pago el cual consta de iniciar con un anticipo y el resto quedara a mensualidades m\u00e1s el consumo del mes. El tr\u00e1mite lo puede hacer cualquier persona interesada, no es obligaci\u00f3n que el convenio lo formalice el titular de la cuenta.<\/td>\n<\/tr>\n<\/tbody>\n<\/table>\n<p><b>COSTOS<\/b><\/p>\n<table>\n<tbody>\n<tr>\n<td style=\"width: 25%; background-color: #e2e1e6; color: black;\">Costo:<\/td>\n<td>No<\/td>\n<\/tr>\n<tr>\n<td style=\"width: 25%; background-color: #e2e1e6;\">Fundamento Jur\u00eddico del Cobro:<\/td>\n<td>N\/A<\/td>\n<\/tr>\n<tr>\n<td style=\"width: 25%; background-color: #e2e1e6; color: black;\">Ordenamiento cobro del tr\u00e1mite:<\/td>\n<td>N\/A<\/td>\n<\/tr>\n<tr>\n<td style=\"width: 25%; background-color: #e2e1e6;\">Observaciones:<\/td>\n<td><\/td>\n<\/tr>\n<\/tbody>\n<\/table>\n<p>DOCUMENTOS A OBTENER PRODUCTO DEL TR\u00c1MITE<\/p>\n<table>\n<tbody>\n<tr>\n<td style=\"width: 25%; background-color: #e2e1e6; color: black;\">Documentos a obtener como producto de tr\u00e1mite:<\/td>\n<td>Convenio de Pago<\/td>\n<\/tr>\n<\/tbody>\n<\/table>\n<h6><b>OFICINAS DE ATENCI\u00d3N<\/b><\/h6>\n<table>\n<tbody>\n<tr>\n<td style=\"width: 25%; background-color: #e2e1e6; color: black;\">Dependencia:<\/td>\n<td>Junta de Agua Potable y Alcantarillado del Municipio de Ahome<\/td>\n<\/tr>\n<tr>\n<td style=\"width: 25%; background-color: #e2e1e6; color: black;\">Direcci\u00f3n:<\/td>\n<td>\u00c1ngel Flores esq. con Aquiles Serd\u00e1n S\/N, Colonia Centro, Los Mochis, Sinaloa. C.P. 81200<\/td>\n<\/tr>\n<tr>\n<td style=\"width: 25%; background-color: #e2e1e6; color: black;\">Oficina de atenci\u00f3n:<\/td>\n<td>Atenci\u00f3n Integral<\/td>\n<\/tr>\n<\/tbody>\n<\/table>\n<p><\/p><!-- \/wp:post-content -->","protected":false},"excerpt":{"rendered":"<p>DATOS GENERALES Sujeto Obligado Gerencia General de la Junta de Agua Potable y Alcantarillado del Municipio de Ahome (JAPAMA) Unidad Administrativa Junta de Agua Potable y Alcantarillado del Municipio de Ahome Oficina de Atenci\u00f3n Atenci\u00f3n Integral Nombre del Tr\u00e1mite y\/o Servicio Convenio de pago Objetivo (Descripci\u00f3n) Documento en el cual se plasman los criterios a &hellip;<\/p>\n<p class=\"read-more\"> <a class=\"\" href=\"https:\/\/reaktorweb.com\/ahome\/convenio-de-pago\/\"> <span class=\"screen-reader-text\">Convenio de pago<\/span> Leer m\u00e1s &raquo;<\/a><\/p>\n","protected":false},"author":1,"featured_media":0,"parent":0,"menu_order":0,"comment_status":"closed","ping_status":"closed","template":"","meta":{"site-sidebar-layout":"default","site-content-layout":"default","ast-main-header-display":"","ast-hfb-above-header-display":"","ast-hfb-below-header-display":"","ast-hfb-mobile-header-display":"","site-post-title":"","ast-breadcrumbs-content":"","ast-featured-img":"","footer-sml-layout":"","theme-transparent-header-meta":"","adv-header-id-meta":"","stick-header-meta":"","header-above-stick-meta":"","header-main-stick-meta":"","header-below-stick-meta":"","spay_email":"","footnotes":""},"class_list":["post-306","page","type-page","status-publish","hentry"],"jetpack_sharing_enabled":true,"jetpack_likes_enabled":false,"_links":{"self":[{"href":"https:\/\/reaktorweb.com\/ahome\/wp-json\/wp\/v2\/pages\/306","targetHints":{"allow":["GET"]}}],"collection":[{"href":"https:\/\/reaktorweb.com\/ahome\/wp-json\/wp\/v2\/pages"}],"about":[{"href":"https:\/\/reaktorweb.com\/ahome\/wp-json\/wp\/v2\/types\/page"}],"author":[{"embeddable":true,"href":"https:\/\/reaktorweb.com\/ahome\/wp-json\/wp\/v2\/users\/1"}],"replies":[{"embeddable":true,"href":"https:\/\/reaktorweb.com\/ahome\/wp-json\/wp\/v2\/comments?post=306"}],"version-history":[{"count":0,"href":"https:\/\/reaktorweb.com\/ahome\/wp-json\/wp\/v2\/pages\/306\/revisions"}],"wp:attachment":[{"href":"https:\/\/reaktorweb.com\/ahome\/wp-json\/wp\/v2\/media?parent=306"}],"curies":[{"name":"wp","href":"https:\/\/api.w.org\/{rel}","templated":true}]}}