{"id":315,"date":"2022-01-17T13:20:23","date_gmt":"2022-01-17T20:20:23","guid":{"rendered":"https:\/\/reaktorweb.com\/ahome\/?page_id=4491"},"modified":"2022-01-17T13:20:23","modified_gmt":"2022-01-17T20:20:23","slug":"entrega-de-curp","status":"publish","type":"page","link":"https:\/\/reaktorweb.com\/ahome\/entrega-de-curp\/","title":{"rendered":"Entrega de CURP"},"content":{"rendered":"<p><span style=\"color: #9f2241;\"><span style=\"font-size: 18px;\"><b>DATOS GENERALES<\/b><\/span><\/span><\/p>\n<table style=\"font-size: 16px; color: var( --e-global-color-text );\">\n<tbody>\n<tr>\n<td style=\"background-color: #e2e1e6;\"><span style=\"color: #000000;\">Sujeto Obligado<\/span><\/td>\n<td>Subsecretario de Bienestar y Participaci\u00f3n Ciudadana<\/td>\n<\/tr>\n<tr>\n<td style=\"background-color: #e2e1e6; color: black;\">Unidad Administrativa<\/td>\n<td><\/td>\n<\/tr>\n<tr>\n<td style=\"background-color: #e2e1e6; color: black;\">Oficina de Atenci\u00f3n<\/td>\n<td>Subsecretar\u00eda de Bienestar y Participaci\u00f3n Ciudadana<\/td>\n<\/tr>\n<tr>\n<td style=\"background-color: #e2e1e6; color: black;\">Nombre del Tr\u00e1mite y\/o Servicio<\/td>\n<td>Entrega de CURP<\/td>\n<\/tr>\n<tr>\n<td style=\"background-color: #e2e1e6; color: black;\">Objetivo (Descripci\u00f3n)<\/td>\n<td>Entrega de CURP<\/td>\n<\/tr>\n<tr>\n<td style=\"background-color: #e2e1e6;\"><span style=\"color: #000000;\">Fundamento Jur\u00eddico del Tr\u00e1mite<\/span><\/td>\n<td>N\/A<\/td>\n<\/tr>\n<tr>\n<td style=\"background-color: #e2e1e6; color: black;\">Ordenamiento jur\u00eddico del tr\u00e1mite:<\/td>\n<td>N\/A<\/td>\n<\/tr>\n<tr>\n<td style=\"background-color: #e2e1e6; color: black;\">Plazo de Respuesta<\/td>\n<td>Mismo d\u00eda contando con el total de requisitos.<\/td>\n<\/tr>\n<tr>\n<td style=\"background-color: #e2e1e6; color: black;\">Permite Solicitar Cita<\/td>\n<td>No<\/td>\n<\/tr>\n<\/tbody>\n<\/table>\n<p><span style=\"color: #9f2241;\"><span style=\"font-size: 18px;\"><b>REQUISITOS<\/b><\/span><\/span><\/p>\n<table>\n<tbody>\n<tr>\n<td style=\"width: 25%; background-color: #e2e1e6; color: black;\">1.- Nombre del documento:<\/td>\n<td>Copia INE, Acta de nacimiento<\/td>\n<\/tr>\n<tr>\n<td>Originales<\/td>\n<td>Solicitud, Acta de Nacimiento.<\/td>\n<\/tr>\n<tr>\n<td>Copias<\/td>\n<td>Copia INE<\/td>\n<\/tr>\n<tr>\n<td>Detalles<\/td>\n<td>N\/A<\/td>\n<\/tr>\n<tr>\n<td>Condici\u00f3n para realizar el tr\u00e1mite<\/td>\n<td>N\/A<\/td>\n<\/tr>\n<\/tbody>\n<\/table>\n<p><span style=\"color: #9f2241;\"><span style=\"font-size: 18px;\"><b>COSTOS<\/b><\/span><\/span><\/p>\n<table>\n<tbody>\n<tr>\n<td style=\"width: 25%; background-color: #e2e1e6; color: black;\">Costo:<\/td>\n<td>$ 0.00<\/td>\n<\/tr>\n<tr>\n<td style=\"width: 25%; background-color: #e2e1e6;\"><span style=\"color: #000000;\">Fundamento Jur\u00eddico del Cobro:<\/span><\/td>\n<td>N\/A<\/td>\n<\/tr>\n<tr>\n<td style=\"width: 25%; background-color: #e2e1e6; color: black;\">Ordenamiento cobro del tr\u00e1mite:<\/td>\n<td>N\/A<\/td>\n<\/tr>\n<tr>\n<td style=\"width: 25%; background-color: #e2e1e6;\"><span style=\"color: #000000;\">Observaciones:<\/span><\/td>\n<td>Servicio sin costo<\/td>\n<\/tr>\n<\/tbody>\n<\/table>\n<p><span style=\"font-weight: bold; color: #9f2241; font-family: Roboto, sans-serif; font-size: 18px; font-style: normal; font-variant-ligatures: normal; font-variant-caps: normal;\">DOCUMENTOS A OBTENER PRODUCTO DEL TR\u00c1MITE<\/span><\/p>\n<table>\n<tbody>\n<tr>\n<td style=\"width: 25%; background-color: #e2e1e6; color: black;\">Documentos a obtener como producto de tr\u00e1mite:<\/td>\n<td>Entrega de CURP.<\/td>\n<\/tr>\n<\/tbody>\n<\/table>\n<h6><b>OFICINAS DE ATENCI\u00d3N<\/b><\/h6>\n<table>\n<tbody>\n<tr>\n<td style=\"width: 25%; background-color: #e2e1e6; color: black;\">Secretar\u00eda:<\/td>\n<td>Secretar\u00eda de Bienestar<\/td>\n<\/tr>\n<tr>\n<td style=\"width: 25%; background-color: #e2e1e6; color: black;\">Direcci\u00f3n:<\/td>\n<td>Subsecretar\u00eda de Bienestar y Participaci\u00f3n Ciudadana<\/td>\n<\/tr>\n<tr>\n<td style=\"width: 25%; background-color: #e2e1e6; color: black;\">Oficina de atenci\u00f3n:<\/td>\n<td>Subsecretar\u00eda de Bienestar y Participaci\u00f3n Ciudadana<\/td>\n<\/tr>\n<\/tbody>\n<\/table>\n","protected":false},"excerpt":{"rendered":"<p>DATOS GENERALES Sujeto Obligado Subsecretario de Bienestar y Participaci\u00f3n Ciudadana Unidad Administrativa Oficina de Atenci\u00f3n Subsecretar\u00eda de Bienestar y Participaci\u00f3n Ciudadana Nombre del Tr\u00e1mite y\/o Servicio Entrega de CURP Objetivo (Descripci\u00f3n) Entrega de CURP Fundamento Jur\u00eddico del Tr\u00e1mite N\/A Ordenamiento jur\u00eddico del tr\u00e1mite: N\/A Plazo de Respuesta Mismo d\u00eda contando con el total de requisitos. &hellip;<\/p>\n<p class=\"read-more\"> <a class=\"\" href=\"https:\/\/reaktorweb.com\/ahome\/entrega-de-curp\/\"> <span class=\"screen-reader-text\">Entrega de CURP<\/span> Leer m\u00e1s &raquo;<\/a><\/p>\n","protected":false},"author":1,"featured_media":0,"parent":0,"menu_order":0,"comment_status":"closed","ping_status":"closed","template":"","meta":{"site-sidebar-layout":"default","site-content-layout":"default","ast-main-header-display":"","ast-hfb-above-header-display":"","ast-hfb-below-header-display":"","ast-hfb-mobile-header-display":"","site-post-title":"","ast-breadcrumbs-content":"","ast-featured-img":"","footer-sml-layout":"","theme-transparent-header-meta":"","adv-header-id-meta":"","stick-header-meta":"","header-above-stick-meta":"","header-main-stick-meta":"","header-below-stick-meta":"","spay_email":"","footnotes":""},"class_list":["post-315","page","type-page","status-publish","hentry"],"jetpack_sharing_enabled":true,"jetpack_likes_enabled":false,"_links":{"self":[{"href":"https:\/\/reaktorweb.com\/ahome\/wp-json\/wp\/v2\/pages\/315","targetHints":{"allow":["GET"]}}],"collection":[{"href":"https:\/\/reaktorweb.com\/ahome\/wp-json\/wp\/v2\/pages"}],"about":[{"href":"https:\/\/reaktorweb.com\/ahome\/wp-json\/wp\/v2\/types\/page"}],"author":[{"embeddable":true,"href":"https:\/\/reaktorweb.com\/ahome\/wp-json\/wp\/v2\/users\/1"}],"replies":[{"embeddable":true,"href":"https:\/\/reaktorweb.com\/ahome\/wp-json\/wp\/v2\/comments?post=315"}],"version-history":[{"count":0,"href":"https:\/\/reaktorweb.com\/ahome\/wp-json\/wp\/v2\/pages\/315\/revisions"}],"wp:attachment":[{"href":"https:\/\/reaktorweb.com\/ahome\/wp-json\/wp\/v2\/media?parent=315"}],"curies":[{"name":"wp","href":"https:\/\/api.w.org\/{rel}","templated":true}]}}