{"id":321,"date":"2022-01-27T15:15:01","date_gmt":"2022-01-27T22:15:01","guid":{"rendered":"https:\/\/reaktorweb.com\/ahome\/?page_id=5607"},"modified":"2022-01-27T15:15:01","modified_gmt":"2022-01-27T22:15:01","slug":"ferias","status":"publish","type":"page","link":"https:\/\/reaktorweb.com\/ahome\/ferias\/","title":{"rendered":"Ferias"},"content":{"rendered":"<p><span style=\"color: #9f2241;\"><span style=\"font-size: 18px;\"><b>DATOS GENERALES<\/b><\/span><\/span><\/p>\n<table width=\"727\">\n<tbody>\n<tr>\n<td colspan=\"2\" width=\"727\">DATOS GENERALES<\/td>\n<\/tr>\n<tr>\n<td width=\"233\">Unidad Administrativa<\/td>\n<td width=\"494\">Direcci\u00f3n de Inspecci\u00f3n y Normatividad<\/td>\n<\/tr>\n<tr>\n<td width=\"233\">Oficina de Atenci\u00f3n<\/td>\n<td width=\"494\">Direcci\u00f3n de Inspecci\u00f3n y Normatividad<\/td>\n<\/tr>\n<tr>\n<td width=\"233\">Nombre del Tr\u00e1mite y\/o Servicio<\/td>\n<td width=\"494\">Ferias<\/td>\n<\/tr>\n<tr>\n<td width=\"233\">Objetivo (Descripci\u00f3n)<\/td>\n<td width=\"494\">Permiso que otorga la direcci\u00f3n de inspecci\u00f3n y normatividad para las actividades llevadas a cabo Ferias, verbenas o eventos similares<\/td>\n<\/tr>\n<tr>\n<td width=\"233\">Fundamento Jur\u00eddico del Tr\u00e1mite<\/td>\n<td width=\"494\">REGLAMENTO DE ESPECT\u00c1CULOS Y DIVERSIONES P\u00daBLICAS DEL MUNICIPIO DE AHOME<\/td>\n<\/tr>\n<tr>\n<td width=\"233\">Aplica Sanci\u00f3n<\/td>\n<td width=\"494\">si<\/td>\n<\/tr>\n<tr>\n<td width=\"233\">Plazo de Respuesta<\/td>\n<td width=\"494\">4 d\u00edas<\/td>\n<\/tr>\n<tr>\n<td width=\"233\">Aplica figura Jur\u00eddica<\/td>\n<td width=\"494\">No aplica<\/td>\n<\/tr>\n<tr>\n<td width=\"233\">Permite Solicitar Cita<\/td>\n<td width=\"494\">No<\/td>\n<\/tr>\n<tr>\n<td colspan=\"2\" width=\"727\">REQUISITOS<\/td>\n<\/tr>\n<tr>\n<td width=\"233\">Documentos<\/td>\n<td width=\"494\">Solicitud dirigida al director<\/td>\n<\/tr>\n<tr>\n<td width=\"233\">Originales<\/td>\n<td width=\"494\">1<\/td>\n<\/tr>\n<tr>\n<td width=\"233\">detalles<\/td>\n<td width=\"494\">10 dias habiles antes de iniciar<\/td>\n<\/tr>\n<tr>\n<td width=\"233\">Documentos<\/td>\n<td width=\"494\">relacion de participantes<\/td>\n<\/tr>\n<tr>\n<td width=\"233\">Originales<\/td>\n<td width=\"494\">1<\/td>\n<\/tr>\n<tr>\n<td width=\"233\">detalles<\/td>\n<td width=\"494\">anexando copia de las cedula fiscal de cada uno de los participantes cualquiera que esta sea<\/td>\n<\/tr>\n<tr>\n<td width=\"233\">Documentos<\/td>\n<td width=\"494\">Anuencia de proteccion civil<\/td>\n<\/tr>\n<tr>\n<td width=\"233\">Originales<\/td>\n<td width=\"494\">1<\/td>\n<\/tr>\n<tr>\n<td width=\"233\">detalles<\/td>\n<td width=\"494\">respecto del lugar y medidas de seguridad donde se pretenda realizar el evento<\/td>\n<\/tr>\n<tr>\n<td width=\"233\">documentos<\/td>\n<td width=\"494\">Autorizaci\u00f3n del propietario o responsable del lugar en el que se desarrolle<\/td>\n<\/tr>\n<tr>\n<td width=\"233\">Originales<\/td>\n<td width=\"494\">1<\/td>\n<\/tr>\n<tr>\n<td width=\"233\">detalles<\/td>\n<td width=\"494\">anuencia contratos<\/td>\n<\/tr>\n<tr>\n<td width=\"233\">documentos<\/td>\n<td width=\"494\">RFC<\/td>\n<\/tr>\n<tr>\n<td width=\"233\">copia<\/td>\n<td width=\"494\">1<\/td>\n<\/tr>\n<tr>\n<td width=\"233\">Documentos<\/td>\n<td width=\"494\">ultima declaracion<\/td>\n<\/tr>\n<tr>\n<td width=\"233\">copia<\/td>\n<td width=\"494\">1<\/td>\n<\/tr>\n<tr>\n<td width=\"233\">Documentos<\/td>\n<td width=\"494\">credencial de elector<\/td>\n<\/tr>\n<tr>\n<td width=\"233\">copia<\/td>\n<td width=\"494\">1<\/td>\n<\/tr>\n<tr>\n<td width=\"233\">detalles<\/td>\n<td width=\"494\">INE, IFE<\/td>\n<\/tr>\n<tr>\n<td width=\"233\">Documentos<\/td>\n<td width=\"494\">Describir el espectaculo o diversion<\/td>\n<\/tr>\n<tr>\n<td width=\"233\">detalles<\/td>\n<td width=\"494\">especificar esta informacion la solicitud dirigida al director<\/td>\n<\/tr>\n<tr>\n<td width=\"233\">Documentos<\/td>\n<td width=\"494\">ubicacion donde se realizara el evento<\/td>\n<\/tr>\n<tr>\n<td width=\"233\">detalles<\/td>\n<td width=\"494\">especificar esta informacion la solicitud dirigida al director<\/td>\n<\/tr>\n<tr>\n<td width=\"233\">Documentos<\/td>\n<td width=\"494\">periodo\u00a0 en que durar\u00e1 el evento<\/td>\n<\/tr>\n<tr>\n<td width=\"233\">detalles<\/td>\n<td width=\"494\">especificar esta informacion la solicitud dirigida al director<\/td>\n<\/tr>\n<tr>\n<td width=\"233\">Documentos<\/td>\n<td width=\"494\">Se\u00f1alar horarios<\/td>\n<\/tr>\n<tr>\n<td width=\"233\">detalles<\/td>\n<td width=\"494\">especificar esta informacion la solicitud dirigida al director<\/td>\n<\/tr>\n<tr>\n<td width=\"233\">Documentos<\/td>\n<td width=\"494\">Comprobante de pago<\/td>\n<\/tr>\n<tr>\n<td width=\"233\">Originales<\/td>\n<td width=\"494\">1<\/td>\n<\/tr>\n<tr>\n<td width=\"233\">Documentos<\/td>\n<td width=\"494\">Total de boletaje y sus costos<\/td>\n<\/tr>\n<tr>\n<td width=\"233\">Originales<\/td>\n<td width=\"494\">1<\/td>\n<\/tr>\n<tr>\n<td width=\"233\">Documentos<\/td>\n<td width=\"494\">presentar total de boletaje para su sellado<\/td>\n<\/tr>\n<tr>\n<td width=\"233\">Originales<\/td>\n<td width=\"494\"><\/td>\n<\/tr>\n<tr>\n<td width=\"233\">detalles<\/td>\n<td width=\"494\">presentar la totalidad de boletos incluyendo cortesias estos deberan estar foliados progresivamente y con la fecha del evento<\/td>\n<\/tr>\n<tr>\n<td width=\"233\">Documentos<\/td>\n<td width=\"494\">no adeudo municipal<\/td>\n<\/tr>\n<tr>\n<td width=\"233\">Originales<\/td>\n<td width=\"494\">1<\/td>\n<\/tr>\n<tr>\n<td width=\"233\">documentos<\/td>\n<td width=\"494\">Constancia que cuenta con elementos de Polic\u00edas y transito municipal<\/td>\n<\/tr>\n<tr>\n<td width=\"233\">Originales<\/td>\n<td width=\"494\">1<\/td>\n<\/tr>\n<tr>\n<td width=\"233\">documentos<\/td>\n<td width=\"494\">Licencia o permiso de alcoholes<\/td>\n<\/tr>\n<tr>\n<td width=\"233\">Originales<\/td>\n<td width=\"494\">1<\/td>\n<\/tr>\n<tr>\n<td width=\"233\">detalles<\/td>\n<td width=\"494\">en\u00a0 caso de que asi se requiera<\/td>\n<\/tr>\n<tr>\n<td width=\"233\">Documentos<\/td>\n<td width=\"494\">contratacion de Ambulancia<\/td>\n<\/tr>\n<tr>\n<td width=\"233\">Originales<\/td>\n<td width=\"494\">1<\/td>\n<\/tr>\n<tr>\n<td width=\"233\">documentos<\/td>\n<td width=\"494\">Anuencia del propietario o contrato de arrendamiento del terreno<\/td>\n<\/tr>\n<tr>\n<td width=\"233\">Originales<\/td>\n<td width=\"494\">1<\/td>\n<\/tr>\n<tr>\n<td colspan=\"2\" width=\"727\">COSTOS<\/td>\n<\/tr>\n<tr>\n<td width=\"233\">Costo<\/td>\n<td width=\"494\">el 8 % sobre el precio del boleto<\/td>\n<\/tr>\n<tr>\n<td width=\"233\">Fundamento Jur\u00eddico del Cobro<\/td>\n<td width=\"494\">Capitulo I, Art. 6, 7, 8, 9, 10, 11, 12, 13, 14<\/td>\n<\/tr>\n<tr>\n<td width=\"233\">Ordenamiento cobro del tr\u00e1mite<\/td>\n<td width=\"494\">Ley de Hacienda Municipal del Municipio de Ahome<\/td>\n<\/tr>\n<tr>\n<td colspan=\"2\" width=\"727\">DOCUMENTOS A OBTENER PRODUCTO DEL TR\u00c1MITE<\/td>\n<\/tr>\n<tr>\n<td width=\"233\">Documentos<\/td>\n<td width=\"494\">Permiso para ferias<\/td>\n<\/tr>\n<tr>\n<td colspan=\"2\" width=\"727\">OFICINAS DE ATENCI\u00d3N<\/td>\n<\/tr>\n<tr>\n<td width=\"233\">Secretar\u00eda<\/td>\n<td width=\"494\">Presidencia Municipal<\/td>\n<\/tr>\n<tr>\n<td width=\"233\">Direcci\u00f3n<\/td>\n<td width=\"494\">Direccion de Inspecci\u00f3n y Normatividad<\/td>\n<\/tr>\n<tr>\n<td width=\"233\">Oficina de atenci\u00f3n<\/td>\n<td width=\"494\">Direccion de Inspecci\u00f3n y Normatividad<\/td>\n<\/tr>\n<tr>\n<td colspan=\"2\" width=\"727\">CRITERIOS DE APLICACI\u00d3N<\/td>\n<\/tr>\n<tr>\n<td width=\"233\">Tema<\/td>\n<td width=\"494\">economia y negocios<\/td>\n<\/tr>\n<tr>\n<td width=\"233\">Sector<\/td>\n<td width=\"494\">otros<\/td>\n<\/tr>\n<tr>\n<td width=\"233\">Giros que aplican<\/td>\n<td width=\"494\">comercio<\/td>\n<\/tr>\n<tr>\n<td width=\"233\">Perfil ciudadano:<\/td>\n<td width=\"494\">General<\/td>\n<\/tr>\n<tr>\n<td width=\"233\">Especificar si el Tr\u00e1mite o Servicio debe presentarse mediante formato, escrito libre, ambos o puede solicitarse por otros medios.<\/td>\n<td width=\"494\">formato<\/td>\n<\/tr>\n<tr>\n<td width=\"233\">*Para la informaci\u00f3n a que se refieren las fracciones V,VI,VII,VIII,X,XI,XII,XIII,XIV Y XVIII anteriores, los Sujetos Obligados deber\u00e1n establecer el fundamento Jur\u00eddico apliacable, relacion\u00e1ndolo con la Regulaci\u00f3n inscrita en el Registro Estatal de Regulaciones.<\/td>\n<td width=\"494\">REGLAMENTO DE ESPECT\u00c1CULOS Y DIVERSIONES P\u00daBLICAS DEL MUNICIPIO DE AHOME, Art. 8 y 161<\/td>\n<\/tr>\n<\/tbody>\n<\/table>\n","protected":false},"excerpt":{"rendered":"<p>DATOS GENERALES DATOS GENERALES Unidad Administrativa Direcci\u00f3n de Inspecci\u00f3n y Normatividad Oficina de Atenci\u00f3n Direcci\u00f3n de Inspecci\u00f3n y Normatividad Nombre del Tr\u00e1mite y\/o Servicio Ferias Objetivo (Descripci\u00f3n) Permiso que otorga la direcci\u00f3n de inspecci\u00f3n y normatividad para las actividades llevadas a cabo Ferias, verbenas o eventos similares Fundamento Jur\u00eddico del Tr\u00e1mite REGLAMENTO DE ESPECT\u00c1CULOS Y &hellip;<\/p>\n<p class=\"read-more\"> <a class=\"\" href=\"https:\/\/reaktorweb.com\/ahome\/ferias\/\"> <span class=\"screen-reader-text\">Ferias<\/span> Leer m\u00e1s &raquo;<\/a><\/p>\n","protected":false},"author":1,"featured_media":0,"parent":0,"menu_order":0,"comment_status":"closed","ping_status":"closed","template":"","meta":{"site-sidebar-layout":"default","site-content-layout":"default","ast-main-header-display":"","ast-hfb-above-header-display":"","ast-hfb-below-header-display":"","ast-hfb-mobile-header-display":"","site-post-title":"","ast-breadcrumbs-content":"","ast-featured-img":"","footer-sml-layout":"","theme-transparent-header-meta":"","adv-header-id-meta":"","stick-header-meta":"","header-above-stick-meta":"","header-main-stick-meta":"","header-below-stick-meta":"","spay_email":"","footnotes":""},"class_list":["post-321","page","type-page","status-publish","hentry"],"jetpack_sharing_enabled":true,"jetpack_likes_enabled":false,"_links":{"self":[{"href":"https:\/\/reaktorweb.com\/ahome\/wp-json\/wp\/v2\/pages\/321","targetHints":{"allow":["GET"]}}],"collection":[{"href":"https:\/\/reaktorweb.com\/ahome\/wp-json\/wp\/v2\/pages"}],"about":[{"href":"https:\/\/reaktorweb.com\/ahome\/wp-json\/wp\/v2\/types\/page"}],"author":[{"embeddable":true,"href":"https:\/\/reaktorweb.com\/ahome\/wp-json\/wp\/v2\/users\/1"}],"replies":[{"embeddable":true,"href":"https:\/\/reaktorweb.com\/ahome\/wp-json\/wp\/v2\/comments?post=321"}],"version-history":[{"count":0,"href":"https:\/\/reaktorweb.com\/ahome\/wp-json\/wp\/v2\/pages\/321\/revisions"}],"wp:attachment":[{"href":"https:\/\/reaktorweb.com\/ahome\/wp-json\/wp\/v2\/media?parent=321"}],"curies":[{"name":"wp","href":"https:\/\/api.w.org\/{rel}","templated":true}]}}