{"id":325,"date":"2022-01-27T15:49:50","date_gmt":"2022-01-27T22:49:50","guid":{"rendered":"https:\/\/reaktorweb.com\/ahome\/?page_id=5632"},"modified":"2022-01-27T15:49:50","modified_gmt":"2022-01-27T22:49:50","slug":"funciones-de-circos","status":"publish","type":"page","link":"https:\/\/reaktorweb.com\/ahome\/funciones-de-circos\/","title":{"rendered":"Funciones de Circos"},"content":{"rendered":"<p><b>DATOS GENERALES<\/b><\/p>\n<table width=\"727\">\n<tbody>\n<tr>\n<td width=\"233\">Unidad Administrativa<\/td>\n<td width=\"494\">Direcci\u00f3n de Inspecci\u00f3n y Normatividad<\/td>\n<\/tr>\n<tr>\n<td width=\"233\">Oficina de Atenci\u00f3n<\/td>\n<td width=\"494\">Direcci\u00f3n de Inspecci\u00f3n y Normatividad<\/td>\n<\/tr>\n<tr>\n<td width=\"233\">Nombre del Tr\u00e1mite y\/o Servicio<\/td>\n<td width=\"494\">Funciones de Circos<\/td>\n<\/tr>\n<tr>\n<td width=\"233\">Objetivo (Descripci\u00f3n)<\/td>\n<td width=\"494\">Permiso que expide el H. Ayuntamiento a trav\u00e9s de la direcci\u00f3n de inspecci\u00f3n y normatividad para otorgar permiso para funciones de circo<\/td>\n<\/tr>\n<tr>\n<td width=\"233\">Fundamento Jur\u00eddico del Tr\u00e1mite<\/td>\n<td width=\"494\">Reglamento de espect\u00e1culos y diversiones p\u00fablicas del municipio de Ahome<\/td>\n<\/tr>\n<tr>\n<td width=\"233\">Ordenamiento jur\u00eddico del tr\u00e1mite:<\/td>\n<td width=\"494\">Art. 8 y 92<\/td>\n<\/tr>\n<tr>\n<td width=\"233\">Aplica Sanci\u00f3n<\/td>\n<td width=\"494\">Si<\/td>\n<\/tr>\n<tr>\n<td width=\"233\">Plazo de Respuesta<\/td>\n<td width=\"494\">5 d\u00edas<\/td>\n<\/tr>\n<tr>\n<td width=\"233\">Permite Solicitar Cita<\/td>\n<td width=\"494\">No<\/td>\n<\/tr>\n<tr>\n<td colspan=\"2\" width=\"727\"><b>REQUISITOS<\/b><\/td>\n<\/tr>\n<tr>\n<td width=\"233\">Documentos<\/td>\n<td width=\"494\">Solicitud dirigida al director<\/td>\n<\/tr>\n<tr>\n<td width=\"233\">Originales<\/td>\n<td width=\"494\">1<\/td>\n<\/tr>\n<tr>\n<td width=\"233\">detalles<\/td>\n<td width=\"494\">8 d\u00edas h\u00e1biles antes de iniciar<\/td>\n<\/tr>\n<tr>\n<td width=\"233\">Documentos<\/td>\n<td width=\"494\">Especificar los d\u00edas<\/td>\n<\/tr>\n<tr>\n<td width=\"233\">Originales<\/td>\n<td width=\"494\">1<\/td>\n<\/tr>\n<tr>\n<td width=\"233\">detalles<\/td>\n<td width=\"494\">Considerando a partir de su instalaci\u00f3n hasta su desarme<\/td>\n<\/tr>\n<tr>\n<td width=\"233\">Documentos<\/td>\n<td width=\"494\">Horarios de Funciones<\/td>\n<\/tr>\n<tr>\n<td width=\"233\">Originales<\/td>\n<td width=\"494\">1<\/td>\n<\/tr>\n<tr>\n<td width=\"233\">detalles<\/td>\n<td width=\"494\">Puede se\u00f1alar esta informaci\u00f3n en la solicitud<\/td>\n<\/tr>\n<tr>\n<td width=\"233\">Documentos<\/td>\n<td width=\"494\">Costo de boletos<\/td>\n<\/tr>\n<tr>\n<td width=\"233\">Originales<\/td>\n<td width=\"494\">1<\/td>\n<\/tr>\n<tr>\n<td width=\"233\">detalles<\/td>\n<td width=\"494\">Puede se\u00f1alar esta informaci\u00f3n en la solicitud<\/td>\n<\/tr>\n<tr>\n<td width=\"233\">Documentos<\/td>\n<td width=\"494\">Anuencia de propietario o arrendamiento<\/td>\n<\/tr>\n<tr>\n<td width=\"233\">Originales<\/td>\n<td width=\"494\">1<\/td>\n<\/tr>\n<tr>\n<td width=\"233\">detalles<\/td>\n<td width=\"494\">Seg\u00fan sea el caso<\/td>\n<\/tr>\n<tr>\n<td width=\"233\">Documentos<\/td>\n<td width=\"494\">Anuencia de vecinos o anuencia de Instituto Municipal del Deporte<\/td>\n<\/tr>\n<tr>\n<td width=\"233\">Originales<\/td>\n<td width=\"494\">1<\/td>\n<\/tr>\n<tr>\n<td width=\"233\">detalles<\/td>\n<td width=\"494\">Seg\u00fan sea el caso<\/td>\n<\/tr>\n<tr>\n<td width=\"233\">Documentos<\/td>\n<td width=\"494\">P\u00f3liza de seguro de da\u00f1os<\/td>\n<\/tr>\n<tr>\n<td width=\"233\">copia<\/td>\n<td width=\"494\">1<\/td>\n<\/tr>\n<tr>\n<td width=\"233\">Documentos<\/td>\n<td width=\"494\">Anuencia de protecci\u00f3n civil<\/td>\n<\/tr>\n<tr>\n<td width=\"233\">copia<\/td>\n<td width=\"494\">1<\/td>\n<\/tr>\n<tr>\n<td width=\"233\">Documentos<\/td>\n<td width=\"494\">Contrato de letrinas<\/td>\n<\/tr>\n<tr>\n<td width=\"233\">copia<\/td>\n<td width=\"494\">1<\/td>\n<\/tr>\n<tr>\n<td width=\"233\">Documentos<\/td>\n<td width=\"494\">Credencial de elector<\/td>\n<\/tr>\n<tr>\n<td width=\"233\">copia<\/td>\n<td width=\"494\">1<\/td>\n<\/tr>\n<tr>\n<td width=\"233\">detalles<\/td>\n<td width=\"494\">Del representante<\/td>\n<\/tr>\n<tr>\n<td width=\"233\">Documentos<\/td>\n<td width=\"494\">Ubicaci\u00f3n del lugar<\/td>\n<\/tr>\n<tr>\n<td width=\"233\">Originales<\/td>\n<td width=\"494\">1<\/td>\n<\/tr>\n<tr>\n<td width=\"233\">detalles<\/td>\n<td width=\"494\">Donde se llevara a cabo se puede se\u00f1alar en la solicitud<\/td>\n<\/tr>\n<tr>\n<td width=\"233\">Documentos<\/td>\n<td width=\"494\">Especificar total de boletos y precios<\/td>\n<\/tr>\n<tr>\n<td width=\"233\">Originales<\/td>\n<td width=\"494\">1<\/td>\n<\/tr>\n<tr>\n<td width=\"233\">detalles<\/td>\n<td width=\"494\">Se puede se\u00f1alar en la solicitud<\/td>\n<\/tr>\n<tr>\n<td width=\"233\">Documentos<\/td>\n<td width=\"494\">Presentar total de boletaje para sellado<\/td>\n<\/tr>\n<tr>\n<td width=\"233\">Originales<\/td>\n<td width=\"494\">1<\/td>\n<\/tr>\n<tr>\n<td width=\"233\">detalles<\/td>\n<td width=\"494\">Incluyendo cortes\u00edas y estos deben estar foliados progresivamente y fecha del evento<\/td>\n<\/tr>\n<tr>\n<td width=\"233\">Criterios a resolver<\/td>\n<td width=\"494\">El sonido usado para anunciar espect\u00e1culos en unidades de perifoneo as\u00ed como en la carpa, no deber\u00e1 rebasar los 65 decibeles<\/td>\n<\/tr>\n<tr>\n<td colspan=\"2\" width=\"727\"><b>DOCUMENTOS A OBTENER PRODUCTO DEL TR\u00c1MITE<\/b><\/td>\n<\/tr>\n<tr>\n<td width=\"233\">Documentos<\/td>\n<td width=\"494\">Permiso para presentaciones teatrales<\/td>\n<\/tr>\n<tr>\n<td colspan=\"2\" width=\"727\"><b>OFICINAS DE ATENCI\u00d3N<\/b><\/td>\n<\/tr>\n<tr>\n<td width=\"233\">Direcci\u00f3n<\/td>\n<td width=\"494\">Direcci\u00f3n de Inspecci\u00f3n y Normatividad<\/td>\n<\/tr>\n<tr>\n<td width=\"233\">Oficina de atenci\u00f3n<\/td>\n<td width=\"494\">Av. Santos Degollado y Cuauht\u00e9moc. Colonia Bienestar Lunes a Viernes 08:00 a 16:00 y s\u00e1bados 09:00 a 13:00<\/td>\n<\/tr>\n<\/tbody>\n<\/table>\n","protected":false},"excerpt":{"rendered":"<p>DATOS GENERALES Unidad Administrativa Direcci\u00f3n de Inspecci\u00f3n y Normatividad Oficina de Atenci\u00f3n Direcci\u00f3n de Inspecci\u00f3n y Normatividad Nombre del Tr\u00e1mite y\/o Servicio Funciones de Circos Objetivo (Descripci\u00f3n) Permiso que expide el H. Ayuntamiento a trav\u00e9s de la direcci\u00f3n de inspecci\u00f3n y normatividad para otorgar permiso para funciones de circo Fundamento Jur\u00eddico del Tr\u00e1mite Reglamento de &hellip;<\/p>\n<p class=\"read-more\"> <a class=\"\" href=\"https:\/\/reaktorweb.com\/ahome\/funciones-de-circos\/\"> <span class=\"screen-reader-text\">Funciones de Circos<\/span> Leer m\u00e1s &raquo;<\/a><\/p>\n","protected":false},"author":1,"featured_media":0,"parent":0,"menu_order":0,"comment_status":"closed","ping_status":"closed","template":"","meta":{"site-sidebar-layout":"default","site-content-layout":"default","ast-main-header-display":"","ast-hfb-above-header-display":"","ast-hfb-below-header-display":"","ast-hfb-mobile-header-display":"","site-post-title":"","ast-breadcrumbs-content":"","ast-featured-img":"","footer-sml-layout":"","theme-transparent-header-meta":"","adv-header-id-meta":"","stick-header-meta":"","header-above-stick-meta":"","header-main-stick-meta":"","header-below-stick-meta":"","spay_email":"","footnotes":""},"class_list":["post-325","page","type-page","status-publish","hentry"],"jetpack_sharing_enabled":true,"jetpack_likes_enabled":false,"_links":{"self":[{"href":"https:\/\/reaktorweb.com\/ahome\/wp-json\/wp\/v2\/pages\/325","targetHints":{"allow":["GET"]}}],"collection":[{"href":"https:\/\/reaktorweb.com\/ahome\/wp-json\/wp\/v2\/pages"}],"about":[{"href":"https:\/\/reaktorweb.com\/ahome\/wp-json\/wp\/v2\/types\/page"}],"author":[{"embeddable":true,"href":"https:\/\/reaktorweb.com\/ahome\/wp-json\/wp\/v2\/users\/1"}],"replies":[{"embeddable":true,"href":"https:\/\/reaktorweb.com\/ahome\/wp-json\/wp\/v2\/comments?post=325"}],"version-history":[{"count":0,"href":"https:\/\/reaktorweb.com\/ahome\/wp-json\/wp\/v2\/pages\/325\/revisions"}],"wp:attachment":[{"href":"https:\/\/reaktorweb.com\/ahome\/wp-json\/wp\/v2\/media?parent=325"}],"curies":[{"name":"wp","href":"https:\/\/api.w.org\/{rel}","templated":true}]}}