{"id":327,"date":"2022-01-19T15:41:33","date_gmt":"2022-01-19T22:41:33","guid":{"rendered":"https:\/\/reaktorweb.com\/ahome\/?page_id=4706"},"modified":"2022-01-19T15:41:33","modified_gmt":"2022-01-19T22:41:33","slug":"licencia-de-operacion-con-riesgo-alto","status":"publish","type":"page","link":"https:\/\/reaktorweb.com\/ahome\/licencia-de-operacion-con-riesgo-alto\/","title":{"rendered":"Licencia de Operaci\u00f3n con Riesgo Alto"},"content":{"rendered":"<p>DATOS GENERALES<\/p>\n<table style=\"font-size: 16px; color: var( --e-global-color-text );\">\n<tbody>\n<tr>\n<td style=\"background-color: #e2e1e6;\"><span style=\"color: #000000;\">Sujeto Obligado<\/span><\/td>\n<td>\n<table width=\"494\">\n<tbody>\n<tr>\n<td width=\"494\">Departamento de Protecci\u00f3n Civil y Bomberos<\/td>\n<\/tr>\n<\/tbody>\n<\/table>\n<\/td>\n<\/tr>\n<tr>\n<td style=\"background-color: #e2e1e6; color: black;\">Unidad Administrativa<\/td>\n<td>Secretar\u00eda de Seguridad y Protecci\u00f3n Ciudadana del Municipio de Ahome<\/td>\n<\/tr>\n<tr>\n<td style=\"background-color: #e2e1e6; color: black;\">Oficina de Atenci\u00f3n<\/td>\n<td>Oficinas de la Unidad Municipal de Protecci\u00f3n Civil Ahome<\/td>\n<\/tr>\n<tr>\n<td style=\"background-color: #e2e1e6; color: black;\">Nombre del Tr\u00e1mite y\/o Servicio<\/td>\n<td>Licencia de Operaci\u00f3n con Riesgo Alto.<\/td>\n<\/tr>\n<tr>\n<td style=\"background-color: #e2e1e6; color: black;\">Objetivo (Descripci\u00f3n)<\/td>\n<td>Empresas, industrias, escuelas publicas y\/o privadas, organismos p\u00fablicos y\/o privados, as\u00ed como espect\u00e1culos p\u00fablicos que cumpla con las medidas de seguridad en materia de Protecci\u00f3n Civil descrito en su fundamento jur\u00eddico.<\/td>\n<\/tr>\n<tr>\n<td style=\"background-color: #e2e1e6;\"><span style=\"color: #000000;\">Fundamento Jur\u00eddico del Tr\u00e1mite<\/span><\/td>\n<td>Art\u00edculo 119 del Reglamento de Protecci\u00f3n Civil del Municipio de Ahome<\/td>\n<\/tr>\n<tr>\n<td style=\"background-color: #e2e1e6; color: black;\">Ordenamiento jur\u00eddico del tr\u00e1mite:<\/td>\n<td>REGLAMENTO DE PROTECCION CIVIL DEL MUNICIPIO DE AHOME, decreto municipal 44<\/td>\n<\/tr>\n<tr>\n<td style=\"background-color: #e2e1e6; color: black;\">Aplica Sanci\u00f3n:<\/td>\n<td>S\u00ed.<\/p>\n<p>La contravenci\u00f3n a las disposiciones del presente reglamento dar\u00e1 lugar a la imposici\u00f3n de una sanci\u00f3n que podr\u00e1 consistir, seg\u00fan sea el caso, en multa o clausura temporal o definitiva en los t\u00e9rminos del presente capitulo&#8221; ART.188 del Reglamento de Protecci\u00f3n Civil del Municipio de Ahome.<\/td>\n<\/tr>\n<tr>\n<td style=\"background-color: #e2e1e6; color: black;\">Plazo de Respuesta<\/td>\n<td>30 d\u00edas h\u00e1biles, ART. 182 fracci\u00f3n VIII del Reglamento de Protecci\u00f3n Civil del Municipio de Ahome<\/td>\n<\/tr>\n<tr>\n<td style=\"background-color: #e2e1e6; color: black;\">Permite Solicitar Cita<\/td>\n<td>No<\/td>\n<\/tr>\n<\/tbody>\n<\/table>\n<p><span style=\"color: #9f2241;\"><span style=\"font-size: 18px;\"><b>REQUISITOS<\/b><\/span><\/span><\/p>\n<table>\n<tbody>\n<tr>\n<td style=\"width: 25%; background-color: #e2e1e6; color: black;\">1.- Nombre del documento:<\/td>\n<td>Oficio de solicitud de revisi\u00f3n.<\/td>\n<\/tr>\n<tr>\n<td>Originales<\/td>\n<td>1<\/td>\n<\/tr>\n<tr>\n<td>Copias<\/td>\n<td>1<\/td>\n<\/tr>\n<tr>\n<td>Detalles<\/td>\n<td>El Oficio de solicitud de revisi\u00f3n deber\u00e1 ser dirigido al Titular de la Unidad Municipal de Protecci\u00f3n Civil de Ahome, se deber\u00e1 expresar ubicaci\u00f3n del lugar, RFC, raz\u00f3n social y n\u00famero de tel\u00e9fono, firmada por representante legal y\/o propietario del inmueble.<\/td>\n<\/tr>\n<tr>\n<td>Condici\u00f3n para realizar el tr\u00e1mite<\/td>\n<td>Ser una instituci\u00f3n y\/o empresa privada con actividad empresarial.<\/td>\n<\/tr>\n<\/tbody>\n<\/table>\n<p><span style=\"color: #9f2241;\"><span style=\"font-size: 18px;\"><b>COSTOS<\/b><\/span><\/span><\/p>\n<table>\n<tbody>\n<tr>\n<td style=\"width: 25%; background-color: #e2e1e6; color: black;\">Costo:<\/td>\n<td>$ 1,913.10<\/td>\n<\/tr>\n<tr>\n<td style=\"width: 25%; background-color: #e2e1e6;\"><span style=\"color: #000000;\">Fundamento Jur\u00eddico del Cobro:<\/span><\/td>\n<td>ART. 119 del Reglamento de Protecci\u00f3n Civil del Municipio de Ahome y tarifa aprobada por la Sesi\u00f3n Ordinaria de Cabildo del 7 de mayo de 2014.<\/td>\n<\/tr>\n<tr>\n<td style=\"width: 25%; background-color: #e2e1e6; color: black;\">Ordenamiento cobro del tr\u00e1mite:<\/td>\n<td>Reglamento de Protecci\u00f3n Civil del Municipio de Ahome, decreto municipal 44.<\/td>\n<\/tr>\n<tr>\n<td style=\"width: 25%; background-color: #e2e1e6;\"><span style=\"color: #000000;\">Observaciones:<\/span><\/td>\n<td>Licencia de Operaci\u00f3n para comercio con riesgo alto<\/td>\n<\/tr>\n<\/tbody>\n<\/table>\n<p><span style=\"font-weight: bold; color: #9f2241; font-family: Roboto, sans-serif; font-size: 18px; font-style: normal; font-variant-ligatures: normal; font-variant-caps: normal;\">DOCUMENTOS A OBTENER PRODUCTO DEL TR\u00c1MITE<\/span><\/p>\n<table>\n<tbody>\n<tr>\n<td style=\"width: 25%; background-color: #e2e1e6; color: black;\">Documentos a obtener como producto de tr\u00e1mite:<\/td>\n<td>Licencia de Operaci\u00f3n<\/td>\n<\/tr>\n<\/tbody>\n<\/table>\n<h6><b>OFICINAS DE ATENCI\u00d3N<\/b><\/h6>\n<table>\n<tbody>\n<tr>\n<td style=\"width: 25%; background-color: #e2e1e6; color: black;\">Secretar\u00eda:<\/td>\n<td>Secretar\u00eda de Seguridad y Protecci\u00f3n Ciudadana del Municipio de Ahome<\/td>\n<\/tr>\n<tr>\n<td style=\"width: 25%; background-color: #e2e1e6; color: black;\">Direcci\u00f3n:<\/td>\n<td>Blvd. Macario Gaxiola y 2 de abril, Col. Ra\u00fal Romanillo, C.P. 81285, Los Mochis, Ahome, Sinaloa<\/td>\n<\/tr>\n<tr>\n<td style=\"width: 25%; background-color: #e2e1e6; color: black;\">Oficina de atenci\u00f3n:<\/td>\n<td>Oficinas de Protecci\u00f3n Civil Ahome<\/td>\n<\/tr>\n<\/tbody>\n<\/table>\n","protected":false},"excerpt":{"rendered":"<p>DATOS GENERALES Sujeto Obligado Departamento de Protecci\u00f3n Civil y Bomberos Unidad Administrativa Secretar\u00eda de Seguridad y Protecci\u00f3n Ciudadana del Municipio de Ahome Oficina de Atenci\u00f3n Oficinas de la Unidad Municipal de Protecci\u00f3n Civil Ahome Nombre del Tr\u00e1mite y\/o Servicio Licencia de Operaci\u00f3n con Riesgo Alto. Objetivo (Descripci\u00f3n) Empresas, industrias, escuelas publicas y\/o privadas, organismos p\u00fablicos &hellip;<\/p>\n<p class=\"read-more\"> <a class=\"\" href=\"https:\/\/reaktorweb.com\/ahome\/licencia-de-operacion-con-riesgo-alto\/\"> <span class=\"screen-reader-text\">Licencia de Operaci\u00f3n con Riesgo Alto<\/span> Leer m\u00e1s &raquo;<\/a><\/p>\n","protected":false},"author":1,"featured_media":0,"parent":0,"menu_order":0,"comment_status":"closed","ping_status":"closed","template":"","meta":{"site-sidebar-layout":"default","site-content-layout":"default","ast-main-header-display":"","ast-hfb-above-header-display":"","ast-hfb-below-header-display":"","ast-hfb-mobile-header-display":"","site-post-title":"","ast-breadcrumbs-content":"","ast-featured-img":"","footer-sml-layout":"","theme-transparent-header-meta":"","adv-header-id-meta":"","stick-header-meta":"","header-above-stick-meta":"","header-main-stick-meta":"","header-below-stick-meta":"","spay_email":"","footnotes":""},"class_list":["post-327","page","type-page","status-publish","hentry"],"jetpack_sharing_enabled":true,"jetpack_likes_enabled":false,"_links":{"self":[{"href":"https:\/\/reaktorweb.com\/ahome\/wp-json\/wp\/v2\/pages\/327","targetHints":{"allow":["GET"]}}],"collection":[{"href":"https:\/\/reaktorweb.com\/ahome\/wp-json\/wp\/v2\/pages"}],"about":[{"href":"https:\/\/reaktorweb.com\/ahome\/wp-json\/wp\/v2\/types\/page"}],"author":[{"embeddable":true,"href":"https:\/\/reaktorweb.com\/ahome\/wp-json\/wp\/v2\/users\/1"}],"replies":[{"embeddable":true,"href":"https:\/\/reaktorweb.com\/ahome\/wp-json\/wp\/v2\/comments?post=327"}],"version-history":[{"count":0,"href":"https:\/\/reaktorweb.com\/ahome\/wp-json\/wp\/v2\/pages\/327\/revisions"}],"wp:attachment":[{"href":"https:\/\/reaktorweb.com\/ahome\/wp-json\/wp\/v2\/media?parent=327"}],"curies":[{"name":"wp","href":"https:\/\/api.w.org\/{rel}","templated":true}]}}