{"id":335,"date":"2022-01-26T10:52:25","date_gmt":"2022-01-26T17:52:25","guid":{"rendered":"https:\/\/reaktorweb.com\/ahome\/?page_id=5297"},"modified":"2022-01-26T10:52:25","modified_gmt":"2022-01-26T17:52:25","slug":"limpieza-de-solares","status":"publish","type":"page","link":"https:\/\/reaktorweb.com\/ahome\/limpieza-de-solares\/","title":{"rendered":"Limpieza de solares"},"content":{"rendered":"<p><span style=\"color: #9f2241;\"><span style=\"font-size: 18px;\"><b>DATOS GENERALES<\/b><\/span><\/span><\/p>\n<table width=\"727\">\n<tbody>\n<tr>\n<td width=\"233\">Sujeto Obligado<\/td>\n<td width=\"494\">Director de Servicios P\u00fablicos<\/td>\n<\/tr>\n<tr>\n<td width=\"233\">Unidad Administrativa<\/td>\n<td width=\"494\">Direcci\u00f3n de Servicios P\u00fablicos Municipales<\/td>\n<\/tr>\n<tr>\n<td width=\"233\">Oficina de Atenci\u00f3n<\/td>\n<td width=\"494\">Marcial Ordo\u00f1ez 240 Pte<\/p>\n<p>Col. Bienestar<\/p>\n<p>Los Mochis, Ahome, Sinaloa<\/td>\n<\/tr>\n<tr>\n<td width=\"233\">Nombre del Tr\u00e1mite y\/o Servicio<\/td>\n<td width=\"494\">Limpieza de solares<\/td>\n<\/tr>\n<tr>\n<td width=\"233\">Objetivo (Descripci\u00f3n)<\/td>\n<td width=\"494\">Limpieza de solares bald\u00edos<\/td>\n<\/tr>\n<tr>\n<td width=\"233\">Fundamento Jur\u00eddico del Tr\u00e1mite<\/td>\n<td width=\"494\"><a href=\"https:\/\/drive.google.com\/file\/d\/1XwUcVjZuA5mPwTxKLpISawxNItf2Haan\/view?usp=sharing\">https:\/\/drive.google.com\/file\/d\/1XwUcVjZuA5mPwTxKLpISawxNItf2Haan\/view?usp=sharing<\/a><\/td>\n<\/tr>\n<tr>\n<td width=\"233\">Ordenamiento jur\u00eddico del tr\u00e1mite:<\/td>\n<td width=\"494\">Constituci\u00f3n Pol\u00edtica de los Estados Unidos Mexicanos<\/td>\n<\/tr>\n<tr>\n<td width=\"233\">Plazo de Respuesta<\/td>\n<td width=\"494\">1 a 15 d\u00edas<\/td>\n<\/tr>\n<tr>\n<td width=\"233\">Permite Solicitar Cita<\/td>\n<td width=\"494\">No<\/td>\n<\/tr>\n<tr>\n<td colspan=\"2\" width=\"727\"><span style=\"color: #9f2241;\"><span style=\"font-size: 18px;\"><b>REQUISITOS<\/b><\/span><\/span><\/td>\n<\/tr>\n<tr>\n<td width=\"233\">Documentos<\/td>\n<td width=\"494\">Permiso de ecolog\u00eda<\/td>\n<\/tr>\n<tr>\n<td colspan=\"2\" width=\"727\"><span style=\"color: #9f2241;\"><span style=\"font-size: 18px;\"><b>COSTOS<\/b><\/span><\/span><\/td>\n<\/tr>\n<tr>\n<td width=\"233\">Sin costo<\/td>\n<td width=\"494\">Servicio gratuito<\/td>\n<\/tr>\n<tr>\n<td colspan=\"2\" width=\"727\"><span style=\"color: #9f2241;\"><span style=\"font-size: 18px;\"><b>DOCUMENTOS A OBTENER PRODUCTO DEL TR\u00c1MITE<\/b><\/span><\/span><\/td>\n<\/tr>\n<tr>\n<td width=\"233\">Documentos<\/td>\n<td width=\"494\">recibo de pago en caso de que sea particular<\/td>\n<\/tr>\n<tr>\n<td colspan=\"2\" width=\"727\"><span style=\"color: #9f2241;\"><span style=\"font-size: 18px;\"><b>OFICINAS DE ATENCI\u00d3N<\/b><\/span><\/span><\/td>\n<\/tr>\n<tr>\n<td width=\"233\">Direcci\u00f3n<\/td>\n<td width=\"494\">Direcci\u00f3n de Servicios P\u00fablicos Municipales<\/td>\n<\/tr>\n<tr>\n<td width=\"233\">Oficina de atenci\u00f3n<\/td>\n<td width=\"494\">Marcial Ordo\u00f1ez 240 Pte<\/p>\n<p>Col. Bienestar<\/p>\n<p>Los Mochis, Ahome, Sinaloa<\/td>\n<\/tr>\n<\/tbody>\n<\/table>\n","protected":false},"excerpt":{"rendered":"<p>DATOS GENERALES Sujeto Obligado Director de Servicios P\u00fablicos Unidad Administrativa Direcci\u00f3n de Servicios P\u00fablicos Municipales Oficina de Atenci\u00f3n Marcial Ordo\u00f1ez 240 Pte Col. Bienestar Los Mochis, Ahome, Sinaloa Nombre del Tr\u00e1mite y\/o Servicio Limpieza de solares Objetivo (Descripci\u00f3n) Limpieza de solares bald\u00edos Fundamento Jur\u00eddico del Tr\u00e1mite https:\/\/drive.google.com\/file\/d\/1XwUcVjZuA5mPwTxKLpISawxNItf2Haan\/view?usp=sharing Ordenamiento jur\u00eddico del tr\u00e1mite: Constituci\u00f3n Pol\u00edtica de los &hellip;<\/p>\n<p class=\"read-more\"> <a class=\"\" href=\"https:\/\/reaktorweb.com\/ahome\/limpieza-de-solares\/\"> <span class=\"screen-reader-text\">Limpieza de solares<\/span> Leer m\u00e1s &raquo;<\/a><\/p>\n","protected":false},"author":1,"featured_media":0,"parent":0,"menu_order":0,"comment_status":"closed","ping_status":"closed","template":"","meta":{"site-sidebar-layout":"default","site-content-layout":"default","ast-main-header-display":"","ast-hfb-above-header-display":"","ast-hfb-below-header-display":"","ast-hfb-mobile-header-display":"","site-post-title":"","ast-breadcrumbs-content":"","ast-featured-img":"","footer-sml-layout":"","theme-transparent-header-meta":"","adv-header-id-meta":"","stick-header-meta":"","header-above-stick-meta":"","header-main-stick-meta":"","header-below-stick-meta":"","spay_email":"","footnotes":""},"class_list":["post-335","page","type-page","status-publish","hentry"],"jetpack_sharing_enabled":true,"jetpack_likes_enabled":false,"_links":{"self":[{"href":"https:\/\/reaktorweb.com\/ahome\/wp-json\/wp\/v2\/pages\/335","targetHints":{"allow":["GET"]}}],"collection":[{"href":"https:\/\/reaktorweb.com\/ahome\/wp-json\/wp\/v2\/pages"}],"about":[{"href":"https:\/\/reaktorweb.com\/ahome\/wp-json\/wp\/v2\/types\/page"}],"author":[{"embeddable":true,"href":"https:\/\/reaktorweb.com\/ahome\/wp-json\/wp\/v2\/users\/1"}],"replies":[{"embeddable":true,"href":"https:\/\/reaktorweb.com\/ahome\/wp-json\/wp\/v2\/comments?post=335"}],"version-history":[{"count":0,"href":"https:\/\/reaktorweb.com\/ahome\/wp-json\/wp\/v2\/pages\/335\/revisions"}],"wp:attachment":[{"href":"https:\/\/reaktorweb.com\/ahome\/wp-json\/wp\/v2\/media?parent=335"}],"curies":[{"name":"wp","href":"https:\/\/api.w.org\/{rel}","templated":true}]}}