{"id":345,"date":"2022-01-26T15:09:50","date_gmt":"2022-01-26T22:09:50","guid":{"rendered":"https:\/\/reaktorweb.com\/ahome\/?page_id=5413"},"modified":"2022-01-26T15:09:50","modified_gmt":"2022-01-26T22:09:50","slug":"pago-del-impuesto-sobre-adquisicion-de-inmuebles","status":"publish","type":"page","link":"https:\/\/reaktorweb.com\/ahome\/pago-del-impuesto-sobre-adquisicion-de-inmuebles\/","title":{"rendered":"Pago del Impuesto Sobre Adquisici\u00f3n de Inmuebles"},"content":{"rendered":"<p><span style=\"color: #9f2241;\"><span style=\"font-size: 18px;\"><b>DATOS GENERALES<\/b><\/span><\/span><\/p>\n<table width=\"727\">\n<tbody>\n<tr>\n<td width=\"233\">Unidad Administrativa<\/td>\n<td width=\"494\">Tesorer\u00eda Municipal<\/td>\n<\/tr>\n<tr>\n<td width=\"233\">Oficina de Atenci\u00f3n<\/td>\n<td width=\"494\">Direcci\u00f3n de Ingresos<\/td>\n<\/tr>\n<tr>\n<td width=\"233\">Nombre del Tr\u00e1mite y\/o Servicio<\/td>\n<td width=\"494\">Pago del Impuesto Sobre Adquisici\u00f3n de Inmuebles<\/td>\n<\/tr>\n<tr>\n<td width=\"233\">Objetivo (Descripci\u00f3n)<\/td>\n<td width=\"494\">Realizar el pago del\u00a0 Impuesto Sobre\u00a0 Adquisici\u00f3n de Inmuebles contemplados en la ley de hacienda municipal del estado de Sinaloa de manera inmediata.<\/td>\n<\/tr>\n<tr>\n<td width=\"233\">Fundamento Jur\u00eddico del Tr\u00e1mite<\/td>\n<td width=\"494\">Ley de Hacienda Municipal del Art. 43 al 53<\/td>\n<\/tr>\n<tr>\n<td width=\"233\">Ordenamiento jur\u00eddico del tr\u00e1mite:<\/td>\n<td width=\"494\">https:\/\/gaceta.congresosinaloa.gob.mx:3001\/pdfs\/leyes\/Ley_44.pdf<\/td>\n<\/tr>\n<tr>\n<td width=\"233\">Aplica Sanci\u00f3n<\/td>\n<td width=\"494\">Si aplica<\/td>\n<\/tr>\n<tr>\n<td width=\"233\">Plazo de Respuesta<\/td>\n<td width=\"494\">5 d\u00edas<\/td>\n<\/tr>\n<tr>\n<td width=\"233\">Permite Solicitar Cita<\/td>\n<td width=\"494\">No aplica<\/td>\n<\/tr>\n<tr>\n<td colspan=\"2\" width=\"727\"><span style=\"color: #9f2241;\"><span style=\"font-size: 18px;\"><b>REQUISITOS<\/b><\/span><\/span><\/td>\n<\/tr>\n<tr>\n<td width=\"233\">Documentos<\/td>\n<td width=\"494\">Informaci\u00f3n catastral<\/td>\n<\/tr>\n<tr>\n<td width=\"233\">Originales<\/td>\n<td>1<\/td>\n<\/tr>\n<tr>\n<td width=\"233\">Copias<\/td>\n<td width=\"494\">1<\/td>\n<\/tr>\n<tr>\n<td width=\"233\">Copias certificadas<\/td>\n<td width=\"494\">No aplica<\/td>\n<\/tr>\n<tr>\n<td width=\"233\">Detalles<\/td>\n<td width=\"494\">Que los datos sean claros y expl\u00edcitos<\/td>\n<\/tr>\n<tr>\n<td width=\"233\">Condici\u00f3n para realizar el tr\u00e1mite<\/td>\n<td width=\"494\">Firmada y sellada por notar\u00eda en su caso<\/td>\n<\/tr>\n<tr>\n<td colspan=\"2\" width=\"727\"><\/td>\n<\/tr>\n<tr>\n<td width=\"233\">Documentos<\/td>\n<td width=\"494\">Solvencia Fiscal<\/td>\n<\/tr>\n<tr>\n<td width=\"233\">Originales<\/td>\n<td>1<\/td>\n<\/tr>\n<tr>\n<td width=\"233\">Copias<\/td>\n<td width=\"494\">No aplica<\/td>\n<\/tr>\n<tr>\n<td width=\"233\">Copias certificadas<\/td>\n<td width=\"494\">No aplica<\/td>\n<\/tr>\n<tr>\n<td width=\"233\">Detalles<\/td>\n<td width=\"494\">No aplica<\/td>\n<\/tr>\n<tr>\n<td width=\"233\">Condici\u00f3n para realizar el tr\u00e1mite<\/td>\n<td width=\"494\">Que est\u00e9 vigente al realizar el tr\u00e1mite<\/td>\n<\/tr>\n<tr>\n<td colspan=\"2\" width=\"727\"><\/td>\n<\/tr>\n<tr>\n<td width=\"233\">Documentos<\/td>\n<td width=\"494\">Declaraci\u00f3n de Impuestos<\/td>\n<\/tr>\n<tr>\n<td width=\"233\">Originales<\/td>\n<td>1<\/td>\n<\/tr>\n<tr>\n<td width=\"233\">Copias<\/td>\n<td width=\"494\">2<\/td>\n<\/tr>\n<tr>\n<td width=\"233\">Copias certificadas<\/td>\n<td width=\"494\">No aplica<\/td>\n<\/tr>\n<tr>\n<td width=\"233\">Detalles<\/td>\n<td width=\"494\">Que los datos sean claros y expl\u00edcitos<\/td>\n<\/tr>\n<tr>\n<td width=\"233\">Condici\u00f3n para realizar el tr\u00e1mite<\/td>\n<td width=\"494\">Firmada y sellada por notar\u00eda en su caso<\/td>\n<\/tr>\n<tr>\n<td colspan=\"2\" width=\"727\"><\/td>\n<\/tr>\n<tr>\n<td width=\"233\">Documentos<\/td>\n<td width=\"494\">C\u00e9dula Catastral<\/td>\n<\/tr>\n<tr>\n<td width=\"233\">Originales<\/td>\n<td>No aplica<\/td>\n<\/tr>\n<tr>\n<td width=\"233\">Copias<\/td>\n<td width=\"494\">1<\/td>\n<\/tr>\n<tr>\n<td width=\"233\">Copias certificadas<\/td>\n<td width=\"494\">No aplica<\/td>\n<\/tr>\n<tr>\n<td width=\"233\">Detalles<\/td>\n<td width=\"494\">No aplica<\/td>\n<\/tr>\n<tr>\n<td width=\"233\">Condici\u00f3n para realizar el tr\u00e1mite<\/td>\n<td width=\"494\">Sellada y firmada por los involucrados<\/td>\n<\/tr>\n<tr>\n<td colspan=\"2\" width=\"727\"><\/td>\n<\/tr>\n<tr>\n<td width=\"233\">Documentos<\/td>\n<td width=\"494\">Escritura P\u00fablica<\/td>\n<\/tr>\n<tr>\n<td width=\"233\">Originales<\/td>\n<td>No aplica<\/td>\n<\/tr>\n<tr>\n<td width=\"233\">Copias<\/td>\n<td width=\"494\">1<\/td>\n<\/tr>\n<tr>\n<td width=\"233\">Copias certificadas<\/td>\n<td width=\"494\">No aplica<\/td>\n<\/tr>\n<tr>\n<td width=\"233\">Detalles<\/td>\n<td width=\"494\">No aplica<\/td>\n<\/tr>\n<tr>\n<td width=\"233\">Condici\u00f3n para realizar el tr\u00e1mite<\/td>\n<td width=\"494\">Sellada y firmada por los involucrados<\/td>\n<\/tr>\n<tr>\n<td colspan=\"2\" width=\"727\"><\/td>\n<\/tr>\n<tr>\n<td width=\"233\">Documentos<\/td>\n<td width=\"494\">Acta de nacimiento, acta de matrimonio y credencial de elector<\/td>\n<\/tr>\n<tr>\n<td width=\"233\">Originales<\/td>\n<td>No aplica<\/td>\n<\/tr>\n<tr>\n<td width=\"233\">Copias<\/td>\n<td width=\"494\">1<\/td>\n<\/tr>\n<tr>\n<td width=\"233\">Copias certificadas<\/td>\n<td width=\"494\">No aplica<\/td>\n<\/tr>\n<tr>\n<td width=\"233\">Detalles<\/td>\n<td width=\"494\">Obligatorio<\/td>\n<\/tr>\n<tr>\n<td width=\"233\">Condici\u00f3n para realizar el tr\u00e1mite<\/td>\n<td width=\"494\">No aplica<\/td>\n<\/tr>\n<tr>\n<td colspan=\"2\" width=\"727\"><span style=\"color: #9f2241;\"><span style=\"font-size: 18px;\"><b>COSTOS<\/b><\/span><\/span><\/td>\n<\/tr>\n<tr>\n<td width=\"233\">Costo<\/td>\n<td width=\"494\">Variable<\/td>\n<\/tr>\n<tr>\n<td width=\"233\">Fundamento Jur\u00eddico del Cobro<\/td>\n<td width=\"494\">Ley de Hacienda Municipal del estado de Sinaloa del Articulo\u00a0 45 al\u00a0 53<\/td>\n<\/tr>\n<tr>\n<td width=\"233\">Ordenamiento cobro del tr\u00e1mite<\/td>\n<td width=\"494\">https:\/\/gaceta.congresosinaloa.gob.mx:3001\/pdfs\/leyes\/Ley_44.pdf<\/td>\n<\/tr>\n<tr>\n<td colspan=\"2\" width=\"727\"><span style=\"color: #9f2241;\"><span style=\"font-size: 18px;\"><b>DOCUMENTOS A OBTENER PRODUCTO DEL TR\u00c1MITE<\/b><\/span><\/span><\/td>\n<\/tr>\n<tr>\n<td width=\"233\">Documentos<\/td>\n<td width=\"494\">Recibo oficial del pago, copia de informaci\u00f3n catastral, copia de la declaraci\u00f3n de impuestos.<\/td>\n<\/tr>\n<tr>\n<td colspan=\"2\" width=\"727\"><span style=\"color: #9f2241;\"><span style=\"font-size: 18px;\"><b>OFICINAS DE ATENCI\u00d3N<\/b><\/span><\/span><\/td>\n<\/tr>\n<tr>\n<td width=\"233\">Direcci\u00f3n<\/td>\n<td width=\"494\">Direcci\u00f3n de Ingresos<\/td>\n<\/tr>\n<tr>\n<td width=\"233\">Oficina de atenci\u00f3n<\/td>\n<td width=\"494\">Direcci\u00f3n de Ingresos<\/td>\n<\/tr>\n<\/tbody>\n<\/table>\n","protected":false},"excerpt":{"rendered":"<p>DATOS GENERALES Unidad Administrativa Tesorer\u00eda Municipal Oficina de Atenci\u00f3n Direcci\u00f3n de Ingresos Nombre del Tr\u00e1mite y\/o Servicio Pago del Impuesto Sobre Adquisici\u00f3n de Inmuebles Objetivo (Descripci\u00f3n) Realizar el pago del\u00a0 Impuesto Sobre\u00a0 Adquisici\u00f3n de Inmuebles contemplados en la ley de hacienda municipal del estado de Sinaloa de manera inmediata. Fundamento Jur\u00eddico del Tr\u00e1mite Ley de &hellip;<\/p>\n<p class=\"read-more\"> <a class=\"\" href=\"https:\/\/reaktorweb.com\/ahome\/pago-del-impuesto-sobre-adquisicion-de-inmuebles\/\"> <span class=\"screen-reader-text\">Pago del Impuesto Sobre Adquisici\u00f3n de Inmuebles<\/span> Leer m\u00e1s &raquo;<\/a><\/p>\n","protected":false},"author":1,"featured_media":0,"parent":0,"menu_order":0,"comment_status":"closed","ping_status":"closed","template":"","meta":{"site-sidebar-layout":"default","site-content-layout":"default","ast-main-header-display":"","ast-hfb-above-header-display":"","ast-hfb-below-header-display":"","ast-hfb-mobile-header-display":"","site-post-title":"","ast-breadcrumbs-content":"","ast-featured-img":"","footer-sml-layout":"","theme-transparent-header-meta":"","adv-header-id-meta":"","stick-header-meta":"","header-above-stick-meta":"","header-main-stick-meta":"","header-below-stick-meta":"","spay_email":"","footnotes":""},"class_list":["post-345","page","type-page","status-publish","hentry"],"jetpack_sharing_enabled":true,"jetpack_likes_enabled":false,"_links":{"self":[{"href":"https:\/\/reaktorweb.com\/ahome\/wp-json\/wp\/v2\/pages\/345","targetHints":{"allow":["GET"]}}],"collection":[{"href":"https:\/\/reaktorweb.com\/ahome\/wp-json\/wp\/v2\/pages"}],"about":[{"href":"https:\/\/reaktorweb.com\/ahome\/wp-json\/wp\/v2\/types\/page"}],"author":[{"embeddable":true,"href":"https:\/\/reaktorweb.com\/ahome\/wp-json\/wp\/v2\/users\/1"}],"replies":[{"embeddable":true,"href":"https:\/\/reaktorweb.com\/ahome\/wp-json\/wp\/v2\/comments?post=345"}],"version-history":[{"count":0,"href":"https:\/\/reaktorweb.com\/ahome\/wp-json\/wp\/v2\/pages\/345\/revisions"}],"wp:attachment":[{"href":"https:\/\/reaktorweb.com\/ahome\/wp-json\/wp\/v2\/media?parent=345"}],"curies":[{"name":"wp","href":"https:\/\/api.w.org\/{rel}","templated":true}]}}