{"id":349,"date":"2022-01-27T14:12:56","date_gmt":"2022-01-27T21:12:56","guid":{"rendered":"https:\/\/reaktorweb.com\/ahome\/?page_id=5567"},"modified":"2022-01-27T14:12:56","modified_gmt":"2022-01-27T21:12:56","slug":"permiso-de-estacionamiento-nuevo","status":"publish","type":"page","link":"https:\/\/reaktorweb.com\/ahome\/permiso-de-estacionamiento-nuevo\/","title":{"rendered":"Permiso de Estacionamiento Nuevo"},"content":{"rendered":"<p><span style=\"color: #9f2241;\"><span style=\"font-size: 18px;\"><b>DATOS GENERALES<br \/>\n<\/b><\/span><\/span><\/p>\n<table width=\"727\">\n<tbody>\n<tr>\n<td colspan=\"2\" width=\"727\">DATOS GENERALES<\/td>\n<\/tr>\n<tr>\n<td width=\"233\">Sectretaria<\/td>\n<td width=\"494\">Presidencia Municipal<\/td>\n<\/tr>\n<tr>\n<td width=\"233\">Unidad Administrativa<\/td>\n<td width=\"494\">Direcci\u00f3n de Inspecci\u00f3n y Normatividad<\/td>\n<\/tr>\n<tr>\n<td width=\"233\">Oficina de Atenci\u00f3n<\/td>\n<td width=\"494\">Direcci\u00f3n de Inspecci\u00f3n y Normatividad<\/td>\n<\/tr>\n<tr>\n<td width=\"233\">Nombre del Tr\u00e1mite y\/o Servicio<\/td>\n<td width=\"494\">Permiso de Estacionamiento Nuevo<\/td>\n<\/tr>\n<tr>\n<td width=\"233\">Objetivo (Descripci\u00f3n)<\/td>\n<td width=\"494\">Permiso que se expide por el H. Ayuntamiento a traves de la Direcci\u00f3n de Inspecci\u00f3n y Normatividad para otorgar permiso de apertura de estacionamiento<\/td>\n<\/tr>\n<tr>\n<td width=\"233\">Fundamento Jur\u00eddico del Tr\u00e1mite<\/td>\n<td width=\"494\">REGLAMENTO DE ESTACIONAMIENTOS P\u00daBLICOS EN EL MUNICIPIO DE AHOME<\/td>\n<\/tr>\n<tr>\n<td width=\"233\">Ordenamiento jur\u00eddico del tr\u00e1mite:<\/td>\n<td width=\"494\">Art. 7, 3 y 22<\/td>\n<\/tr>\n<tr>\n<td width=\"233\">Aplica Sanci\u00f3n<\/td>\n<td width=\"494\">si<\/td>\n<\/tr>\n<tr>\n<td width=\"233\">Plazo de Respuesta<\/td>\n<td width=\"494\">5 d\u00edas<\/td>\n<\/tr>\n<tr>\n<td width=\"233\">Aplica figura Jur\u00eddica<\/td>\n<td width=\"494\">No aplica<\/td>\n<\/tr>\n<tr>\n<td width=\"233\">Permite Solicitar Cita<\/td>\n<td width=\"494\">No<\/td>\n<\/tr>\n<tr>\n<td colspan=\"2\" width=\"727\">REQUISITOS<\/td>\n<\/tr>\n<tr>\n<td width=\"233\">Documento<\/td>\n<td width=\"494\">Solicitud dirigida al director<\/td>\n<\/tr>\n<tr>\n<td width=\"233\">original<\/td>\n<td width=\"494\">1<\/td>\n<\/tr>\n<tr>\n<td width=\"233\">detalles<\/td>\n<td width=\"494\">Lic. Enrique F. L\u00f3pez Miranda<\/td>\n<\/tr>\n<tr>\n<td width=\"233\">Documento<\/td>\n<td width=\"494\">Uso de suelo<\/td>\n<\/tr>\n<tr>\n<td width=\"233\">copia<\/td>\n<td width=\"494\">1<\/td>\n<\/tr>\n<tr>\n<td width=\"233\">detalles<\/td>\n<td width=\"494\">Dirigirse a medio ambiente y desarrollo urbano<\/td>\n<\/tr>\n<tr>\n<td width=\"233\">Documento<\/td>\n<td width=\"494\">Licencia de construcci\u00f3n<\/td>\n<\/tr>\n<tr>\n<td width=\"233\">copia<\/td>\n<td width=\"494\">1<\/td>\n<\/tr>\n<tr>\n<td width=\"233\">detalles<\/td>\n<td width=\"494\">Dirigirse a medio ambiente y desarrollo urbano<\/td>\n<\/tr>\n<tr>\n<td width=\"233\">Documento<\/td>\n<td width=\"494\">Declaracion de hacienda actualizada<\/td>\n<\/tr>\n<tr>\n<td width=\"233\">copia<\/td>\n<td width=\"494\">1<\/td>\n<\/tr>\n<tr>\n<td width=\"233\">Documento<\/td>\n<td width=\"494\">Poliza de seguro contra da\u00f1os<\/td>\n<\/tr>\n<tr>\n<td width=\"233\">copia<\/td>\n<td width=\"494\">1<\/td>\n<\/tr>\n<tr>\n<td width=\"233\">Documento<\/td>\n<td width=\"494\">Constancia de no adeudo<\/td>\n<\/tr>\n<tr>\n<td width=\"233\">copia<\/td>\n<td width=\"494\">1<\/td>\n<\/tr>\n<tr>\n<td width=\"233\">detalles<\/td>\n<td width=\"494\">Acudir a ingresos<\/td>\n<\/tr>\n<tr>\n<td width=\"233\">Documento<\/td>\n<td width=\"494\">RFC<\/td>\n<\/tr>\n<tr>\n<td width=\"233\">copia<\/td>\n<td width=\"494\">1<\/td>\n<\/tr>\n<tr>\n<td width=\"233\">Documento<\/td>\n<td width=\"494\">recibo de pago<\/td>\n<\/tr>\n<tr>\n<td width=\"233\">copia<\/td>\n<td width=\"494\">1<\/td>\n<\/tr>\n<tr>\n<td width=\"233\">Documento<\/td>\n<td width=\"494\">Nombre o raz\u00f3n social\u00a0 del interesado (segun sea el caso)<\/td>\n<\/tr>\n<tr>\n<td width=\"233\">original<\/td>\n<td width=\"494\">1<\/td>\n<\/tr>\n<tr>\n<td width=\"233\">detalles<\/td>\n<td width=\"494\">a\u00f1adir esta informacion en la solicitud<\/td>\n<\/tr>\n<tr>\n<td width=\"233\">Documento<\/td>\n<td width=\"494\">direcci\u00f3n del solicitante<\/td>\n<\/tr>\n<tr>\n<td width=\"233\">original<\/td>\n<td width=\"494\">1<\/td>\n<\/tr>\n<tr>\n<td width=\"233\">detalles<\/td>\n<td width=\"494\">especificar esta informacion en la solicitud dirigida al director<\/td>\n<\/tr>\n<tr>\n<td width=\"233\">Documento<\/td>\n<td width=\"494\">n\u00famero y rango de cajones\u00a0 de estacionamiento<\/td>\n<\/tr>\n<tr>\n<td width=\"233\">detalles<\/td>\n<td width=\"494\">especificar esta informacion en solicitud dirigida al director<\/td>\n<\/tr>\n<tr>\n<td width=\"233\">Documento<\/td>\n<td width=\"494\">clasificaci\u00f3n del estacionamiento<\/td>\n<\/tr>\n<tr>\n<td width=\"233\">detalles<\/td>\n<td width=\"494\">especificar esta informacion en la solicitud dirigida al director<\/td>\n<\/tr>\n<tr>\n<td width=\"233\">Documento<\/td>\n<td width=\"494\">ubicaci\u00f3n del estacionamiento<\/td>\n<\/tr>\n<tr>\n<td width=\"233\">detalles<\/td>\n<td width=\"494\">anexar esta informacion en solicitud dirigida al director<\/td>\n<\/tr>\n<tr>\n<td width=\"233\">Documento<\/td>\n<td width=\"494\">Escritura o contrato de arrendamiento<\/td>\n<\/tr>\n<tr>\n<td width=\"233\">detalles<\/td>\n<td width=\"494\">lo que compruebe la utilizacion del inmueble<\/td>\n<\/tr>\n<tr>\n<td width=\"233\">Documento<\/td>\n<td width=\"494\">fecha en que se iniciar\u00e1 la operaci\u00f3n<\/td>\n<\/tr>\n<tr>\n<td width=\"233\">detalles<\/td>\n<td width=\"494\">especificar ese dato en la solicitud dirigida al director<\/td>\n<\/tr>\n<tr>\n<td width=\"233\">Documento<\/td>\n<td width=\"494\">Horario en que se prestara el servicio<\/td>\n<\/tr>\n<tr>\n<td width=\"233\">detalles<\/td>\n<td width=\"494\">mencionar ese requisito en la solicitud dirigida al director<\/td>\n<\/tr>\n<tr>\n<td width=\"233\">Documento<\/td>\n<td width=\"494\">Carta de Opini\u00f3n Favorable por parte de Protecci\u00f3n Civil Municipal.<\/td>\n<\/tr>\n<tr>\n<td width=\"233\">original<\/td>\n<td width=\"494\">1<\/td>\n<\/tr>\n<tr>\n<td width=\"233\">Documento<\/td>\n<td width=\"494\">carta de no adeudo Municipal<\/td>\n<\/tr>\n<tr>\n<td width=\"233\">original<\/td>\n<td width=\"494\">1<\/td>\n<\/tr>\n<tr>\n<td width=\"233\">Documento<\/td>\n<td width=\"494\">Escritura o contrato de arrendamiento<\/td>\n<\/tr>\n<tr>\n<td width=\"233\">copia<\/td>\n<td width=\"494\">1<\/td>\n<\/tr>\n<tr>\n<td colspan=\"2\" width=\"727\">COSTOS<\/td>\n<\/tr>\n<tr>\n<td width=\"233\">Costo<\/td>\n<td width=\"494\">variabilidad en el tipo de estacionamiento, numero de cajones y el salario minimo<\/td>\n<\/tr>\n<tr>\n<td width=\"233\">Fundamento Jur\u00eddico del Cobro<\/td>\n<td width=\"494\">Capitulo I, Art. 5<\/td>\n<\/tr>\n<tr>\n<td width=\"233\">Ordenamiento cobro del tr\u00e1mite<\/td>\n<td width=\"494\">Reglamento de Estacionamientos P\u00fablicos en el Municipio de Ahome<\/td>\n<\/tr>\n<tr>\n<td width=\"233\">Observaciones<\/td>\n<td width=\"494\">Estacionamientos de una sola planta 2 salarios minimos por cada cajon y estacionamientos de dos plantas 1 salario minimo por cada cajon<\/td>\n<\/tr>\n<tr>\n<td colspan=\"2\" width=\"727\">DOCUMENTOS A OBTENER PRODUCTO DEL TR\u00c1MITE<\/td>\n<\/tr>\n<tr>\n<td width=\"233\">Documentos<\/td>\n<td width=\"494\">Permiso de Estacionamiento Nuevo<\/td>\n<\/tr>\n<tr>\n<td colspan=\"2\" width=\"727\">OFICINAS DE ATENCI\u00d3N<\/td>\n<\/tr>\n<tr>\n<td width=\"233\">Secretar\u00eda<\/td>\n<td width=\"494\">Presidencia Municipal<\/td>\n<\/tr>\n<tr>\n<td width=\"233\">Direcci\u00f3n<\/td>\n<td width=\"494\">Direcci\u00f3n de Inspecci\u00f3n y Normatividad<\/td>\n<\/tr>\n<tr>\n<td width=\"233\">Oficina de atenci\u00f3n<\/td>\n<td width=\"494\">Direcci\u00f3n de Inspecci\u00f3n y Normatividad<\/td>\n<\/tr>\n<tr>\n<td colspan=\"2\" width=\"727\">CRITERIOS DE APLICACI\u00d3N<\/td>\n<\/tr>\n<tr>\n<td width=\"233\">Tema<\/td>\n<td width=\"494\">Economia y negocios<\/td>\n<\/tr>\n<tr>\n<td width=\"233\">Sector<\/td>\n<td width=\"494\">servicio<\/td>\n<\/tr>\n<tr>\n<td width=\"233\">Giros que aplican<\/td>\n<td width=\"494\">servicio<\/td>\n<\/tr>\n<tr>\n<td width=\"233\">Perfil ciudadano:<\/td>\n<td width=\"494\">General<\/td>\n<\/tr>\n<tr>\n<td width=\"233\">En caso de requerir inspecci\u00f3n o verificaci\u00f3n, se\u00f1alar el objetivo de la misma<\/td>\n<td width=\"494\">verificar el cumplimiento de los requisitos establecidos y aprobar el n\u00famero o rango de cajones as\u00ed como el horario de funcionamiento<\/td>\n<\/tr>\n<tr>\n<td width=\"233\">*Para la informaci\u00f3n a que se refieren las fracciones V,VI,VII,VIII,X,XI,XII,XIII,XIV Y XVIII anteriores, los Sujetos Obligados deber\u00e1n establecer el fundamento Jur\u00eddico apliacable, relacion\u00e1ndolo con la Regulaci\u00f3n inscrita en el Registro Estatal de Regulaciones.<\/td>\n<td width=\"494\">REGLAMENTO DE ESTACIONAMIENTOS PUBLICOS EN EL MUNICIPIO DE AHOME, Art. 2,7 y 22<\/td>\n<\/tr>\n<\/tbody>\n<\/table>\n","protected":false},"excerpt":{"rendered":"<p>DATOS GENERALES DATOS GENERALES Sectretaria Presidencia Municipal Unidad Administrativa Direcci\u00f3n de Inspecci\u00f3n y Normatividad Oficina de Atenci\u00f3n Direcci\u00f3n de Inspecci\u00f3n y Normatividad Nombre del Tr\u00e1mite y\/o Servicio Permiso de Estacionamiento Nuevo Objetivo (Descripci\u00f3n) Permiso que se expide por el H. Ayuntamiento a traves de la Direcci\u00f3n de Inspecci\u00f3n y Normatividad para otorgar permiso de apertura &hellip;<\/p>\n<p class=\"read-more\"> <a class=\"\" href=\"https:\/\/reaktorweb.com\/ahome\/permiso-de-estacionamiento-nuevo\/\"> <span class=\"screen-reader-text\">Permiso de Estacionamiento Nuevo<\/span> Leer m\u00e1s &raquo;<\/a><\/p>\n","protected":false},"author":1,"featured_media":0,"parent":0,"menu_order":0,"comment_status":"closed","ping_status":"closed","template":"","meta":{"site-sidebar-layout":"default","site-content-layout":"default","ast-main-header-display":"","ast-hfb-above-header-display":"","ast-hfb-below-header-display":"","ast-hfb-mobile-header-display":"","site-post-title":"","ast-breadcrumbs-content":"","ast-featured-img":"","footer-sml-layout":"","theme-transparent-header-meta":"","adv-header-id-meta":"","stick-header-meta":"","header-above-stick-meta":"","header-main-stick-meta":"","header-below-stick-meta":"","spay_email":"","footnotes":""},"class_list":["post-349","page","type-page","status-publish","hentry"],"jetpack_sharing_enabled":true,"jetpack_likes_enabled":false,"_links":{"self":[{"href":"https:\/\/reaktorweb.com\/ahome\/wp-json\/wp\/v2\/pages\/349","targetHints":{"allow":["GET"]}}],"collection":[{"href":"https:\/\/reaktorweb.com\/ahome\/wp-json\/wp\/v2\/pages"}],"about":[{"href":"https:\/\/reaktorweb.com\/ahome\/wp-json\/wp\/v2\/types\/page"}],"author":[{"embeddable":true,"href":"https:\/\/reaktorweb.com\/ahome\/wp-json\/wp\/v2\/users\/1"}],"replies":[{"embeddable":true,"href":"https:\/\/reaktorweb.com\/ahome\/wp-json\/wp\/v2\/comments?post=349"}],"version-history":[{"count":0,"href":"https:\/\/reaktorweb.com\/ahome\/wp-json\/wp\/v2\/pages\/349\/revisions"}],"wp:attachment":[{"href":"https:\/\/reaktorweb.com\/ahome\/wp-json\/wp\/v2\/media?parent=349"}],"curies":[{"name":"wp","href":"https:\/\/api.w.org\/{rel}","templated":true}]}}