{"id":350,"date":"2022-01-27T11:28:54","date_gmt":"2022-01-27T18:28:54","guid":{"rendered":"https:\/\/reaktorweb.com\/ahome\/?page_id=5476"},"modified":"2022-01-27T11:28:54","modified_gmt":"2022-01-27T18:28:54","slug":"permiso-de-sala-de-fiestas-nuevo","status":"publish","type":"page","link":"https:\/\/reaktorweb.com\/ahome\/permiso-de-sala-de-fiestas-nuevo\/","title":{"rendered":"Permiso de sala de fiestas nuevo"},"content":{"rendered":"<p><span style=\"color: #9f2241;\"><span style=\"font-size: 18px;\"><b>DATOS GENERALES<\/b><\/span><\/span><\/p>\n<table width=\"727\">\n<tbody>\n<tr>\n<td colspan=\"2\" width=\"727\">DATOS GENERALES<\/td>\n<\/tr>\n<tr>\n<td width=\"233\">Unidad Administrativa<\/td>\n<td width=\"494\">Direcci\u00f3n de Inspecci\u00f3n y Normatividad<\/td>\n<\/tr>\n<tr>\n<td width=\"233\">Oficina de Atenci\u00f3n<\/td>\n<td width=\"494\">Direcci\u00f3n de Inspecci\u00f3n y Normatividad<\/td>\n<\/tr>\n<tr>\n<td width=\"233\">Nombre del Tr\u00e1mite y\/o Servicio<\/td>\n<td width=\"494\">Permiso de sala de fiestas nuevo<\/td>\n<\/tr>\n<tr>\n<td width=\"233\">Objetivo (Descripci\u00f3n)<\/td>\n<td width=\"494\">Documento que otorga el ayuntamiento para otorgar permiso para funcionamiento de salas de fiestas<\/td>\n<\/tr>\n<tr>\n<td width=\"233\">Fundamento Jur\u00eddico del Tr\u00e1mite<\/td>\n<td width=\"494\">REGLAMENTO DE ESPECT\u00c1CULOS Y DIVERSIONES P\u00daBLICAS DEL MUNICIPIO DE AHOME<\/td>\n<\/tr>\n<tr>\n<td width=\"233\">Ordenamiento jur\u00eddico del tr\u00e1mite:<\/td>\n<td width=\"494\">Art. 163 (I, II, IV, V, VII,VIII)<\/td>\n<\/tr>\n<tr>\n<td width=\"233\">Aplica Sanci\u00f3n<\/td>\n<td width=\"494\">si<\/td>\n<\/tr>\n<tr>\n<td width=\"233\">Plazo de Respuesta<\/td>\n<td width=\"494\">15<\/td>\n<\/tr>\n<tr>\n<td width=\"233\">Aplica figura Jur\u00eddica<\/td>\n<td width=\"494\">No aplica<\/td>\n<\/tr>\n<tr>\n<td width=\"233\">Permite Solicitar Cita<\/td>\n<td width=\"494\">No<\/td>\n<\/tr>\n<tr>\n<td colspan=\"2\" width=\"727\">REQUISITOS<\/td>\n<\/tr>\n<tr>\n<td width=\"233\">Documentos<\/td>\n<td width=\"494\">Solicitud dirigida al diector<\/td>\n<\/tr>\n<tr>\n<td width=\"233\">Originales<\/td>\n<td width=\"494\">1<\/td>\n<\/tr>\n<tr>\n<td width=\"233\">Detalles<\/td>\n<td width=\"494\">Explicaci\u00f3n con los elementos que corresponda a la petici\u00f3n , y debe ser firmada por el interesado<\/td>\n<\/tr>\n<tr>\n<td width=\"233\">Documentos<\/td>\n<td width=\"494\">Constancia de no adeudo Municipal<\/td>\n<\/tr>\n<tr>\n<td width=\"233\">Originales<\/td>\n<td width=\"494\">1<\/td>\n<\/tr>\n<tr>\n<td width=\"233\">Documentos<\/td>\n<td width=\"494\">Anuencia de vecinos<\/td>\n<\/tr>\n<tr>\n<td width=\"233\">Originales<\/td>\n<td width=\"494\">1<\/td>\n<\/tr>\n<tr>\n<td width=\"233\">Documentos<\/td>\n<td width=\"494\">RFC<\/td>\n<\/tr>\n<tr>\n<td width=\"233\">Copias<\/td>\n<td width=\"494\">1<\/td>\n<\/tr>\n<tr>\n<td width=\"233\">Documentos<\/td>\n<td width=\"494\">Anuencia de Protecci\u00f3n Civil<\/td>\n<\/tr>\n<tr>\n<td width=\"233\">Originales<\/td>\n<td width=\"494\">1<\/td>\n<\/tr>\n<tr>\n<td width=\"233\">Documentos<\/td>\n<td width=\"494\">Uso de Suelo<\/td>\n<\/tr>\n<tr>\n<td width=\"233\">Copias<\/td>\n<td width=\"494\">1<\/td>\n<\/tr>\n<tr>\n<td width=\"233\">Documentos<\/td>\n<td width=\"494\">Revalidaci\u00f3n de alcoholes<\/td>\n<\/tr>\n<tr>\n<td width=\"233\">Documentos<\/td>\n<td width=\"494\">Fotos exteriores e interiores legibles<\/td>\n<\/tr>\n<tr>\n<td width=\"233\">Originales<\/td>\n<td width=\"494\">2<\/td>\n<\/tr>\n<tr>\n<td width=\"233\">Detalles<\/td>\n<td width=\"494\">Si es el caso<\/td>\n<\/tr>\n<tr>\n<td width=\"233\">Criterios a resolver<\/td>\n<td width=\"494\">Que se cumpla con los requisitos, y se autoriza siempre y cuando sea favorable con la verificaci\u00f3n<\/td>\n<\/tr>\n<tr>\n<td colspan=\"2\" width=\"727\">DOCUMENTOS A OBTENER PRODUCTO DEL TR\u00c1MITE<\/td>\n<\/tr>\n<tr>\n<td width=\"233\">Documentos<\/td>\n<td width=\"494\">Permiso de sala de fiestas nuevo<\/td>\n<\/tr>\n<tr>\n<td colspan=\"2\" width=\"727\">OFICINAS DE ATENCI\u00d3N<\/td>\n<\/tr>\n<tr>\n<td width=\"233\">Secretar\u00eda<\/td>\n<td width=\"494\">Presidencia Municipal<\/td>\n<\/tr>\n<tr>\n<td width=\"233\">Direcci\u00f3n<\/td>\n<td width=\"494\">Direccion de Inspecci\u00f3n y Normatividad<\/td>\n<\/tr>\n<tr>\n<td width=\"233\">Oficina de atenci\u00f3n<\/td>\n<td width=\"494\">Direccion de Inspecci\u00f3n y Normatividad<\/td>\n<\/tr>\n<tr>\n<td colspan=\"2\" width=\"727\">CRITERIOS DE APLICACI\u00d3N<\/td>\n<\/tr>\n<tr>\n<td width=\"233\">Giros que aplican<\/td>\n<td width=\"494\">Servicio<\/td>\n<\/tr>\n<tr>\n<td width=\"233\">Perfil ciudadano:<\/td>\n<td width=\"494\">General<\/td>\n<\/tr>\n<tr>\n<td width=\"233\">Etapas de vida<\/td>\n<td width=\"494\">Adulto<\/td>\n<\/tr>\n<tr>\n<td width=\"233\">Aplica edad<\/td>\n<td width=\"494\">si<\/td>\n<\/tr>\n<tr>\n<td width=\"233\">G\u00e9nero:<\/td>\n<td width=\"494\">Ambos<\/td>\n<\/tr>\n<tr>\n<td width=\"233\">Especificar si el Tr\u00e1mite o Servicio debe presentarse mediante formato, escrito libre, ambos o puede solicitarse por otros medios.<\/td>\n<td width=\"494\">formato<\/td>\n<\/tr>\n<tr>\n<td width=\"233\">En caso de requerir inspecci\u00f3n o verificaci\u00f3n, se\u00f1alar el objetivo de la misma<\/td>\n<td width=\"494\">Si, se verifica la anuencia de vecinos<\/td>\n<\/tr>\n<tr>\n<td width=\"233\">Criterios de resoluci\u00f3n del Tr\u00e1mite o Servicio, en su caso<\/td>\n<td width=\"494\">\u00a0Que se cumpla con los requisitos, y se autoriza siempre y cuando sea favorable con la verificaci\u00f3n<\/td>\n<\/tr>\n<\/tbody>\n<\/table>\n","protected":false},"excerpt":{"rendered":"<p>DATOS GENERALES DATOS GENERALES Unidad Administrativa Direcci\u00f3n de Inspecci\u00f3n y Normatividad Oficina de Atenci\u00f3n Direcci\u00f3n de Inspecci\u00f3n y Normatividad Nombre del Tr\u00e1mite y\/o Servicio Permiso de sala de fiestas nuevo Objetivo (Descripci\u00f3n) Documento que otorga el ayuntamiento para otorgar permiso para funcionamiento de salas de fiestas Fundamento Jur\u00eddico del Tr\u00e1mite REGLAMENTO DE ESPECT\u00c1CULOS Y DIVERSIONES &hellip;<\/p>\n<p class=\"read-more\"> <a class=\"\" href=\"https:\/\/reaktorweb.com\/ahome\/permiso-de-sala-de-fiestas-nuevo\/\"> <span class=\"screen-reader-text\">Permiso de sala de fiestas nuevo<\/span> Leer m\u00e1s &raquo;<\/a><\/p>\n","protected":false},"author":1,"featured_media":0,"parent":0,"menu_order":0,"comment_status":"closed","ping_status":"closed","template":"","meta":{"site-sidebar-layout":"default","site-content-layout":"default","ast-main-header-display":"","ast-hfb-above-header-display":"","ast-hfb-below-header-display":"","ast-hfb-mobile-header-display":"","site-post-title":"","ast-breadcrumbs-content":"","ast-featured-img":"","footer-sml-layout":"","theme-transparent-header-meta":"","adv-header-id-meta":"","stick-header-meta":"","header-above-stick-meta":"","header-main-stick-meta":"","header-below-stick-meta":"","spay_email":"","footnotes":""},"class_list":["post-350","page","type-page","status-publish","hentry"],"jetpack_sharing_enabled":true,"jetpack_likes_enabled":false,"_links":{"self":[{"href":"https:\/\/reaktorweb.com\/ahome\/wp-json\/wp\/v2\/pages\/350","targetHints":{"allow":["GET"]}}],"collection":[{"href":"https:\/\/reaktorweb.com\/ahome\/wp-json\/wp\/v2\/pages"}],"about":[{"href":"https:\/\/reaktorweb.com\/ahome\/wp-json\/wp\/v2\/types\/page"}],"author":[{"embeddable":true,"href":"https:\/\/reaktorweb.com\/ahome\/wp-json\/wp\/v2\/users\/1"}],"replies":[{"embeddable":true,"href":"https:\/\/reaktorweb.com\/ahome\/wp-json\/wp\/v2\/comments?post=350"}],"version-history":[{"count":0,"href":"https:\/\/reaktorweb.com\/ahome\/wp-json\/wp\/v2\/pages\/350\/revisions"}],"wp:attachment":[{"href":"https:\/\/reaktorweb.com\/ahome\/wp-json\/wp\/v2\/media?parent=350"}],"curies":[{"name":"wp","href":"https:\/\/api.w.org\/{rel}","templated":true}]}}