{"id":352,"date":"2022-01-27T13:37:49","date_gmt":"2022-01-27T20:37:49","guid":{"rendered":"https:\/\/reaktorweb.com\/ahome\/?page_id=5526"},"modified":"2022-01-27T13:37:49","modified_gmt":"2022-01-27T20:37:49","slug":"permiso-de-tortilleria-nueva","status":"publish","type":"page","link":"https:\/\/reaktorweb.com\/ahome\/permiso-de-tortilleria-nueva\/","title":{"rendered":"Permiso de Tortiller\u00eda Nueva"},"content":{"rendered":"<p><span style=\"color: #9f2241;\"><span style=\"font-size: 18px;\"><b>DATOS GENERALES<br \/>\n<\/b><\/span><\/span><\/p>\n<table width=\"727\">\n<tbody>\n<tr>\n<td colspan=\"2\" width=\"727\">DATOS GENERALES<\/td>\n<\/tr>\n<tr>\n<td width=\"233\">Unidad Administrativa<\/td>\n<td width=\"494\">Direcci\u00f3n de Inspecci\u00f3n y Normatividad<\/td>\n<\/tr>\n<tr>\n<td width=\"233\">Oficina de Atenci\u00f3n<\/td>\n<td width=\"494\">Direcci\u00f3n de Inspecci\u00f3n y Normatividad<\/td>\n<\/tr>\n<tr>\n<td width=\"233\">Nombre del Tr\u00e1mite y\/o Servicio<\/td>\n<td width=\"494\">Permiso de Tortilleria Nueva<\/td>\n<\/tr>\n<tr>\n<td width=\"233\">Objetivo (Descripci\u00f3n)<\/td>\n<td width=\"494\">Permiso que otorga el H. Ayuntamiento de Ahome mediante la Direcci\u00f3n de Inspecci\u00f3n y Normatividad para la apertura y funcionamiento de tortilleria nueva<\/td>\n<\/tr>\n<tr>\n<td width=\"233\">Fundamento Jur\u00eddico del Tr\u00e1mite<\/td>\n<td width=\"494\">REGLAMENTO PARA LA APERTURA Y FUNCIONAMIENTO DE ESTABLECIMIENTOS DESTINADOS A LA PRODUCCI\u00d3N, DISTRIBUCI\u00d3N Y COMERCIALIZACION DE NIXTAMAL, MASA Y TORTILLAS DE MAIZ, PARA EL MUNICIPIO DE AHOME, SINALOA<\/td>\n<\/tr>\n<tr>\n<td width=\"233\">Ordenamiento jur\u00eddico del tr\u00e1mite:<\/td>\n<td width=\"494\">Art. 17, 20<\/td>\n<\/tr>\n<tr>\n<td width=\"233\">Aplica Sanci\u00f3n<\/td>\n<td width=\"494\">si<\/td>\n<\/tr>\n<tr>\n<td width=\"233\">Plazo de Respuesta<\/td>\n<td width=\"494\">30<\/td>\n<\/tr>\n<tr>\n<td width=\"233\">Aplica figura Jur\u00eddica<\/td>\n<td width=\"494\">No aplica<\/td>\n<\/tr>\n<tr>\n<td width=\"233\">Permite Solicitar Cita<\/td>\n<td width=\"494\">No<\/td>\n<\/tr>\n<tr>\n<td colspan=\"2\" width=\"727\">REQUISITOS<\/td>\n<\/tr>\n<tr>\n<td width=\"233\">Documento<\/td>\n<td width=\"494\">Solicitud elaborada dirigida al director de Inspecci\u00f3n y normatividad<\/td>\n<\/tr>\n<tr>\n<td width=\"233\">original<\/td>\n<td width=\"494\">1<\/td>\n<\/tr>\n<tr>\n<td width=\"233\">Detalles<\/td>\n<td width=\"494\">C. Enrique F. Lopez Miranda<\/td>\n<\/tr>\n<tr>\n<td width=\"233\">Documento<\/td>\n<td width=\"494\">Carta de opini\u00f3n favorable expedida por Protecci\u00f3n civil<\/td>\n<\/tr>\n<tr>\n<td width=\"233\">original<\/td>\n<td width=\"494\">1<\/td>\n<\/tr>\n<tr>\n<td width=\"233\">Documento<\/td>\n<td width=\"494\">Credencial de elector<\/td>\n<\/tr>\n<tr>\n<td width=\"233\">copia<\/td>\n<td width=\"494\">1<\/td>\n<\/tr>\n<tr>\n<td width=\"233\">Documento<\/td>\n<td width=\"494\">RFC<\/td>\n<\/tr>\n<tr>\n<td width=\"233\">copia<\/td>\n<td width=\"494\">1<\/td>\n<\/tr>\n<tr>\n<td width=\"233\">Documento<\/td>\n<td width=\"494\">factibilidad de uso de suelo<\/td>\n<\/tr>\n<tr>\n<td width=\"233\">copia<\/td>\n<td width=\"494\">1<\/td>\n<\/tr>\n<tr>\n<td width=\"233\">Documento<\/td>\n<td width=\"494\">Croquis de ubicaci\u00f3n<\/td>\n<\/tr>\n<tr>\n<td width=\"233\">original<\/td>\n<td width=\"494\">1<\/td>\n<\/tr>\n<tr>\n<td width=\"233\">Detalles<\/td>\n<td width=\"494\">representacion clara especificando la manzana\u00a0 y nombre de las calles que la conforman<\/td>\n<\/tr>\n<tr>\n<td width=\"233\">Documento<\/td>\n<td width=\"494\">curso de manejo de alimentos<\/td>\n<\/tr>\n<tr>\n<td width=\"233\">copia<\/td>\n<td width=\"494\">1<\/td>\n<\/tr>\n<tr>\n<td width=\"233\">Documento<\/td>\n<td width=\"494\">carta de no adeudo al Municipio<\/td>\n<\/tr>\n<tr>\n<td width=\"233\">original<\/td>\n<td width=\"494\">1<\/td>\n<\/tr>\n<tr>\n<td width=\"233\">Documento<\/td>\n<td width=\"494\">Carta compromiso del propietario<\/td>\n<\/tr>\n<tr>\n<td width=\"233\">original<\/td>\n<td width=\"494\">1<\/td>\n<\/tr>\n<tr>\n<td width=\"233\">Detalles<\/td>\n<td width=\"494\">comprometiendose a atender todas las disposiciones emitidas por la autoridad municipal<\/td>\n<\/tr>\n<tr>\n<td width=\"233\">Criterios a resolver<\/td>\n<td width=\"494\">&#8211; para personas f\u00edsicas (anexar en la solicitud el nombre, domicilio, giro que se pretenda operar\u00a0 nombre comercial del mismo)<br \/>\n&#8211; para personas morales acreditar la raz\u00f3n social, domicilo, nombre del representante legal y registro federal del contribuyente<\/td>\n<\/tr>\n<tr>\n<td colspan=\"2\" width=\"727\">COSTOS<\/td>\n<\/tr>\n<tr>\n<td width=\"233\">Observaciones<\/td>\n<td width=\"494\">La referencia al cobro del permiso anual de tortillerias, se toma en referencia al a\u00f1o inmediato anterior por el mismo rubro, agregando el aumento de la UMA<\/td>\n<\/tr>\n<tr>\n<td colspan=\"2\" width=\"727\">DOCUMENTOS A OBTENER PRODUCTO DEL TR\u00c1MITE<\/td>\n<\/tr>\n<tr>\n<td width=\"233\">Documentos<\/td>\n<td width=\"494\">Permiso para apertura de tortilleria<\/td>\n<\/tr>\n<tr>\n<td colspan=\"2\" width=\"727\">OFICINAS DE ATENCI\u00d3N<\/td>\n<\/tr>\n<tr>\n<td width=\"233\">Secretar\u00eda<\/td>\n<td width=\"494\">Presidencia Municipal<\/td>\n<\/tr>\n<tr>\n<td width=\"233\">Direcci\u00f3n<\/td>\n<td width=\"494\">Direccion de Inspecci\u00f3n y Normatividad<\/td>\n<\/tr>\n<tr>\n<td width=\"233\">Oficina de atenci\u00f3n<\/td>\n<td width=\"494\">Direccion de Inspecci\u00f3n y Normatividad<\/td>\n<\/tr>\n<tr>\n<td colspan=\"2\" width=\"727\">CRITERIOS DE APLICACI\u00d3N<\/td>\n<\/tr>\n<tr>\n<td width=\"233\">Sector<\/td>\n<td width=\"494\">Economia y negocios<\/td>\n<\/tr>\n<tr>\n<td width=\"233\">Giros que aplican<\/td>\n<td width=\"494\">comercio, servicios<\/td>\n<\/tr>\n<tr>\n<td width=\"233\">Perfil ciudadano:<\/td>\n<td width=\"494\">General<\/td>\n<\/tr>\n<tr>\n<td width=\"233\">Especificar si el Tr\u00e1mite o Servicio debe presentarse mediante formato, escrito libre, ambos o puede solicitarse por otros medios.<\/td>\n<td width=\"494\">formato<\/td>\n<\/tr>\n<tr>\n<td width=\"233\">*Para la informaci\u00f3n a que se refieren las fracciones V,VI,VII,VIII,X,XI,XII,XIII,XIV Y XVIII anteriores, los Sujetos Obligados deber\u00e1n establecer el fundamento Jur\u00eddico apliacable, relacion\u00e1ndolo con la Regulaci\u00f3n inscrita en el Registro Estatal de Regulaciones.<\/td>\n<td width=\"494\">REGLAMENTO PARA LA APERTURA Y FUNCIONAMIENTO DE ESTABLECIMIENTOS DESTINADOS A LA PRODUCCI\u00d3N, DISTRIBUCI\u00d3N Y COMERCIALIZACION DE NIXTAMAL, MASA Y TORTILLAS DE MAIZ, PARA EL MUNICIPIO DE AHOME, SINALOA , Art. 17, 20<\/td>\n<\/tr>\n<\/tbody>\n<\/table>\n","protected":false},"excerpt":{"rendered":"<p>DATOS GENERALES DATOS GENERALES Unidad Administrativa Direcci\u00f3n de Inspecci\u00f3n y Normatividad Oficina de Atenci\u00f3n Direcci\u00f3n de Inspecci\u00f3n y Normatividad Nombre del Tr\u00e1mite y\/o Servicio Permiso de Tortilleria Nueva Objetivo (Descripci\u00f3n) Permiso que otorga el H. Ayuntamiento de Ahome mediante la Direcci\u00f3n de Inspecci\u00f3n y Normatividad para la apertura y funcionamiento de tortilleria nueva Fundamento Jur\u00eddico &hellip;<\/p>\n<p class=\"read-more\"> <a class=\"\" href=\"https:\/\/reaktorweb.com\/ahome\/permiso-de-tortilleria-nueva\/\"> <span class=\"screen-reader-text\">Permiso de Tortiller\u00eda Nueva<\/span> Leer m\u00e1s &raquo;<\/a><\/p>\n","protected":false},"author":1,"featured_media":0,"parent":0,"menu_order":0,"comment_status":"closed","ping_status":"closed","template":"","meta":{"site-sidebar-layout":"default","site-content-layout":"default","ast-main-header-display":"","ast-hfb-above-header-display":"","ast-hfb-below-header-display":"","ast-hfb-mobile-header-display":"","site-post-title":"","ast-breadcrumbs-content":"","ast-featured-img":"","footer-sml-layout":"","theme-transparent-header-meta":"","adv-header-id-meta":"","stick-header-meta":"","header-above-stick-meta":"","header-main-stick-meta":"","header-below-stick-meta":"","spay_email":"","footnotes":""},"class_list":["post-352","page","type-page","status-publish","hentry"],"jetpack_sharing_enabled":true,"jetpack_likes_enabled":false,"_links":{"self":[{"href":"https:\/\/reaktorweb.com\/ahome\/wp-json\/wp\/v2\/pages\/352","targetHints":{"allow":["GET"]}}],"collection":[{"href":"https:\/\/reaktorweb.com\/ahome\/wp-json\/wp\/v2\/pages"}],"about":[{"href":"https:\/\/reaktorweb.com\/ahome\/wp-json\/wp\/v2\/types\/page"}],"author":[{"embeddable":true,"href":"https:\/\/reaktorweb.com\/ahome\/wp-json\/wp\/v2\/users\/1"}],"replies":[{"embeddable":true,"href":"https:\/\/reaktorweb.com\/ahome\/wp-json\/wp\/v2\/comments?post=352"}],"version-history":[{"count":0,"href":"https:\/\/reaktorweb.com\/ahome\/wp-json\/wp\/v2\/pages\/352\/revisions"}],"wp:attachment":[{"href":"https:\/\/reaktorweb.com\/ahome\/wp-json\/wp\/v2\/media?parent=352"}],"curies":[{"name":"wp","href":"https:\/\/api.w.org\/{rel}","templated":true}]}}