{"id":360,"date":"2022-01-27T13:58:24","date_gmt":"2022-01-27T20:58:24","guid":{"rendered":"https:\/\/reaktorweb.com\/ahome\/?page_id=5549"},"modified":"2022-01-27T13:58:24","modified_gmt":"2022-01-27T20:58:24","slug":"permisos-temporales-en-via-publica","status":"publish","type":"page","link":"https:\/\/reaktorweb.com\/ahome\/permisos-temporales-en-via-publica\/","title":{"rendered":"Permisos temporales en v\u00eda p\u00fablica"},"content":{"rendered":"<p><span style=\"color: #9f2241;\"><span style=\"font-size: 18px;\"><b>DATOS GENERALES<\/b><\/span><\/span><\/p>\n<table width=\"727\">\n<tbody>\n<tr>\n<td width=\"233\">Unidad Administrativa<\/td>\n<td width=\"494\">Direcci\u00f3n de Inspecci\u00f3n y Normatividad<\/td>\n<\/tr>\n<tr>\n<td width=\"233\">Oficina de Atenci\u00f3n<\/td>\n<td width=\"494\">Direcci\u00f3n de Inspecci\u00f3n y Normatividad<\/td>\n<\/tr>\n<tr>\n<td width=\"233\">Nombre del Tr\u00e1mite y\/o Servicio<\/td>\n<td width=\"494\">Permisos temporales en v\u00eda p\u00fablica<\/td>\n<\/tr>\n<tr>\n<td width=\"233\">Objetivo (Descripci\u00f3n)<\/td>\n<td width=\"494\">Documento que se otorga por las autoridades del H. Ayuntamiento al titular para ejercer el comercio exclusivamente en las inmediaciones de los espect\u00e1culos deportivos, culturales, recreativos, p\u00fablicos y privados as\u00ed como en las fiestas tradicionales.<\/td>\n<\/tr>\n<tr>\n<td width=\"233\">Fundamento Jur\u00eddico del Tr\u00e1mite<\/td>\n<td width=\"494\">Reglamento para el comercio en la v\u00eda p\u00fablica del municipio de Ahome, Sinaloa<\/td>\n<\/tr>\n<tr>\n<td width=\"233\">Ordenamiento jur\u00eddico del tr\u00e1mite:<\/td>\n<td width=\"494\">Art. 12<\/td>\n<\/tr>\n<tr>\n<td width=\"233\">Aplica Sanci\u00f3n<\/td>\n<td width=\"494\">Si<\/td>\n<\/tr>\n<tr>\n<td width=\"233\">Plazo de Respuesta<\/td>\n<td width=\"494\">5 d\u00edas<\/td>\n<\/tr>\n<tr>\n<td width=\"233\">Permite Solicitar Cita<\/td>\n<td width=\"494\">No<\/td>\n<\/tr>\n<tr>\n<td colspan=\"2\" width=\"727\"><span style=\"color: #9f2241;\"><span style=\"font-size: 18px;\"><b>REQUISITOS<\/b><\/span><\/span><\/td>\n<\/tr>\n<tr>\n<td width=\"233\">Documento<\/td>\n<td width=\"494\">Solicitud dirigida al director<\/td>\n<\/tr>\n<tr>\n<td width=\"233\">original<\/td>\n<td width=\"494\">1<\/td>\n<\/tr>\n<tr>\n<td width=\"233\">Detalles<\/td>\n<td width=\"494\">\u00a0Los datos de importancia como ubicaci\u00f3n, medidas, giro y horario , firmado por el interesado<\/td>\n<\/tr>\n<tr>\n<td width=\"233\">Documento<\/td>\n<td width=\"494\">Acta de nacimiento<\/td>\n<\/tr>\n<tr>\n<td width=\"233\">copia<\/td>\n<td width=\"494\">1<\/td>\n<\/tr>\n<tr>\n<td width=\"233\">Documento<\/td>\n<td width=\"494\">Identificaci\u00f3n oficial<\/td>\n<\/tr>\n<tr>\n<td width=\"233\">copia<\/td>\n<td width=\"494\">1<\/td>\n<\/tr>\n<tr>\n<td width=\"233\">Detalles<\/td>\n<td width=\"494\">INE, Pasaporte, o Licencia de conducir (copia ambos lados)<\/td>\n<\/tr>\n<tr>\n<td width=\"233\">Documento<\/td>\n<td width=\"494\">Constancia de no adeudo Municipal<\/td>\n<\/tr>\n<tr>\n<td width=\"233\">original<\/td>\n<td width=\"494\">1<\/td>\n<\/tr>\n<tr>\n<td colspan=\"2\" width=\"727\"><span style=\"color: #9f2241;\"><span style=\"font-size: 18px;\"><b>DOCUMENTOS A OBTENER PRODUCTO DEL TR\u00c1MITE<\/b><\/span><\/span><\/td>\n<\/tr>\n<tr>\n<td width=\"233\">Documentos<\/td>\n<td width=\"494\">Permiso temporal en la v\u00eda p\u00fablica<\/td>\n<\/tr>\n<tr>\n<td colspan=\"2\" width=\"727\"><span style=\"color: #9f2241;\"><span style=\"font-size: 18px;\"><b>OFICINAS DE ATENCI\u00d3N<\/b><\/span><\/span><\/td>\n<\/tr>\n<tr>\n<td width=\"233\">Direcci\u00f3n<\/td>\n<td width=\"494\">Direcci\u00f3n de Inspecci\u00f3n y Normatividad<\/td>\n<\/tr>\n<tr>\n<td width=\"233\">Oficina de atenci\u00f3n<\/td>\n<td width=\"494\">Av. Santos Degollado y Cuauht\u00e9moc. Colonia Bienestar Lunes a Viernes 08:00 a 16:00 y s\u00e1bados 09:00 a 13:00<\/td>\n<\/tr>\n<\/tbody>\n<\/table>\n","protected":false},"excerpt":{"rendered":"<p>DATOS GENERALES Unidad Administrativa Direcci\u00f3n de Inspecci\u00f3n y Normatividad Oficina de Atenci\u00f3n Direcci\u00f3n de Inspecci\u00f3n y Normatividad Nombre del Tr\u00e1mite y\/o Servicio Permisos temporales en v\u00eda p\u00fablica Objetivo (Descripci\u00f3n) Documento que se otorga por las autoridades del H. Ayuntamiento al titular para ejercer el comercio exclusivamente en las inmediaciones de los espect\u00e1culos deportivos, culturales, recreativos, &hellip;<\/p>\n<p class=\"read-more\"> <a class=\"\" href=\"https:\/\/reaktorweb.com\/ahome\/permisos-temporales-en-via-publica\/\"> <span class=\"screen-reader-text\">Permisos temporales en v\u00eda p\u00fablica<\/span> Leer m\u00e1s &raquo;<\/a><\/p>\n","protected":false},"author":1,"featured_media":0,"parent":0,"menu_order":0,"comment_status":"closed","ping_status":"closed","template":"","meta":{"site-sidebar-layout":"default","site-content-layout":"default","ast-main-header-display":"","ast-hfb-above-header-display":"","ast-hfb-below-header-display":"","ast-hfb-mobile-header-display":"","site-post-title":"","ast-breadcrumbs-content":"","ast-featured-img":"","footer-sml-layout":"","theme-transparent-header-meta":"","adv-header-id-meta":"","stick-header-meta":"","header-above-stick-meta":"","header-main-stick-meta":"","header-below-stick-meta":"","spay_email":"","footnotes":""},"class_list":["post-360","page","type-page","status-publish","hentry"],"jetpack_sharing_enabled":true,"jetpack_likes_enabled":false,"_links":{"self":[{"href":"https:\/\/reaktorweb.com\/ahome\/wp-json\/wp\/v2\/pages\/360","targetHints":{"allow":["GET"]}}],"collection":[{"href":"https:\/\/reaktorweb.com\/ahome\/wp-json\/wp\/v2\/pages"}],"about":[{"href":"https:\/\/reaktorweb.com\/ahome\/wp-json\/wp\/v2\/types\/page"}],"author":[{"embeddable":true,"href":"https:\/\/reaktorweb.com\/ahome\/wp-json\/wp\/v2\/users\/1"}],"replies":[{"embeddable":true,"href":"https:\/\/reaktorweb.com\/ahome\/wp-json\/wp\/v2\/comments?post=360"}],"version-history":[{"count":0,"href":"https:\/\/reaktorweb.com\/ahome\/wp-json\/wp\/v2\/pages\/360\/revisions"}],"wp:attachment":[{"href":"https:\/\/reaktorweb.com\/ahome\/wp-json\/wp\/v2\/media?parent=360"}],"curies":[{"name":"wp","href":"https:\/\/api.w.org\/{rel}","templated":true}]}}