{"id":363,"date":"2022-01-07T11:34:11","date_gmt":"2022-01-07T18:34:11","guid":{"rendered":"https:\/\/reaktorweb.com\/ahome\/?page_id=4090"},"modified":"2022-01-07T11:34:11","modified_gmt":"2022-01-07T18:34:11","slug":"platicas-sobre-cultura-del-agua","status":"publish","type":"page","link":"https:\/\/reaktorweb.com\/ahome\/platicas-sobre-cultura-del-agua\/","title":{"rendered":"Pl\u00e1ticas sobre cultura del agua"},"content":{"rendered":"<span style=\"color: #9f2241;\"><span style=\"font-size: 18px;\"><b>DATOS GENERALES<\/b><\/span><\/span>\r\n<table style=\"font-size: 16px; color: var( --e-global-color-text );\">\r\n<tbody>\r\n<tr>\r\n<td style=\"background-color: #e2e1e6;\"><span style=\"color: #000000;\">Sujeto Obligado<\/span><\/td>\r\n<td>Gerencia General de la Junta de Agua Potable y Alcantarillado del Municipio de Ahome (JAPAMA)<\/td>\r\n<\/tr>\r\n<tr>\r\n<td style=\"background-color: #e2e1e6; color: black;\">Unidad Administrativa<\/td>\r\n<td>Junta de Agua Potable y Alcantarillado del Municipio de Ahome<\/td>\r\n<\/tr>\r\n<tr>\r\n<td style=\"background-color: #e2e1e6; color: black;\">Oficina de Atenci\u00f3n<\/td>\r\n<td>\u00c1ngel Flores esquina con Aquiles Serd\u00e1n.\r\n\r\nColonia Centro.<\/td>\r\n<\/tr>\r\n<tr>\r\n<td style=\"background-color: #e2e1e6; color: black;\">Nombre del Tr\u00e1mite y\/o Servicio<\/td>\r\n<td>Pl\u00e1ticas sobre cultura del agua<\/td>\r\n<\/tr>\r\n<tr>\r\n<td style=\"background-color: #e2e1e6; color: black;\">Objetivo (Descripci\u00f3n)<\/td>\r\n<td>Generar programas permanentes que nos permitan promover entre la poblaci\u00f3n actitudes y h\u00e1bitos racionales y responsables con respecto al consumo del agua, para evitar su derroche y por lo tanto su escasez.<\/td>\r\n<\/tr>\r\n<tr>\r\n<td style=\"background-color: #e2e1e6;\"><span style=\"color: #000000;\">Fundamento Jur\u00eddico del Tr\u00e1mite<\/span><\/td>\r\n<td>Art\u00edculo 36 del Reglamento Interior de la Junta de Agua Potable y Alcantarillado del Municipio de Ahome<\/td>\r\n<\/tr>\r\n<tr>\r\n<td style=\"background-color: #e2e1e6; color: black;\">Ordenamiento jur\u00eddico del tr\u00e1mite:<\/td>\r\n<td><a href=\"https:\/\/drive.google.com\/file\/d\/1GnbhWpe0yVLALxkgKMWInAoxsvls0rwT\/view\" target=\"_blank\" rel=\"noopener\">Enlace<\/a><\/td>\r\n<\/tr>\r\n<tr>\r\n<td style=\"background-color: #e2e1e6; color: black;\">Aplica Sanci\u00f3n<\/td>\r\n<td>No<\/td>\r\n<\/tr>\r\n<tr>\r\n<td style=\"background-color: #e2e1e6; color: black;\">Plazo de Respuesta<\/td>\r\n<td>En cu\u00e1nto se recibe el oficio se agenda el d\u00eda y la hora<\/td>\r\n<\/tr>\r\n<tr>\r\n<td style=\"background-color: #e2e1e6; color: black;\">Permite Solicitar Cita<\/td>\r\n<td>No<\/td>\r\n<\/tr>\r\n<\/tbody>\r\n<\/table>\r\n<span style=\"color: #9f2241;\"><span style=\"font-size: 18px;\"><b>REQUISITOS<\/b><\/span><\/span>\r\n<table>\r\n<tbody><!--(AGREGAR REQUISITOS)-->\r\n<tr>\r\n<td style=\"width: 25%; background-color: #e2e1e6; color: black;\">1.- Nombre del documento:<\/td>\r\n<td>Oficio de solicitud de la pl\u00e1tica de cultura del agua<\/td>\r\n<\/tr>\r\n<tr>\r\n<td>Originales<\/td>\r\n<td>N\/A<\/td>\r\n<\/tr>\r\n<tr>\r\n<td>Copias<\/td>\r\n<td>N\/A<\/td>\r\n<\/tr>\r\n<tr>\r\n<td>Detalles<\/td>\r\n<td>Explicaci\u00f3n libre<\/td>\r\n<\/tr>\r\n<tr>\r\n<td>Condici\u00f3n para realizar el tr\u00e1mite<\/td>\r\n<td>No hay condiciones<\/td>\r\n<\/tr>\r\n<!--AGREGAR REQUISITOS--><\/tbody>\r\n<\/table>\r\n<span style=\"color: #9f2241;\"><span style=\"font-size: 18px;\"><b>COSTOS<\/b><\/span><\/span>\r\n<table>\r\n<tbody>\r\n<tr>\r\n<td style=\"width: 25%; background-color: #e2e1e6; color: black;\">Costo:<\/td>\r\n<td>N\/A<\/td>\r\n<\/tr>\r\n<tr>\r\n<td style=\"width: 25%; background-color: #e2e1e6;\"><span style=\"color: #000000;\">Fundamento Jur\u00eddico del Cobro:<\/span><\/td>\r\n<td>N\/A<\/td>\r\n<\/tr>\r\n<tr>\r\n<td style=\"width: 25%; background-color: #e2e1e6; color: black;\">Ordenamiento cobro del tr\u00e1mite:<\/td>\r\n<td>N\/A<\/td>\r\n<\/tr>\r\n<tr>\r\n<td style=\"width: 25%; background-color: #e2e1e6;\"><span style=\"color: #000000;\">Observaciones:<\/span><\/td>\r\n<td>N\/A<\/td>\r\n<\/tr>\r\n<\/tbody>\r\n<\/table>\r\n<span style=\"font-weight: bold; color: #9f2241; font-family: Roboto, sans-serif; font-size: 18px; font-style: normal; font-variant-ligatures: normal; font-variant-caps: normal;\">DOCUMENTOS A OBTENER PRODUCTO DEL TR\u00c1MITE<\/span>\r\n<table>\r\n<tbody>\r\n<tr>\r\n<td style=\"width: 25%; background-color: #e2e1e6; color: black;\">Documentos a obtener como producto de tr\u00e1mite:<\/td>\r\n<td>N\/A<\/td>\r\n<\/tr>\r\n<\/tbody>\r\n<\/table>\r\n<h6><b>OFICINAS DE ATENCI\u00d3N<\/b><\/h6>\r\n<table>\r\n<tbody>\r\n<tr>\r\n<td style=\"width: 25%; background-color: #e2e1e6; color: black;\">Dependencia:<\/td>\r\n<td>Junta de Agua Potable y Alcantarillado del Municipio de Ahome<\/td>\r\n<\/tr>\r\n<tr>\r\n<td style=\"width: 25%; background-color: #e2e1e6; color: black;\">Direcci\u00f3n:<\/td>\r\n<td>\u00c1ngel Flores esq. con Aquiles Serd\u00e1n S\/N, Colonia Centro, Los Mochis, Sinaloa. C.P. 81200<\/td>\r\n<\/tr>\r\n<tr>\r\n<td style=\"width: 25%; background-color: #e2e1e6; color: black;\">Oficina de atenci\u00f3n:<\/td>\r\n<td>Cultura del Agua<\/td>\r\n<\/tr>\r\n<\/tbody>\r\n<\/table>\r\n<!-- \/wp:post-content -->","protected":false},"excerpt":{"rendered":"<p>DATOS GENERALES Sujeto Obligado Gerencia General de la Junta de Agua Potable y Alcantarillado del Municipio de Ahome (JAPAMA) Unidad Administrativa Junta de Agua Potable y Alcantarillado del Municipio de Ahome Oficina de Atenci\u00f3n \u00c1ngel Flores esquina con Aquiles Serd\u00e1n. Colonia Centro. Nombre del Tr\u00e1mite y\/o Servicio Pl\u00e1ticas sobre cultura del agua Objetivo (Descripci\u00f3n) Generar &hellip;<\/p>\n<p class=\"read-more\"> <a class=\"\" href=\"https:\/\/reaktorweb.com\/ahome\/platicas-sobre-cultura-del-agua\/\"> <span class=\"screen-reader-text\">Pl\u00e1ticas sobre cultura del agua<\/span> Leer m\u00e1s &raquo;<\/a><\/p>\n","protected":false},"author":1,"featured_media":0,"parent":0,"menu_order":0,"comment_status":"closed","ping_status":"closed","template":"","meta":{"site-sidebar-layout":"default","site-content-layout":"default","ast-main-header-display":"","ast-hfb-above-header-display":"","ast-hfb-below-header-display":"","ast-hfb-mobile-header-display":"","site-post-title":"","ast-breadcrumbs-content":"","ast-featured-img":"","footer-sml-layout":"","theme-transparent-header-meta":"","adv-header-id-meta":"","stick-header-meta":"","header-above-stick-meta":"","header-main-stick-meta":"","header-below-stick-meta":"","spay_email":"","footnotes":""},"class_list":["post-363","page","type-page","status-publish","hentry"],"jetpack_sharing_enabled":true,"jetpack_likes_enabled":false,"_links":{"self":[{"href":"https:\/\/reaktorweb.com\/ahome\/wp-json\/wp\/v2\/pages\/363","targetHints":{"allow":["GET"]}}],"collection":[{"href":"https:\/\/reaktorweb.com\/ahome\/wp-json\/wp\/v2\/pages"}],"about":[{"href":"https:\/\/reaktorweb.com\/ahome\/wp-json\/wp\/v2\/types\/page"}],"author":[{"embeddable":true,"href":"https:\/\/reaktorweb.com\/ahome\/wp-json\/wp\/v2\/users\/1"}],"replies":[{"embeddable":true,"href":"https:\/\/reaktorweb.com\/ahome\/wp-json\/wp\/v2\/comments?post=363"}],"version-history":[{"count":0,"href":"https:\/\/reaktorweb.com\/ahome\/wp-json\/wp\/v2\/pages\/363\/revisions"}],"wp:attachment":[{"href":"https:\/\/reaktorweb.com\/ahome\/wp-json\/wp\/v2\/media?parent=363"}],"curies":[{"name":"wp","href":"https:\/\/api.w.org\/{rel}","templated":true}]}}