{"id":383,"date":"2022-01-27T16:15:37","date_gmt":"2022-01-27T23:15:37","guid":{"rendered":"https:\/\/reaktorweb.com\/ahome\/?page_id=5666"},"modified":"2022-01-27T16:15:37","modified_gmt":"2022-01-27T23:15:37","slug":"revalidacion-de-alcoholes","status":"publish","type":"page","link":"https:\/\/reaktorweb.com\/ahome\/revalidacion-de-alcoholes\/","title":{"rendered":"Revalidaci\u00f3n de Alcoholes"},"content":{"rendered":"<p><span style=\"color: #9f2241;\"><span style=\"font-size: 18px;\"><b>DATOS GENERALES<\/b><\/span><\/span><\/p>\n<table width=\"727\">\n<tbody>\n<tr>\n<td width=\"233\">Unidad Administrativa<\/td>\n<td width=\"494\">Direcci\u00f3n de Inspecci\u00f3n y Normatividad<\/td>\n<\/tr>\n<tr>\n<td width=\"233\">Oficina de Atenci\u00f3n<\/td>\n<td width=\"494\">Direcci\u00f3n de Inspecci\u00f3n y Normatividad<\/td>\n<\/tr>\n<tr>\n<td width=\"233\">Nombre del Tr\u00e1mite y\/o Servicio<\/td>\n<td width=\"494\">Revalidaci\u00f3n de Alcoholes<\/td>\n<\/tr>\n<tr>\n<td width=\"233\">Objetivo (Descripci\u00f3n)<\/td>\n<td width=\"494\">Tr\u00e1mite que expide el H. Ayuntamiento a trav\u00e9s de la Direcci\u00f3n de Inspecci\u00f3n y Normatividad para renovaci\u00f3n anual de permiso para la venta de alcohol<\/td>\n<\/tr>\n<tr>\n<td width=\"233\">Fundamento Jur\u00eddico del Tr\u00e1mite<\/td>\n<td width=\"494\">Reglamento de la Ley Sobre Operaci\u00f3n y Funcionamiento de Establecimientos destinados a la producci\u00f3n, distribuci\u00f3n, venta y consumo de bebidas alcoh\u00f3licas, Ley Sobre Operaci\u00f3n y Funcionamiento de Establecimientos destinados a la producci\u00f3n, distribuci\u00f3n, venta y consumo de bebidas alcoh\u00f3licas<\/td>\n<\/tr>\n<tr>\n<td width=\"233\">Ordenamiento jur\u00eddico del tr\u00e1mite:<\/td>\n<td width=\"494\">Art.\u00a0 16,17,18, 19 y 20 y 16,17,18,19,27,28<\/td>\n<\/tr>\n<tr>\n<td width=\"233\">Aplica Sanci\u00f3n<\/td>\n<td width=\"494\">Si<\/td>\n<\/tr>\n<tr>\n<td width=\"233\">Plazo de Respuesta<\/td>\n<td width=\"494\">30 d\u00edas<\/td>\n<\/tr>\n<tr>\n<td colspan=\"2\" width=\"727\"><span style=\"color: #9f2241;\"><span style=\"font-size: 18px;\"><b>REQUISITOS<\/b><\/span><\/span><\/td>\n<\/tr>\n<tr>\n<td width=\"233\">documento<\/td>\n<td width=\"494\">Solicitud dirigida al director<\/td>\n<\/tr>\n<tr>\n<td width=\"233\">original<\/td>\n<td width=\"494\">1<\/td>\n<\/tr>\n<tr>\n<td width=\"233\">detalles<\/td>\n<td width=\"494\">Elaborar la solicitud dirigida al director de manera libre en donde se exprese la petici\u00f3n con la informaci\u00f3n correspondiente (ya sea n\u00b0 de licencia, nombre del establecimiento, etc) firmada por el interesado<\/td>\n<\/tr>\n<tr>\n<td width=\"233\">documento<\/td>\n<td width=\"494\">Licencia de revalidacion original anterior<\/td>\n<\/tr>\n<tr>\n<td width=\"233\">original<\/td>\n<td width=\"494\">1<\/td>\n<\/tr>\n<tr>\n<td width=\"233\">documento<\/td>\n<td width=\"494\">Constancia sanitaria<\/td>\n<\/tr>\n<tr>\n<td width=\"233\">original<\/td>\n<td width=\"494\">1<\/td>\n<\/tr>\n<tr>\n<td width=\"233\">detalles<\/td>\n<td width=\"494\">Acudir a COEPRISS<\/td>\n<\/tr>\n<tr>\n<td width=\"233\">documento<\/td>\n<td width=\"494\">Constancia de no adeudo Municipal<\/td>\n<\/tr>\n<tr>\n<td width=\"233\">original<\/td>\n<td width=\"494\">1<\/td>\n<\/tr>\n<tr>\n<td width=\"233\">detalles<\/td>\n<td width=\"494\">Acudir a Direcci\u00f3n de Ingresos<\/td>\n<\/tr>\n<tr>\n<td width=\"233\">documento<\/td>\n<td width=\"494\">Constancia de no adeudo del Estado<\/td>\n<\/tr>\n<tr>\n<td width=\"233\">original<\/td>\n<td width=\"494\">1<\/td>\n<\/tr>\n<tr>\n<td width=\"233\">detalles<\/td>\n<td width=\"494\">Acudir a Unidad Administrativa de Gobierno del Estado<\/td>\n<\/tr>\n<tr>\n<td width=\"233\">Criterios a resolver<\/td>\n<td width=\"494\">\u00a0Elaborar la solicitud dirigida al director de manera libre en donde se exprese la petici\u00f3n con la informaci\u00f3n correspondiente (ya sea n\u00b0 de licencia, nombre del establecimiento, etc) firmada por el interesado<\/td>\n<\/tr>\n<tr>\n<td colspan=\"2\" width=\"727\"><span style=\"color: #9f2241;\"><span style=\"font-size: 18px;\"><b>DOCUMENTOS A OBTENER PRODUCTO DEL TR\u00c1MITE<\/b><\/span><\/span><\/td>\n<\/tr>\n<tr>\n<td width=\"233\">Documentos<\/td>\n<td width=\"494\">Revalidaci\u00f3n de Alcoholes<\/td>\n<\/tr>\n<tr>\n<td colspan=\"2\" width=\"727\"><span style=\"color: #9f2241;\"><span style=\"font-size: 18px;\"><b>OFICINAS DE ATENCI\u00d3N<\/b><\/span><\/span><\/td>\n<\/tr>\n<tr>\n<td width=\"233\">Direcci\u00f3n<\/td>\n<td width=\"494\">Direcci\u00f3n de Inspecci\u00f3n y Normatividad<\/td>\n<\/tr>\n<tr>\n<td width=\"233\">Oficina de atenci\u00f3n<\/td>\n<td width=\"494\">Av. Santos Degollado y Cuauht\u00e9moc. Colonia Bienestar Lunes a Viernes 08:00 a 16:00 y s\u00e1bados 09:00 a 13:00<\/td>\n<\/tr>\n<\/tbody>\n<\/table>\n","protected":false},"excerpt":{"rendered":"<p>DATOS GENERALES Unidad Administrativa Direcci\u00f3n de Inspecci\u00f3n y Normatividad Oficina de Atenci\u00f3n Direcci\u00f3n de Inspecci\u00f3n y Normatividad Nombre del Tr\u00e1mite y\/o Servicio Revalidaci\u00f3n de Alcoholes Objetivo (Descripci\u00f3n) Tr\u00e1mite que expide el H. Ayuntamiento a trav\u00e9s de la Direcci\u00f3n de Inspecci\u00f3n y Normatividad para renovaci\u00f3n anual de permiso para la venta de alcohol Fundamento Jur\u00eddico del &hellip;<\/p>\n<p class=\"read-more\"> <a class=\"\" href=\"https:\/\/reaktorweb.com\/ahome\/revalidacion-de-alcoholes\/\"> <span class=\"screen-reader-text\">Revalidaci\u00f3n de Alcoholes<\/span> Leer m\u00e1s &raquo;<\/a><\/p>\n","protected":false},"author":1,"featured_media":0,"parent":0,"menu_order":0,"comment_status":"closed","ping_status":"closed","template":"","meta":{"site-sidebar-layout":"default","site-content-layout":"default","ast-main-header-display":"","ast-hfb-above-header-display":"","ast-hfb-below-header-display":"","ast-hfb-mobile-header-display":"","site-post-title":"","ast-breadcrumbs-content":"","ast-featured-img":"","footer-sml-layout":"","theme-transparent-header-meta":"","adv-header-id-meta":"","stick-header-meta":"","header-above-stick-meta":"","header-main-stick-meta":"","header-below-stick-meta":"","spay_email":"","footnotes":""},"class_list":["post-383","page","type-page","status-publish","hentry"],"jetpack_sharing_enabled":true,"jetpack_likes_enabled":false,"_links":{"self":[{"href":"https:\/\/reaktorweb.com\/ahome\/wp-json\/wp\/v2\/pages\/383","targetHints":{"allow":["GET"]}}],"collection":[{"href":"https:\/\/reaktorweb.com\/ahome\/wp-json\/wp\/v2\/pages"}],"about":[{"href":"https:\/\/reaktorweb.com\/ahome\/wp-json\/wp\/v2\/types\/page"}],"author":[{"embeddable":true,"href":"https:\/\/reaktorweb.com\/ahome\/wp-json\/wp\/v2\/users\/1"}],"replies":[{"embeddable":true,"href":"https:\/\/reaktorweb.com\/ahome\/wp-json\/wp\/v2\/comments?post=383"}],"version-history":[{"count":0,"href":"https:\/\/reaktorweb.com\/ahome\/wp-json\/wp\/v2\/pages\/383\/revisions"}],"wp:attachment":[{"href":"https:\/\/reaktorweb.com\/ahome\/wp-json\/wp\/v2\/media?parent=383"}],"curies":[{"name":"wp","href":"https:\/\/api.w.org\/{rel}","templated":true}]}}