{"id":396,"date":"2022-01-25T11:43:24","date_gmt":"2022-01-25T18:43:24","guid":{"rendered":"https:\/\/reaktorweb.com\/ahome\/?page_id=5113"},"modified":"2022-01-25T11:43:24","modified_gmt":"2022-01-25T18:43:24","slug":"servicios-de-rastro-municipal","status":"publish","type":"page","link":"https:\/\/reaktorweb.com\/ahome\/servicios-de-rastro-municipal\/","title":{"rendered":"Servicios de rastro municipal"},"content":{"rendered":"<p><span style=\"color: #9f2241;\"><span style=\"font-size: 18px;\"><b>DATOS GENERALES<\/b><\/span><\/span><\/p>\n<table width=\"727\">\n<tbody>\n<tr>\n<td width=\"233\">Sujeto Obligado<\/td>\n<td width=\"494\">Director de Servicios P\u00fablicos<\/td>\n<\/tr>\n<tr>\n<td width=\"233\">Unidad Administrativa<\/td>\n<td width=\"494\">Direcci\u00f3n de Servicios P\u00fablicos Municipales<\/td>\n<\/tr>\n<tr>\n<td width=\"233\">Oficina de Atenci\u00f3n<\/td>\n<td width=\"494\">Marcial Ordo\u00f1ez 240 Pte<\/p>\n<p>Col. Bienestar<\/p>\n<p>Los Mochis, Ahome, Sinaloa<\/td>\n<\/tr>\n<tr>\n<td width=\"233\">Nombre del Tr\u00e1mite y\/o Servicio<\/td>\n<td width=\"494\">Servicios de rastro municipal<\/td>\n<\/tr>\n<tr>\n<td width=\"233\">Objetivo (Descripci\u00f3n)<\/td>\n<td width=\"494\">Brindar a las las personas del municipio de Ahome carne que cubra los requerimientos de las autoridades sanitarias<\/td>\n<\/tr>\n<tr>\n<td width=\"233\">Fundamento Jur\u00eddico del Tr\u00e1mite<\/td>\n<td width=\"494\"><a href=\"https:\/\/drive.google.com\/file\/d\/1XwUcVjZuA5mPwTxKLpISawxNItf2Haan\/view?usp=sharing\">https:\/\/drive.google.com\/file\/d\/1XwUcVjZuA5mPwTxKLpISawxNItf2Haan\/view?usp=sharing<\/a><\/td>\n<\/tr>\n<tr>\n<td width=\"233\">Ordenamiento jur\u00eddico del tr\u00e1mite:<\/td>\n<td width=\"494\">Constituci\u00f3n Pol\u00edtica de los Estados Unidos Mexicanos<\/td>\n<\/tr>\n<tr>\n<td width=\"233\">Plazo de Respuesta<\/td>\n<td width=\"494\">1 d\u00eda<\/td>\n<\/tr>\n<tr>\n<td width=\"233\">Permite Solicitar Cita<\/td>\n<td width=\"494\">No<\/td>\n<\/tr>\n<tr>\n<td colspan=\"2\" width=\"727\"><span style=\"color: #9f2241;\"><span style=\"font-size: 18px;\"><b>COSTOS<\/b><\/span><\/span><\/td>\n<\/tr>\n<tr>\n<td width=\"233\">Costo<\/td>\n<td width=\"494\">Sacrificio de reses $325.79<\/p>\n<p>Sacrificio de puercos mediano $108.59<\/p>\n<p>Sacrificio de puercos gde $162.88<\/p>\n<p>Sacrificio de cabras $108.59<\/td>\n<\/tr>\n<tr>\n<td colspan=\"2\" width=\"727\"><span style=\"color: #9f2241;\"><span style=\"font-size: 18px;\"><b>OFICINAS DE ATENCI\u00d3N<\/b><\/span><\/span><\/td>\n<\/tr>\n<tr>\n<td width=\"233\">Direcci\u00f3n<\/td>\n<td width=\"494\">Direcci\u00f3n de Servicios P\u00fablicos Municipales<\/td>\n<\/tr>\n<tr>\n<td width=\"233\">Oficina de atenci\u00f3n<\/td>\n<td width=\"494\">Marcial Ordo\u00f1ez 240 Pte<\/p>\n<p>Col. Bienestar<\/p>\n<p>Los Mochis, Ahome, Sinaloa<\/td>\n<\/tr>\n<\/tbody>\n<\/table>\n","protected":false},"excerpt":{"rendered":"<p>DATOS GENERALES Sujeto Obligado Director de Servicios P\u00fablicos Unidad Administrativa Direcci\u00f3n de Servicios P\u00fablicos Municipales Oficina de Atenci\u00f3n Marcial Ordo\u00f1ez 240 Pte Col. Bienestar Los Mochis, Ahome, Sinaloa Nombre del Tr\u00e1mite y\/o Servicio Servicios de rastro municipal Objetivo (Descripci\u00f3n) Brindar a las las personas del municipio de Ahome carne que cubra los requerimientos de las &hellip;<\/p>\n<p class=\"read-more\"> <a class=\"\" href=\"https:\/\/reaktorweb.com\/ahome\/servicios-de-rastro-municipal\/\"> <span class=\"screen-reader-text\">Servicios de rastro municipal<\/span> Leer m\u00e1s &raquo;<\/a><\/p>\n","protected":false},"author":1,"featured_media":0,"parent":0,"menu_order":0,"comment_status":"closed","ping_status":"closed","template":"","meta":{"site-sidebar-layout":"default","site-content-layout":"default","ast-main-header-display":"","ast-hfb-above-header-display":"","ast-hfb-below-header-display":"","ast-hfb-mobile-header-display":"","site-post-title":"","ast-breadcrumbs-content":"","ast-featured-img":"","footer-sml-layout":"","theme-transparent-header-meta":"","adv-header-id-meta":"","stick-header-meta":"","header-above-stick-meta":"","header-main-stick-meta":"","header-below-stick-meta":"","spay_email":"","footnotes":""},"class_list":["post-396","page","type-page","status-publish","hentry"],"jetpack_sharing_enabled":true,"jetpack_likes_enabled":false,"_links":{"self":[{"href":"https:\/\/reaktorweb.com\/ahome\/wp-json\/wp\/v2\/pages\/396","targetHints":{"allow":["GET"]}}],"collection":[{"href":"https:\/\/reaktorweb.com\/ahome\/wp-json\/wp\/v2\/pages"}],"about":[{"href":"https:\/\/reaktorweb.com\/ahome\/wp-json\/wp\/v2\/types\/page"}],"author":[{"embeddable":true,"href":"https:\/\/reaktorweb.com\/ahome\/wp-json\/wp\/v2\/users\/1"}],"replies":[{"embeddable":true,"href":"https:\/\/reaktorweb.com\/ahome\/wp-json\/wp\/v2\/comments?post=396"}],"version-history":[{"count":0,"href":"https:\/\/reaktorweb.com\/ahome\/wp-json\/wp\/v2\/pages\/396\/revisions"}],"wp:attachment":[{"href":"https:\/\/reaktorweb.com\/ahome\/wp-json\/wp\/v2\/media?parent=396"}],"curies":[{"name":"wp","href":"https:\/\/api.w.org\/{rel}","templated":true}]}}