{"id":401,"date":"2022-01-06T16:05:10","date_gmt":"2022-01-06T23:05:10","guid":{"rendered":"https:\/\/reaktorweb.com\/ahome\/?page_id=3930"},"modified":"2022-01-06T16:05:10","modified_gmt":"2022-01-06T23:05:10","slug":"solicitud-de-apoyos-del-programa-acceso-a-los-servicios-basicos","status":"publish","type":"page","link":"https:\/\/reaktorweb.com\/ahome\/solicitud-de-apoyos-del-programa-acceso-a-los-servicios-basicos\/","title":{"rendered":"SOLICITUD DE APOYOS DEL PROGRAMA &#8220;ACCESO A LOS SERVICIOS B\u00c1SICOS&#8221;"},"content":{"rendered":"<table width=\"842\">\n<tbody>\n<tr>\n<td width=\"233\">DATOS GENERALES<\/td>\n<td width=\"609\"><\/td>\n<\/tr>\n<tr>\n<td width=\"233\">Sujeto Obligado<\/td>\n<td width=\"609\">Secretar\u00eda de Bienestar<\/td>\n<\/tr>\n<tr>\n<td width=\"233\">Unidad Administrativa<\/td>\n<td width=\"609\">Direcci\u00f3n de Bienestar Social<\/td>\n<\/tr>\n<tr>\n<td width=\"233\">Oficina de Atenci\u00f3n<\/td>\n<td width=\"609\">Secretar\u00eda de Bienestar<\/td>\n<\/tr>\n<tr>\n<td width=\"233\">Nombre del Tr\u00e1mite y\/o Servicio<\/td>\n<td width=\"609\">SOLICITUD DE APOYOS DEL PROGRAMA INFRAESTUCTURA SOCIAL PARA EL RUBRO &#8220;ACCESO A LOS SERVICIOS B\u00c1SICOS&#8221;<\/td>\n<\/tr>\n<tr>\n<td width=\"233\">Objetivo (Descripci\u00f3n)<\/td>\n<td width=\"609\">Entregar la informaci\u00f3n y documentaci\u00f3n requerida para iniciar el proceso mediante el cual se otorgan los beneficios del Programa &#8220;Acceso a los servicios b\u00e1sicos&#8221;<\/td>\n<\/tr>\n<tr>\n<td width=\"233\">Fundamento Jur\u00eddico del Tr\u00e1mite<\/td>\n<td width=\"609\">art. 6, art. 7, art. 19 fracc. VII, art 27.\u00a0 de la Ley General de Desarrollo Social<\/td>\n<\/tr>\n<tr>\n<td width=\"233\">Ordenamiento jur\u00eddico del tr\u00e1mite:<\/td>\n<td width=\"609\"><a href=\"http:\/\/www.diputados.gob.mx\/LeyesBiblio\/pdf\/264_250618.pdf\">http:\/\/www.diputados.gob.mx\/LeyesBiblio\/pdf\/264_250618.pdf<\/a><\/td>\n<\/tr>\n<tr>\n<td width=\"233\">Aplica Sanci\u00f3n<\/td>\n<td width=\"609\">No<\/td>\n<\/tr>\n<tr>\n<td width=\"233\">Plazo de Respuesta<\/td>\n<td width=\"609\">3 meses<\/td>\n<\/tr>\n<tr>\n<td width=\"233\">Permite Solicitar Cita<\/td>\n<td width=\"609\">NO<\/td>\n<\/tr>\n<tr>\n<td width=\"233\">REQUISITOS<\/td>\n<td width=\"609\"><\/td>\n<\/tr>\n<tr>\n<td width=\"233\">Documentos<\/td>\n<td width=\"609\">Identificaci\u00f3n oficial<\/td>\n<\/tr>\n<tr>\n<td width=\"233\">Originales<\/td>\n<td>1<\/td>\n<\/tr>\n<tr>\n<td width=\"233\">Copias<\/td>\n<td>1<\/td>\n<\/tr>\n<tr>\n<td width=\"233\">Copias certificadas<\/td>\n<td width=\"609\"><\/td>\n<\/tr>\n<tr>\n<td width=\"233\">Detalles<\/td>\n<td width=\"609\">Copia de INE vigente y original para cotejo<\/td>\n<\/tr>\n<tr>\n<td width=\"233\">REQUISITOS<\/td>\n<td width=\"609\"><\/td>\n<\/tr>\n<tr>\n<td width=\"233\">Documentos<\/td>\n<td width=\"609\">Comprobante de domicilio<\/td>\n<\/tr>\n<tr>\n<td width=\"233\">Originales<\/td>\n<td><\/td>\n<\/tr>\n<tr>\n<td width=\"233\">Copias<\/td>\n<td>1<\/td>\n<\/tr>\n<tr>\n<td width=\"233\">Copias certificadas<\/td>\n<td><\/td>\n<\/tr>\n<tr>\n<td width=\"233\">Detalles<\/td>\n<td width=\"609\">Copia del comprobante de domicilio no mayor a 3 meses (donde se aplicar\u00eda el apoyo) que acredite la propiedad y\/o posesi\u00f3n legal del inmueble.<\/td>\n<\/tr>\n<tr>\n<td width=\"233\">Condici\u00f3n para realizar el tr\u00e1mite<\/td>\n<td width=\"609\">No aplica<\/td>\n<\/tr>\n<tr>\n<td width=\"233\">REQUISITOS<\/td>\n<td width=\"609\"><\/td>\n<\/tr>\n<tr>\n<td width=\"233\">Documentos<\/td>\n<td>CURP<\/td>\n<\/tr>\n<tr>\n<td width=\"233\">Originales<\/td>\n<td><\/td>\n<\/tr>\n<tr>\n<td width=\"233\">Copias<\/td>\n<td>1<\/td>\n<\/tr>\n<tr>\n<td width=\"233\">Copias certificadas<\/td>\n<td><\/td>\n<\/tr>\n<tr>\n<td width=\"233\">Detalles<\/td>\n<td width=\"609\">Copia de CURP de todos los integrantes del hogar con el fin de acreditar su identidad.<\/td>\n<\/tr>\n<tr>\n<td width=\"233\">Condici\u00f3n para realizar el tr\u00e1mite<\/td>\n<td width=\"609\">No aplica<\/td>\n<\/tr>\n<tr>\n<td width=\"233\">REQUISITOS<\/td>\n<td width=\"609\"><\/td>\n<\/tr>\n<tr>\n<td width=\"233\">Documentos<\/td>\n<td>Acta de Nacimiento<\/td>\n<\/tr>\n<tr>\n<td width=\"233\">Originales<\/td>\n<td><\/td>\n<\/tr>\n<tr>\n<td width=\"233\">Copias<\/td>\n<td>1<\/td>\n<\/tr>\n<tr>\n<td width=\"233\">Copias certificadas<\/td>\n<td><\/td>\n<\/tr>\n<tr>\n<td width=\"233\">Detalles<\/td>\n<td width=\"609\">Copia de Acta de Nacimiento de todos los integrantes del hogar con el fin de acreditar su identidad.<\/td>\n<\/tr>\n<tr>\n<td width=\"233\">Condici\u00f3n para realizar el tr\u00e1mite<\/td>\n<td width=\"609\">No aplica<\/td>\n<\/tr>\n<tr>\n<td width=\"233\">REQUISITOS<\/td>\n<td width=\"609\"><\/td>\n<\/tr>\n<tr>\n<td width=\"233\">Documentos<\/td>\n<td width=\"609\">Comprobante de Residencia firmada y sellada por el S\u00edndico o Comisariado Ejidal<\/td>\n<\/tr>\n<tr>\n<td width=\"233\">Originales<\/td>\n<td><\/td>\n<\/tr>\n<tr>\n<td width=\"233\">Copias<\/td>\n<td>1<\/td>\n<\/tr>\n<tr>\n<td width=\"233\">Copias certificadas<\/td>\n<td><\/td>\n<\/tr>\n<tr>\n<td width=\"233\">Detalles<\/td>\n<td width=\"609\">Copia de Comprobante de Residencia no mayor a tres meses donde se acredite que es residente del lugar, as\u00ed como los a\u00f1os de ser habitante del mismo.<\/td>\n<\/tr>\n<tr>\n<td width=\"233\">Condici\u00f3n para realizar el tr\u00e1mite<\/td>\n<td width=\"609\">No aplica<\/td>\n<\/tr>\n<tr>\n<td width=\"233\">REQUISITOS<\/td>\n<td width=\"609\"><\/td>\n<\/tr>\n<tr>\n<td width=\"233\">Documentos<\/td>\n<td>Carta de Propiedad o posesi\u00f3n del terreno<\/td>\n<\/tr>\n<tr>\n<td width=\"233\">Originales<\/td>\n<td><\/td>\n<\/tr>\n<tr>\n<td width=\"233\">Copias<\/td>\n<td>1<\/td>\n<\/tr>\n<tr>\n<td width=\"233\">Copias certificadas<\/td>\n<td><\/td>\n<\/tr>\n<tr>\n<td width=\"233\">Detalles<\/td>\n<td width=\"609\">Copia de la Carta de Propiedad o posesi\u00f3n del terreno no mayor a 3 meses, con el fin de acreditar la propiedad de la vivienda.<\/td>\n<\/tr>\n<tr>\n<td width=\"233\">Condici\u00f3n para realizar el tr\u00e1mite<\/td>\n<td width=\"609\">No aplica<\/td>\n<\/tr>\n<tr>\n<td width=\"233\">COSTOS<\/td>\n<td width=\"609\"><\/td>\n<\/tr>\n<tr>\n<td width=\"233\">Costo<\/td>\n<td width=\"609\">Tramite Gratuito<\/td>\n<\/tr>\n<tr>\n<td width=\"233\">DOCUMENTOS A OBTENER PRODUCTO DEL TR\u00c1MITE<\/td>\n<td width=\"609\"><\/td>\n<\/tr>\n<tr>\n<td width=\"233\">Documentos<\/td>\n<td width=\"609\">Copia de formato de solicitud con folio.<\/td>\n<\/tr>\n<tr>\n<td>FORMATOS<\/td>\n<td><\/td>\n<\/tr>\n<tr>\n<td width=\"233\">OFICINAS DE ATENCI\u00d3N<\/td>\n<td width=\"609\"><\/td>\n<\/tr>\n<tr>\n<td width=\"233\">Secretar\u00eda<\/td>\n<td width=\"609\">Secretar\u00eda de Bienestar del Municipio de Ahome<\/td>\n<\/tr>\n<tr>\n<td width=\"233\">Direcci\u00f3n<\/td>\n<td width=\"609\">Direcci\u00f3n de Bienestar Social<\/td>\n<\/tr>\n<tr>\n<td width=\"233\">Oficina de atenci\u00f3n<\/td>\n<td width=\"609\">Secretar\u00eda de Bienestar del Municipio de Ahome<\/td>\n<\/tr>\n<tr>\n<td width=\"233\">CRITERIOS DE APLICACI\u00d3N<\/td>\n<td width=\"609\"><\/td>\n<\/tr>\n<tr>\n<td width=\"233\">Sector<\/td>\n<td width=\"609\">Otros<\/td>\n<\/tr>\n<tr>\n<td width=\"233\">Giros que aplican<\/td>\n<td width=\"609\">Servicios<\/td>\n<\/tr>\n<tr>\n<td width=\"233\">Perfil ciudadano:<\/td>\n<td width=\"609\">General.<\/td>\n<\/tr>\n<\/tbody>\n<\/table>\n","protected":false},"excerpt":{"rendered":"<p>DATOS GENERALES Sujeto Obligado Secretar\u00eda de Bienestar Unidad Administrativa Direcci\u00f3n de Bienestar Social Oficina de Atenci\u00f3n Secretar\u00eda de Bienestar Nombre del Tr\u00e1mite y\/o Servicio SOLICITUD DE APOYOS DEL PROGRAMA INFRAESTUCTURA SOCIAL PARA EL RUBRO &#8220;ACCESO A LOS SERVICIOS B\u00c1SICOS&#8221; Objetivo (Descripci\u00f3n) Entregar la informaci\u00f3n y documentaci\u00f3n requerida para iniciar el proceso mediante el cual se &hellip;<\/p>\n<p class=\"read-more\"> <a class=\"\" href=\"https:\/\/reaktorweb.com\/ahome\/solicitud-de-apoyos-del-programa-acceso-a-los-servicios-basicos\/\"> <span class=\"screen-reader-text\">SOLICITUD DE APOYOS DEL PROGRAMA &#8220;ACCESO A LOS SERVICIOS B\u00c1SICOS&#8221;<\/span> Leer m\u00e1s &raquo;<\/a><\/p>\n","protected":false},"author":1,"featured_media":0,"parent":0,"menu_order":0,"comment_status":"closed","ping_status":"closed","template":"","meta":{"site-sidebar-layout":"default","site-content-layout":"default","ast-main-header-display":"","ast-hfb-above-header-display":"","ast-hfb-below-header-display":"","ast-hfb-mobile-header-display":"","site-post-title":"","ast-breadcrumbs-content":"","ast-featured-img":"","footer-sml-layout":"","theme-transparent-header-meta":"","adv-header-id-meta":"","stick-header-meta":"","header-above-stick-meta":"","header-main-stick-meta":"","header-below-stick-meta":"","spay_email":"","footnotes":""},"class_list":["post-401","page","type-page","status-publish","hentry"],"jetpack_sharing_enabled":true,"jetpack_likes_enabled":false,"_links":{"self":[{"href":"https:\/\/reaktorweb.com\/ahome\/wp-json\/wp\/v2\/pages\/401","targetHints":{"allow":["GET"]}}],"collection":[{"href":"https:\/\/reaktorweb.com\/ahome\/wp-json\/wp\/v2\/pages"}],"about":[{"href":"https:\/\/reaktorweb.com\/ahome\/wp-json\/wp\/v2\/types\/page"}],"author":[{"embeddable":true,"href":"https:\/\/reaktorweb.com\/ahome\/wp-json\/wp\/v2\/users\/1"}],"replies":[{"embeddable":true,"href":"https:\/\/reaktorweb.com\/ahome\/wp-json\/wp\/v2\/comments?post=401"}],"version-history":[{"count":0,"href":"https:\/\/reaktorweb.com\/ahome\/wp-json\/wp\/v2\/pages\/401\/revisions"}],"wp:attachment":[{"href":"https:\/\/reaktorweb.com\/ahome\/wp-json\/wp\/v2\/media?parent=401"}],"curies":[{"name":"wp","href":"https:\/\/api.w.org\/{rel}","templated":true}]}}