{"id":405,"date":"2022-01-07T09:41:23","date_gmt":"2022-01-07T16:41:23","guid":{"rendered":"https:\/\/reaktorweb.com\/ahome\/?page_id=4055"},"modified":"2022-01-07T09:41:23","modified_gmt":"2022-01-07T16:41:23","slug":"solicitud-de-apoyos-del-programa-infraestructura-basica-salud","status":"publish","type":"page","link":"https:\/\/reaktorweb.com\/ahome\/solicitud-de-apoyos-del-programa-infraestructura-basica-salud\/","title":{"rendered":"SOLICITUD DE APOYOS DEL PROGRAMA &#8220;INFRAESTRUCTURA B\u00c1SICA SALUD&#8221;"},"content":{"rendered":"<table style=\"font-size: 16px; color: var( --e-global-color-text ); height: 247px;\" width=\"960\">\n<tbody>\n<tr>\n<td style=\"background-color: #e2e1e6;\">\n<table width=\"727\">\n<tbody>\n<tr>\n<td colspan=\"2\" width=\"727\">DATOS GENERALES<\/td>\n<\/tr>\n<tr>\n<td width=\"233\">Sujeto Obligado<\/td>\n<td width=\"494\">Secretar\u00eda de Bienestar<\/td>\n<\/tr>\n<tr>\n<td width=\"233\">Unidad Administrativa<\/td>\n<td width=\"494\">Direcci\u00f3n de Bienestar Social<\/td>\n<\/tr>\n<tr>\n<td width=\"233\">Oficina de Atenci\u00f3n<\/td>\n<td width=\"494\">Secretar\u00eda de Bienestar<\/td>\n<\/tr>\n<tr>\n<td width=\"233\">Nombre del Tr\u00e1mite y\/o Servicio<\/td>\n<td width=\"494\">SOLICITUD DE APOYOS DEL PROGRAMA INFRAESTUCTURA SOCIAL PARA EL RUBRO &#8220;INFRAESTRUCTURA B\u00c1SICA DE SALUD&#8221;<\/td>\n<\/tr>\n<tr>\n<td width=\"233\">Objetivo (Descripci\u00f3n)<\/td>\n<td width=\"494\">Entregar la informaci\u00f3n y documentaci\u00f3n requerida para iniciar el proceso mediante el cual se otorgan los beneficios del Programa &#8220;Infraestructura B\u00e1sica de Salud&#8221;<\/td>\n<\/tr>\n<tr>\n<td width=\"233\">Fundamento Jur\u00eddico del Tr\u00e1mite<\/td>\n<td width=\"494\">art. 6, art. 7, art. 19 fracc. VII, art 27.\u00a0 de la Ley General de Desarrollo Social<\/td>\n<\/tr>\n<tr>\n<td width=\"233\">Ordenamiento jur\u00eddico del tr\u00e1mite:<\/td>\n<td width=\"494\"><a href=\"http:\/\/www.diputados.gob.mx\/LeyesBiblio\/pdf\/264_250618.pdf\">http:\/\/www.diputados.gob.mx\/LeyesBiblio\/pdf\/264_250618.pdf<\/a><\/td>\n<\/tr>\n<tr>\n<td width=\"233\">Aplica Sanci\u00f3n<\/td>\n<td width=\"494\">No<\/td>\n<\/tr>\n<tr>\n<td width=\"233\">Plazo de Respuesta<\/td>\n<td width=\"494\">30 d\u00edas<\/td>\n<\/tr>\n<tr>\n<td width=\"233\">Permite Solicitar Cita<\/td>\n<td width=\"494\">No<\/td>\n<\/tr>\n<tr>\n<td colspan=\"2\" width=\"727\">REQUISITOS<\/td>\n<\/tr>\n<tr>\n<td width=\"233\">Documentos<\/td>\n<td width=\"494\">Carta Solicitud<\/td>\n<\/tr>\n<tr>\n<td width=\"233\">Originales<\/td>\n<td>1<\/td>\n<\/tr>\n<tr>\n<td colspan=\"2\" width=\"727\">COSTOS<\/td>\n<\/tr>\n<tr>\n<td width=\"233\">Costo<\/td>\n<td width=\"494\">Tramite Gratuito<\/td>\n<\/tr>\n<tr>\n<td colspan=\"2\" width=\"727\">DOCUMENTOS A OBTENER PRODUCTO DEL TR\u00c1MITE<\/td>\n<\/tr>\n<tr>\n<td width=\"233\">Documentos<\/td>\n<td width=\"494\">Copia de formato de solicitud con folio<\/td>\n<\/tr>\n<tr>\n<td colspan=\"2\" width=\"727\">OFICINAS DE ATENCI\u00d3N<\/td>\n<\/tr>\n<tr>\n<td width=\"233\">Secretar\u00eda<\/td>\n<td width=\"494\">Secretar\u00eda de Bienestar del Municipio de Ahome<\/td>\n<\/tr>\n<tr>\n<td width=\"233\">Direcci\u00f3n<\/td>\n<td width=\"494\">Direcci\u00f3n de Bienestar Social<\/td>\n<\/tr>\n<tr>\n<td width=\"233\">Oficina de atenci\u00f3n<\/td>\n<td width=\"494\">Secretar\u00eda de Bienestar del Municipio de Ahome<\/td>\n<\/tr>\n<tr>\n<td colspan=\"2\" width=\"727\">CRITERIOS DE APLICACI\u00d3N<\/td>\n<\/tr>\n<tr>\n<td width=\"233\">Sector<\/td>\n<td width=\"494\">Otros<\/td>\n<\/tr>\n<tr>\n<td width=\"233\">Giros que aplican<\/td>\n<td width=\"494\">Servicios<\/td>\n<\/tr>\n<tr>\n<td width=\"233\">Perfil ciudadano:<\/td>\n<td width=\"494\">General.<\/td>\n<\/tr>\n<\/tbody>\n<\/table>\n<\/td>\n<td><\/td>\n<\/tr>\n<tr>\n<td style=\"background-color: #e2e1e6; color: black;\"><\/td>\n<td><\/td>\n<\/tr>\n<tr>\n<td style=\"background-color: #e2e1e6; color: black;\"><\/td>\n<td><\/td>\n<\/tr>\n<tr>\n<td style=\"background-color: #e2e1e6; color: black;\"><\/td>\n<td><\/td>\n<\/tr>\n<tr>\n<td style=\"background-color: #e2e1e6; color: black;\"><\/td>\n<td><\/td>\n<\/tr>\n<tr>\n<td style=\"background-color: #e2e1e6;\"><\/td>\n<td><\/td>\n<\/tr>\n<tr>\n<td style=\"background-color: #e2e1e6; color: black;\"><\/td>\n<td><\/td>\n<\/tr>\n<tr>\n<td style=\"background-color: #e2e1e6; color: black;\"><\/td>\n<td><\/td>\n<\/tr>\n<tr>\n<td style=\"background-color: #e2e1e6; color: black;\"><\/td>\n<td><\/td>\n<\/tr>\n<\/tbody>\n<\/table>\n<h6><\/h6>\n","protected":false},"excerpt":{"rendered":"<p>DATOS GENERALES Sujeto Obligado Secretar\u00eda de Bienestar Unidad Administrativa Direcci\u00f3n de Bienestar Social Oficina de Atenci\u00f3n Secretar\u00eda de Bienestar Nombre del Tr\u00e1mite y\/o Servicio SOLICITUD DE APOYOS DEL PROGRAMA INFRAESTUCTURA SOCIAL PARA EL RUBRO &#8220;INFRAESTRUCTURA B\u00c1SICA DE SALUD&#8221; Objetivo (Descripci\u00f3n) Entregar la informaci\u00f3n y documentaci\u00f3n requerida para iniciar el proceso mediante el cual se otorgan &hellip;<\/p>\n<p class=\"read-more\"> <a class=\"\" href=\"https:\/\/reaktorweb.com\/ahome\/solicitud-de-apoyos-del-programa-infraestructura-basica-salud\/\"> <span class=\"screen-reader-text\">SOLICITUD DE APOYOS DEL PROGRAMA &#8220;INFRAESTRUCTURA B\u00c1SICA SALUD&#8221;<\/span> Leer m\u00e1s &raquo;<\/a><\/p>\n","protected":false},"author":1,"featured_media":0,"parent":0,"menu_order":0,"comment_status":"closed","ping_status":"closed","template":"","meta":{"site-sidebar-layout":"default","site-content-layout":"default","ast-main-header-display":"","ast-hfb-above-header-display":"","ast-hfb-below-header-display":"","ast-hfb-mobile-header-display":"","site-post-title":"","ast-breadcrumbs-content":"","ast-featured-img":"","footer-sml-layout":"","theme-transparent-header-meta":"","adv-header-id-meta":"","stick-header-meta":"","header-above-stick-meta":"","header-main-stick-meta":"","header-below-stick-meta":"","spay_email":"","footnotes":""},"class_list":["post-405","page","type-page","status-publish","hentry"],"jetpack_sharing_enabled":true,"jetpack_likes_enabled":false,"_links":{"self":[{"href":"https:\/\/reaktorweb.com\/ahome\/wp-json\/wp\/v2\/pages\/405","targetHints":{"allow":["GET"]}}],"collection":[{"href":"https:\/\/reaktorweb.com\/ahome\/wp-json\/wp\/v2\/pages"}],"about":[{"href":"https:\/\/reaktorweb.com\/ahome\/wp-json\/wp\/v2\/types\/page"}],"author":[{"embeddable":true,"href":"https:\/\/reaktorweb.com\/ahome\/wp-json\/wp\/v2\/users\/1"}],"replies":[{"embeddable":true,"href":"https:\/\/reaktorweb.com\/ahome\/wp-json\/wp\/v2\/comments?post=405"}],"version-history":[{"count":0,"href":"https:\/\/reaktorweb.com\/ahome\/wp-json\/wp\/v2\/pages\/405\/revisions"}],"wp:attachment":[{"href":"https:\/\/reaktorweb.com\/ahome\/wp-json\/wp\/v2\/media?parent=405"}],"curies":[{"name":"wp","href":"https:\/\/api.w.org\/{rel}","templated":true}]}}