{"id":407,"date":"2022-01-06T16:47:24","date_gmt":"2022-01-06T23:47:24","guid":{"rendered":"https:\/\/reaktorweb.com\/ahome\/?page_id=4011"},"modified":"2022-01-06T16:47:24","modified_gmt":"2022-01-06T23:47:24","slug":"solicitud-de-estudios-socioeconomico","status":"publish","type":"page","link":"https:\/\/reaktorweb.com\/ahome\/solicitud-de-estudios-socioeconomico\/","title":{"rendered":"Solicitud de Estudios Socioecon\u00f3mico"},"content":{"rendered":"<span style=\"color: #9f2241;\"><span style=\"font-size: 18px;\"><b>DATOS GENERALES<\/b><\/span><\/span>\r\n<table style=\"font-size: 16px; color: var( --e-global-color-text );\">\r\n<tbody>\r\n<tr>\r\n<td style=\"background-color: #e2e1e6;\"><span style=\"color: #000000;\">Sujeto Obligado<\/span><\/td>\r\n<td>Gerencia General de la Junta de Agua Potable y Alcantarillado del Municipio de Ahome (JAPAMA)<\/td>\r\n<\/tr>\r\n<tr>\r\n<td style=\"background-color: #e2e1e6; color: black;\">Unidad Administrativa<\/td>\r\n<td>Junta de Agua Potable y Alcantarillado del Municipio de Ahome<\/td>\r\n<\/tr>\r\n<tr>\r\n<td style=\"background-color: #e2e1e6; color: black;\">Oficina de Atenci\u00f3n<\/td>\r\n<td>Participaci\u00f3n Social<\/td>\r\n<\/tr>\r\n<tr>\r\n<td style=\"background-color: #e2e1e6; color: black;\">Nombre del Tr\u00e1mite y\/o Servicio<\/td>\r\n<td>Solicitud de Estudios Socioecon\u00f3mico<\/td>\r\n<\/tr>\r\n<tr>\r\n<td style=\"background-color: #e2e1e6; color: black;\">Objetivo (Descripci\u00f3n)<\/td>\r\n<td>Deber\u00e1n realizar una solicitud de Estudio Socioecon\u00f3mico en el Departamento de Participaci\u00f3n Social, en donde se har\u00e1n una serie de peguntas, con la cual se evaluara y determinara si aplica o en su lugar aplicar ajuste o descuento.<\/td>\r\n<\/tr>\r\n<tr>\r\n<td style=\"background-color: #e2e1e6;\"><span style=\"color: #000000;\">Fundamento Jur\u00eddico del Tr\u00e1mite<\/span><\/td>\r\n<td>Art\u00edculo 123, fracci\u00f3n VII del Reglamento Interior de la Junta de Agua Potable y Alcantarillado del Municipio de Ahome.<\/td>\r\n<\/tr>\r\n<tr>\r\n<td style=\"background-color: #e2e1e6; color: black;\">Ordenamiento jur\u00eddico del tr\u00e1mite:<\/td>\r\n<td><a href=\"https:\/\/drive.google.com\/file\/d\/1Hyklb2JoXFFX7kqk54Vs6WOQO7ygJ7vb\/view\" target=\"_blank\" rel=\"noopener\">Enlace<\/a><\/td>\r\n<\/tr>\r\n<tr>\r\n<td style=\"background-color: #e2e1e6; color: black;\">Aplica Sanci\u00f3n<\/td>\r\n<td>No<\/td>\r\n<\/tr>\r\n<tr>\r\n<td style=\"background-color: #e2e1e6; color: black;\">Plazo de Respuesta<\/td>\r\n<td>10 a 12 d\u00edas<\/td>\r\n<\/tr>\r\n<tr>\r\n<td style=\"background-color: #e2e1e6; color: black;\">Permite Solicitar Cita<\/td>\r\n<td>No<\/td>\r\n<\/tr>\r\n<\/tbody>\r\n<\/table>\r\n<span style=\"color: #9f2241;\"><span style=\"font-size: 18px;\"><b>REQUISITOS<\/b><\/span><\/span>\r\n\r\n&nbsp;\r\n<table>\r\n<tbody><!--(AGREGAR REQUISITOS)-->\r\n<tr>\r\n<td style=\"width: 25%; background-color: #e2e1e6; color: black;\">1.- Nombre del documento:<\/td>\r\n<td>Identificaci\u00f3n Oficial<\/td>\r\n<\/tr>\r\n<tr>\r\n<td>Originales<\/td>\r\n<td>1<\/td>\r\n<\/tr>\r\n<tr>\r\n<td>Copias<\/td>\r\n<td>1<\/td>\r\n<\/tr>\r\n<tr>\r\n<td>Detalles<\/td>\r\n<td>INE, Licencia de conducir o pasaporte (Ambos lados)<\/td>\r\n<\/tr>\r\n<tr>\r\n<td>Condici\u00f3n para realizar el tr\u00e1mite<\/td>\r\n<td>Vigente<\/td>\r\n<\/tr>\r\n<tr>\r\n<td style=\"width: 25%; background-color: #e2e1e6; color: black;\">2.- Nombre del documento:<\/td>\r\n<td>Recibo de JAPAMA<\/td>\r\n<\/tr>\r\n<tr>\r\n<td>Originales<\/td>\r\n<td>1<\/td>\r\n<\/tr>\r\n<tr>\r\n<td>Copias<\/td>\r\n<td>N\/A<\/td>\r\n<\/tr>\r\n<tr>\r\n<td>Detalles<\/td>\r\n<td>Recibo de facturaci\u00f3n del predio al que se le quiere realizar Estudio Socioecon\u00f3mico<\/td>\r\n<\/tr>\r\n<tr>\r\n<td>Condici\u00f3n para realizar el tr\u00e1mite<\/td>\r\n<td>El recibo debe estar legible (se le retornar\u00e1 al usuario despu\u00e9s de la realizaci\u00f3n del tr\u00e1mite) y debe mostrar el nombre coincidente con las identificaci\u00f3n presentada.<\/td>\r\n<\/tr>\r\n<\/tbody>\r\n<\/table>\r\n<span style=\"color: #9f2241;\"><span style=\"font-size: 18px;\"><b>COSTOS<\/b><\/span><\/span>\r\n<table>\r\n<tbody>\r\n<tr>\r\n<td style=\"width: 25%; background-color: #e2e1e6; color: black;\">Costo:<\/td>\r\n<td>No<\/td>\r\n<\/tr>\r\n<tr>\r\n<td style=\"width: 25%; background-color: #e2e1e6;\"><span style=\"color: #000000;\">Fundamento Jur\u00eddico del Cobro:<\/span><\/td>\r\n<td>De acuerdo a lo estipulado en el Art. 123 fracci\u00f3n VII del Reglamento Interior de la Junta de Agua Potable y Alcantarillado del Municipio de Ahome.<\/td>\r\n<\/tr>\r\n<tr>\r\n<td style=\"width: 25%; background-color: #e2e1e6; color: black;\">Ordenamiento cobro del tr\u00e1mite:<\/td>\r\n<td><a href=\"https:\/\/drive.google.com\/file\/d\/1Hyklb2JoXFFX7kqk54Vs6WOQO7ygJ7vb\/view\">Enlace<\/a><\/td>\r\n<\/tr>\r\n<tr>\r\n<td style=\"width: 25%; background-color: #e2e1e6;\"><span style=\"color: #000000;\">Observaciones:<\/span><\/td>\r\n<td>Para poder aplicar el Estudios Socioecon\u00f3mico es necesario ser persona de escasos recursos<\/td>\r\n<\/tr>\r\n<\/tbody>\r\n<\/table>\r\n<span style=\"font-weight: bold; color: #9f2241; font-family: Roboto, sans-serif; font-size: 18px; font-style: normal; font-variant-ligatures: normal; font-variant-caps: normal;\">DOCUMENTOS A OBTENER PRODUCTO DEL TR\u00c1MITE<\/span>\r\n<table>\r\n<tbody>\r\n<tr>\r\n<td style=\"width: 25%; background-color: #e2e1e6; color: black;\">Documentos a obtener como producto de tr\u00e1mite:<\/td>\r\n<td>N\/A<\/td>\r\n<\/tr>\r\n<\/tbody>\r\n<\/table>\r\n<h6><b>OFICINAS DE ATENCI\u00d3N<\/b><\/h6>\r\n<table>\r\n<tbody>\r\n<tr>\r\n<td style=\"width: 25%; background-color: #e2e1e6; color: black;\">Dependencia:<\/td>\r\n<td>Junta de Agua Potable y Alcantarillado del Municipio de Ahome<\/td>\r\n<\/tr>\r\n<tr>\r\n<td style=\"width: 25%; background-color: #e2e1e6; color: black;\">Direcci\u00f3n:<\/td>\r\n<td>\u00c1ngel Flores esq. con Aquiles Serd\u00e1n S\/N, Colonia Centro, Los Mochis, Sinaloa. C.P. 81200<\/td>\r\n<\/tr>\r\n<tr>\r\n<td style=\"width: 25%; background-color: #e2e1e6; color: black;\">Oficina de atenci\u00f3n:<\/td>\r\n<td>Participaci\u00f3n Social<\/td>\r\n<\/tr>\r\n<\/tbody>\r\n<\/table>\r\n<!-- \/wp:post-content -->","protected":false},"excerpt":{"rendered":"<p>DATOS GENERALES Sujeto Obligado Gerencia General de la Junta de Agua Potable y Alcantarillado del Municipio de Ahome (JAPAMA) Unidad Administrativa Junta de Agua Potable y Alcantarillado del Municipio de Ahome Oficina de Atenci\u00f3n Participaci\u00f3n Social Nombre del Tr\u00e1mite y\/o Servicio Solicitud de Estudios Socioecon\u00f3mico Objetivo (Descripci\u00f3n) Deber\u00e1n realizar una solicitud de Estudio Socioecon\u00f3mico en &hellip;<\/p>\n<p class=\"read-more\"> <a class=\"\" href=\"https:\/\/reaktorweb.com\/ahome\/solicitud-de-estudios-socioeconomico\/\"> <span class=\"screen-reader-text\">Solicitud de Estudios Socioecon\u00f3mico<\/span> Leer m\u00e1s &raquo;<\/a><\/p>\n","protected":false},"author":1,"featured_media":0,"parent":0,"menu_order":0,"comment_status":"closed","ping_status":"closed","template":"","meta":{"site-sidebar-layout":"default","site-content-layout":"default","ast-main-header-display":"","ast-hfb-above-header-display":"","ast-hfb-below-header-display":"","ast-hfb-mobile-header-display":"","site-post-title":"","ast-breadcrumbs-content":"","ast-featured-img":"","footer-sml-layout":"","theme-transparent-header-meta":"","adv-header-id-meta":"","stick-header-meta":"","header-above-stick-meta":"","header-main-stick-meta":"","header-below-stick-meta":"","spay_email":"","footnotes":""},"class_list":["post-407","page","type-page","status-publish","hentry"],"jetpack_sharing_enabled":true,"jetpack_likes_enabled":false,"_links":{"self":[{"href":"https:\/\/reaktorweb.com\/ahome\/wp-json\/wp\/v2\/pages\/407","targetHints":{"allow":["GET"]}}],"collection":[{"href":"https:\/\/reaktorweb.com\/ahome\/wp-json\/wp\/v2\/pages"}],"about":[{"href":"https:\/\/reaktorweb.com\/ahome\/wp-json\/wp\/v2\/types\/page"}],"author":[{"embeddable":true,"href":"https:\/\/reaktorweb.com\/ahome\/wp-json\/wp\/v2\/users\/1"}],"replies":[{"embeddable":true,"href":"https:\/\/reaktorweb.com\/ahome\/wp-json\/wp\/v2\/comments?post=407"}],"version-history":[{"count":0,"href":"https:\/\/reaktorweb.com\/ahome\/wp-json\/wp\/v2\/pages\/407\/revisions"}],"wp:attachment":[{"href":"https:\/\/reaktorweb.com\/ahome\/wp-json\/wp\/v2\/media?parent=407"}],"curies":[{"name":"wp","href":"https:\/\/api.w.org\/{rel}","templated":true}]}}