{"id":410,"date":"2022-01-05T13:27:12","date_gmt":"2022-01-05T20:27:12","guid":{"rendered":"https:\/\/reaktorweb.com\/ahome\/?page_id=3873"},"modified":"2022-01-05T13:27:12","modified_gmt":"2022-01-05T20:27:12","slug":"solicitud-de-tarifa-de-pensionados","status":"publish","type":"page","link":"https:\/\/reaktorweb.com\/ahome\/solicitud-de-tarifa-de-pensionados\/","title":{"rendered":"Solicitud de Tarifa de Pensionados"},"content":{"rendered":"<span style=\"color: #9f2241;\"><span style=\"font-size: 18px;\"><b>DATOS GENERALES<\/b><\/span><\/span>\n<table style=\"font-size: 16px; color: var( --e-global-color-text );\">\n<tbody>\n<tr>\n<td style=\"background-color: #e2e1e6;\"><span style=\"color: #000000;\">Sujeto Obligado<\/span><\/td>\n<td>Gerencia General de la Junta de Agua Potable y Alcantarillado del Municipio de Ahome (JAPAMA)<\/td>\n<\/tr>\n<tr>\n<td style=\"background-color: #e2e1e6; color: black;\">Unidad Administrativa<\/td>\n<td>Junta de Agua Potable y Alcantarillado del Municipio de Ahome<\/td>\n<\/tr>\n<tr>\n<td style=\"background-color: #e2e1e6; color: black;\">Oficina de Atenci\u00f3n<\/td>\n<td>Participaci\u00f3n Social<\/td>\n<\/tr>\n<tr>\n<td style=\"background-color: #e2e1e6; color: black;\">Nombre del Tr\u00e1mite y\/o Servicio<\/td>\n<td>Solicitud de Tarifa de Pensionados<\/td>\n<\/tr>\n<tr>\n<td style=\"background-color: #e2e1e6; color: black;\">Objetivo (Descripci\u00f3n)<\/td>\n<td>Obtener la aplicaci\u00f3n de una tarifa preferencial<\/td>\n<\/tr>\n<tr>\n<td style=\"background-color: #e2e1e6;\"><span style=\"color: #000000;\">Fundamento Jur\u00eddico del Tr\u00e1mite<\/span><\/td>\n<td>Articulo 50 de la Ley de Agua Potable y Alcantarillado del Estado de Sinaloa.<\/td>\n<\/tr>\n<tr>\n<td style=\"background-color: #e2e1e6; color: black;\">Ordenamiento jur\u00eddico del tr\u00e1mite:<\/td>\n<td><a href=\"https:\/\/drive.google.com\/file\/d\/1Hyklb2JoXFFX7kqk54Vs6WOQO7ygJ7vb\/view\" target=\"_blank\" rel=\"noopener\">Enlace<\/a><\/td>\n<\/tr>\n<tr>\n<td style=\"background-color: #e2e1e6; color: black;\">Aplica Sanci\u00f3n<\/td>\n<td>Si.<\/td>\n<\/tr>\n<tr>\n<td style=\"background-color: #e2e1e6; color: black;\">Plazo de Respuesta<\/td>\n<td>Inmediato<\/td>\n<\/tr>\n<tr>\n<td style=\"background-color: #e2e1e6; color: black;\">Permite Solicitar Cita<\/td>\n<td>No<\/td>\n<\/tr>\n<\/tbody>\n<\/table>\n<span style=\"color: #9f2241;\"><span style=\"font-size: 18px;\"><b>REQUISITOS<\/b><\/span><\/span>\n\n<!--AGREGAR REQUISITOS-->\n<table>\n<tbody><!--(AGREGAR REQUISITOS)-->\n<tr>\n<td style=\"width: 25%; background-color: #e2e1e6; color: black;\">1.- Nombre del documento:<\/td>\n<td>Resoluci\u00f3n o Concesi\u00f3n de pensi\u00f3n<\/td>\n<\/tr>\n<tr>\n<td>Originales<\/td>\n<td>0<\/td>\n<\/tr>\n<tr>\n<td>Copias<\/td>\n<td>1<\/td>\n<\/tr>\n<tr>\n<td>Detalles<\/td>\n<td>Es el documento oficial que expide el Organismo bajo el cual queda la pensi\u00f3n ya sea del IMSS, ISSSTE o la instituci\u00f3n en cuesti\u00f3n.<\/td>\n<\/tr>\n<tr>\n<td>Condici\u00f3n para realizar el tr\u00e1mite<\/td>\n<td>El pensionado o jubilado debe ser el titular del contrato ante JAPAMA<\/td>\n<\/tr>\n<tr>\n<td style=\"width: 25%; background-color: #e2e1e6; color: black;\">2.- Nombre del documento:<\/td>\n<td>Identificaci\u00f3n oficial<\/td>\n<\/tr>\n<tr>\n<td>Originales<\/td>\n<td>1<\/td>\n<\/tr>\n<tr>\n<td>Copias<\/td>\n<td>1<\/td>\n<\/tr>\n<tr>\n<td>Detalles<\/td>\n<td>INE, Licencia de conducir o pasaporte (Ambos lados)<\/td>\n<\/tr>\n<tr>\n<td>Condici\u00f3n para realizar el tr\u00e1mite<\/td>\n<td>Vigente<\/td>\n<\/tr>\n<tr>\n<td style=\"width: 25%; background-color: #e2e1e6; color: black;\">3.- Nombre del documento:<\/td>\n<td>Clave \u00danica de Registro de Poblaci\u00f3n (Constancia CURP).<\/td>\n<\/tr>\n<tr>\n<td>Originales<\/td>\n<td>1<\/td>\n<\/tr>\n<tr>\n<td>Copias<\/td>\n<td>N\/A<\/td>\n<\/tr>\n<tr>\n<td>Detalles<\/td>\n<td>No hay detalles.<\/td>\n<\/tr>\n<tr>\n<td>Condici\u00f3n para realizar el tr\u00e1mite<\/td>\n<td>Impresi\u00f3n reciente.<\/td>\n<\/tr>\n<tr>\n<td style=\"width: 25%; background-color: #e2e1e6; color: black;\">4.- Nombre del documento:<\/td>\n<td>Recibo de JAPAMA<\/td>\n<\/tr>\n<tr>\n<td>Originales<\/td>\n<td>1<\/td>\n<\/tr>\n<tr>\n<td>Copias<\/td>\n<td>N\/A<\/td>\n<\/tr>\n<tr>\n<td>Detalles<\/td>\n<td>Recibo de facturaci\u00f3n del predio al que se le quiere aplicar la tarifa de jubilado o pensionado<\/td>\n<\/tr>\n<tr>\n<td>Condici\u00f3n para realizar el tr\u00e1mite<\/td>\n<td>El recibo debe estar legible (se le retornar\u00e1 al usuario despu\u00e9s de la realizaci\u00f3n del tr\u00e1mite) y debe mostrar el nombre coincidente con las identificaci\u00f3n presentada as\u00ed como la documentaci\u00f3n que lo acredita como pensionado o jubilado.<\/td>\n<\/tr>\n<tr>\n<td style=\"width: 25%; background-color: #e2e1e6; color: black;\">5.- Nombre del documento:<\/td>\n<td>Medidor en optimas condiciones<\/td>\n<\/tr>\n<tr>\n<td>Originales<\/td>\n<td>N\/A<\/td>\n<\/tr>\n<tr>\n<td>Copias<\/td>\n<td>N\/A<\/td>\n<\/tr>\n<tr>\n<td>Detalles<\/td>\n<td>Tener lecturas reales. (Medidor accesible)<\/td>\n<\/tr>\n<tr>\n<td>Condici\u00f3n para realizar el tr\u00e1mite<\/td>\n<td>El medidor debe estar accesible a toma de lectura y legible.<\/td>\n<\/tr>\n<\/tbody>\n<\/table>\n<table>\n<tbody>\n<tr>\n<td style=\"width: 25%; background-color: #e2e1e6; color: black;\"><\/td>\n<\/tr>\n<\/tbody>\n<\/table>\n<span style=\"color: #9f2241;\"><span style=\"font-size: 18px;\"><b>COSTOS<\/b><\/span><\/span>\n<table>\n<tbody>\n<tr>\n<td style=\"width: 25%; background-color: #e2e1e6; color: black;\">Costo:<\/td>\n<td>No<\/td>\n<\/tr>\n<tr>\n<td style=\"width: 25%; background-color: #e2e1e6;\"><span style=\"color: #000000;\">Fundamento Jur\u00eddico del Cobro:<\/span><\/td>\n<td>Art. 49 de la Ley de Agua Potable y Alcantarillado del Estado de Sinaloa.- Los usuarios de los sistemas est\u00e1n obligados a pagar cualquier adeudo por concepto de las tarifas y cuotas, recargos y sanciones o cualquier otro concepto que establezca la Ley.<\/td>\n<\/tr>\n<tr>\n<td style=\"width: 25%; background-color: #e2e1e6; color: black;\">Ordenamiento cobro del tr\u00e1mite:<\/td>\n<td><a href=\"https:\/\/drive.google.com\/file\/d\/1Hyklb2JoXFFX7kqk54Vs6WOQO7ygJ7vb\/view\">Enlace<\/a><\/td>\n<\/tr>\n<tr>\n<td style=\"width: 25%; background-color: #e2e1e6;\"><span style=\"color: #000000;\">Observaciones:<\/span><\/td>\n<td>El usuario deber\u00e1 proporcionar sus datos ya sea nombre, direcci\u00f3n, su n\u00famero de usuario.<\/td>\n<\/tr>\n<\/tbody>\n<\/table>\n<span style=\"font-weight: bold; color: #9f2241; font-family: Roboto, sans-serif; font-size: 18px; font-style: normal; font-variant-ligatures: normal; font-variant-caps: normal;\">DOCUMENTOS A OBTENER PRODUCTO DEL TR\u00c1MITE<\/span>\n<table>\n<tbody>\n<tr>\n<td style=\"width: 25%; background-color: #e2e1e6; color: black;\">Documentos a obtener como producto de tr\u00e1mite:<\/td>\n<td>Oficio expedido en el cu\u00e1l consta qu\u00e9 el contrato o usuario no presenta ning\u00fan adeudo.<\/td>\n<\/tr>\n<\/tbody>\n<\/table>\n<h6><b>OFICINAS DE ATENCI\u00d3N<\/b><\/h6>\n<table>\n<tbody>\n<tr>\n<td style=\"width: 25%; background-color: #e2e1e6; color: black;\">Dependencia:<\/td>\n<td>Junta de Agua Potable y Alcantarillado del Municipio de Ahome<\/td>\n<\/tr>\n<tr>\n<td style=\"width: 25%; background-color: #e2e1e6; color: black;\">Direcci\u00f3n:<\/td>\n<td>\u00c1ngel Flores esq. con Aquiles Serd\u00e1n S\/N, Colonia Centro, Los Mochis, Sinaloa. C.P. 81200<\/td>\n<\/tr>\n<tr>\n<td style=\"width: 25%; background-color: #e2e1e6; color: black;\">Oficina de atenci\u00f3n:<\/td>\n<td>Participaci\u00f3n Social<\/td>\n<\/tr>\n<\/tbody>\n<\/table>\n<!-- \/wp:post-content -->","protected":false},"excerpt":{"rendered":"<p>DATOS GENERALES Sujeto Obligado Gerencia General de la Junta de Agua Potable y Alcantarillado del Municipio de Ahome (JAPAMA) Unidad Administrativa Junta de Agua Potable y Alcantarillado del Municipio de Ahome Oficina de Atenci\u00f3n Participaci\u00f3n Social Nombre del Tr\u00e1mite y\/o Servicio Solicitud de Tarifa de Pensionados Objetivo (Descripci\u00f3n) Obtener la aplicaci\u00f3n de una tarifa preferencial &hellip;<\/p>\n<p class=\"read-more\"> <a class=\"\" href=\"https:\/\/reaktorweb.com\/ahome\/solicitud-de-tarifa-de-pensionados\/\"> <span class=\"screen-reader-text\">Solicitud de Tarifa de Pensionados<\/span> Leer m\u00e1s &raquo;<\/a><\/p>\n","protected":false},"author":1,"featured_media":0,"parent":0,"menu_order":0,"comment_status":"closed","ping_status":"closed","template":"","meta":{"site-sidebar-layout":"default","site-content-layout":"default","ast-main-header-display":"","ast-hfb-above-header-display":"","ast-hfb-below-header-display":"","ast-hfb-mobile-header-display":"","site-post-title":"","ast-breadcrumbs-content":"","ast-featured-img":"","footer-sml-layout":"","theme-transparent-header-meta":"","adv-header-id-meta":"","stick-header-meta":"","header-above-stick-meta":"","header-main-stick-meta":"","header-below-stick-meta":"","spay_email":"","footnotes":""},"class_list":["post-410","page","type-page","status-publish","hentry"],"jetpack_sharing_enabled":true,"jetpack_likes_enabled":false,"_links":{"self":[{"href":"https:\/\/reaktorweb.com\/ahome\/wp-json\/wp\/v2\/pages\/410","targetHints":{"allow":["GET"]}}],"collection":[{"href":"https:\/\/reaktorweb.com\/ahome\/wp-json\/wp\/v2\/pages"}],"about":[{"href":"https:\/\/reaktorweb.com\/ahome\/wp-json\/wp\/v2\/types\/page"}],"author":[{"embeddable":true,"href":"https:\/\/reaktorweb.com\/ahome\/wp-json\/wp\/v2\/users\/1"}],"replies":[{"embeddable":true,"href":"https:\/\/reaktorweb.com\/ahome\/wp-json\/wp\/v2\/comments?post=410"}],"version-history":[{"count":0,"href":"https:\/\/reaktorweb.com\/ahome\/wp-json\/wp\/v2\/pages\/410\/revisions"}],"wp:attachment":[{"href":"https:\/\/reaktorweb.com\/ahome\/wp-json\/wp\/v2\/media?parent=410"}],"curies":[{"name":"wp","href":"https:\/\/api.w.org\/{rel}","templated":true}]}}