{"id":412,"date":"2022-01-06T16:25:30","date_gmt":"2022-01-06T23:25:30","guid":{"rendered":"https:\/\/reaktorweb.com\/ahome\/?page_id=3958"},"modified":"2022-01-06T16:25:30","modified_gmt":"2022-01-06T23:25:30","slug":"suspension-temporal-del-servicio-de-agua-potable","status":"publish","type":"page","link":"https:\/\/reaktorweb.com\/ahome\/suspension-temporal-del-servicio-de-agua-potable\/","title":{"rendered":"Suspensi\u00f3n Temporal del Servicio de Agua Potable."},"content":{"rendered":"<span style=\"color: #9f2241;\"><span style=\"font-size: 18px;\"><b>DATOS GENERALES<\/b><\/span><\/span>\r\n<table style=\"font-size: 16px; color: var( --e-global-color-text );\">\r\n<tbody>\r\n<tr>\r\n<td style=\"background-color: #e2e1e6;\"><span style=\"color: #000000;\">Sujeto Obligado<\/span><\/td>\r\n<td>Gerencia General de la Junta de Agua Potable y Alcantarillado del Municipio de Ahome (JAPAMA)<\/td>\r\n<\/tr>\r\n<tr>\r\n<td style=\"background-color: #e2e1e6; color: black;\">Unidad Administrativa<\/td>\r\n<td>Junta de Agua Potable y Alcantarillado del Municipio de Ahome<\/td>\r\n<\/tr>\r\n<tr>\r\n<td style=\"background-color: #e2e1e6; color: black;\">Oficina de Atenci\u00f3n<\/td>\r\n<td>Atenci\u00f3n Integral<\/td>\r\n<\/tr>\r\n<tr>\r\n<td style=\"background-color: #e2e1e6; color: black;\">Nombre del Tr\u00e1mite y\/o Servicio<\/td>\r\n<td>Suspensi\u00f3n Temporal del Servicio de Agua Potable.<\/td>\r\n<\/tr>\r\n<tr>\r\n<td style=\"background-color: #e2e1e6; color: black;\">Objetivo (Descripci\u00f3n)<\/td>\r\n<td>Podr\u00e1n solicitar la Suspensi\u00f3n temporal del servicio de agua potable aquellos usuarios con tarifa domestica, comercial o industrial, cuyo predio se encuentre SIN HABITAR, BALDIO, OBRA NEGRA o en RUINAS. Mientras dure la suspensi\u00f3n del servicio se suspende la facturaci\u00f3n mensual.<\/td>\r\n<\/tr>\r\n<tr>\r\n<td style=\"background-color: #e2e1e6;\"><span style=\"color: #000000;\">Fundamento Jur\u00eddico del Tr\u00e1mite<\/span><\/td>\r\n<td>Art\u00edculo 112 fracci\u00f3n XXXVII del Reglamento Interior de la Junta de Agua Potable y Alcantarillado del Municipio de Ahome.<\/td>\r\n<\/tr>\r\n<tr>\r\n<td style=\"background-color: #e2e1e6; color: black;\">Ordenamiento jur\u00eddico del tr\u00e1mite:<\/td>\r\n<td><a href=\"https:\/\/drive.google.com\/file\/d\/1GnbhWpe0yVLALxkgKMWInAoxsvls0rwT\/view\" target=\"_blank\" rel=\"noopener\">Enlace<\/a><\/td>\r\n<\/tr>\r\n<tr>\r\n<td style=\"background-color: #e2e1e6; color: black;\">Aplica Sanci\u00f3n<\/td>\r\n<td>Si.\r\n\r\nSe continuara con la facturaci\u00f3n mensual en forma permanente aplicando tarifas vigentes.<\/td>\r\n<\/tr>\r\n<tr>\r\n<td style=\"background-color: #e2e1e6; color: black;\">Plazo de Respuesta<\/td>\r\n<td>15 d\u00edas<\/td>\r\n<\/tr>\r\n<tr>\r\n<td style=\"background-color: #e2e1e6; color: black;\">Permite Solicitar Cita<\/td>\r\n<td>No<\/td>\r\n<\/tr>\r\n<\/tbody>\r\n<\/table>\r\n<span style=\"color: #9f2241;\"><span style=\"font-size: 18px;\"><b>REQUISITOS<\/b><\/span><\/span>\r\n<table>\r\n<tbody><!--(AGREGAR REQUISITOS)-->\r\n<tr>\r\n<td style=\"width: 25%; background-color: #e2e1e6; color: black;\">1.- Nombre del documento:<\/td>\r\n<td>\u00daltimo comprobante de pago.<\/td>\r\n<\/tr>\r\n<tr>\r\n<td>Originales<\/td>\r\n<td>1<\/td>\r\n<\/tr>\r\n<tr>\r\n<td>Copias<\/td>\r\n<td>N\/A<\/td>\r\n<\/tr>\r\n<tr>\r\n<td>Detalles<\/td>\r\n<td>El usuario deber\u00e1 proporcionar sus datos ya sea nombre, direcci\u00f3n, su n\u00famero de usuario.<\/td>\r\n<\/tr>\r\n<tr>\r\n<td>Condici\u00f3n para realizar el tr\u00e1mite<\/td>\r\n<td>Se har\u00e1 la solicitud y el Departamento de inspecci\u00f3n acudira a revisi\u00f3n del usuario, en caso de cumplir con los requisitos suspenden el servicio de agua y notificar al departamento de atenci\u00f3n a usuarios para la emisi\u00f3n del documento &#8220;Suspensi\u00f3n Temporal del Servicio&#8221;.\r\nRequisitos para que proceda la &#8220;suspensi\u00f3n temporal del servicio&#8221;:\r\n1. El domicilio debe de contar con medidor accesible.\r\n2. El domicilio debe de estar sin adeudo; cabe la posibilidad de que en el transcurso del tr\u00e1mite le llegue una nueva facturaci\u00f3n (mes en curso), por lo tanto deber\u00e1 de liquidarlo para que se pueda entregar la carta de Suspensi\u00f3n Temporal.\r\n3. Corre por cuenta del usuario el resguardo del medidor.\r\n4. El domicilio debe de estar deshabitado para que proceda la Suspensi\u00f3n Temporal.\r\n5. El usuario tendr\u00e1 que regresar en un lapso de 15 d\u00edas h\u00e1biles a las oficinas para hacerle entrega de la carta de Suspensi\u00f3n Temporal, en caso de haber procedido el tr\u00e1mite.<\/td>\r\n<\/tr>\r\n<!--AGREGAR REQUISITOS--><\/tbody>\r\n<\/table>\r\n<span style=\"color: #9f2241;\"><span style=\"font-size: 18px;\"><b>COSTOS<\/b><\/span><\/span>\r\n<table>\r\n<tbody>\r\n<tr>\r\n<td style=\"width: 25%; background-color: #e2e1e6; color: black;\">Costo:<\/td>\r\n<td>S\u00ed<\/td>\r\n<\/tr>\r\n<tr>\r\n<td style=\"width: 25%; background-color: #e2e1e6;\"><span style=\"color: #000000;\">Fundamento Jur\u00eddico del Cobro:<\/span><\/td>\r\n<td>Suspensi\u00f3n Temporal del servicio de agua cuando as\u00ed lo requiera el usuario y se ordenara la reconexi\u00f3n del servicio cuando proceda.<\/td>\r\n<\/tr>\r\n<tr>\r\n<td style=\"width: 25%; background-color: #e2e1e6; color: black;\">Ordenamiento cobro del tr\u00e1mite:<\/td>\r\n<td><a href=\"https:\/\/drive.google.com\/file\/d\/1GnbhWpe0yVLALxkgKMWInAoxsvls0rwT\/view\">Enlace<\/a><\/td>\r\n<\/tr>\r\n<tr>\r\n<td style=\"width: 25%; background-color: #e2e1e6;\"><span style=\"color: #000000;\">Observaciones:<\/span><\/td>\r\n<td>Es obligatorio notificar a JAPAMA la reactivaci\u00f3n del servicio (costo reactivaci\u00f3n $200.00) En caso de conectarse por cuenta del usuario sin notificaci\u00f3n, se cobrar\u00e1n todos los meses que dejaron de facturarse en la suspensi\u00f3n.<\/td>\r\n<\/tr>\r\n<\/tbody>\r\n<\/table>\r\n<span style=\"font-weight: bold; color: #9f2241; font-family: Roboto, sans-serif; font-size: 18px; font-style: normal; font-variant-ligatures: normal; font-variant-caps: normal;\">DOCUMENTOS A OBTENER PRODUCTO DEL TR\u00c1MITE<\/span>\r\n<table>\r\n<tbody>\r\n<tr>\r\n<td style=\"width: 25%; background-color: #e2e1e6; color: black;\">Documentos a obtener como producto de tr\u00e1mite:<\/td>\r\n<td>Constancia de &#8220;Suspensi\u00f3n Temporal del Servicio de Agua&#8221;<\/td>\r\n<\/tr>\r\n<\/tbody>\r\n<\/table>\r\n<h6><b>OFICINAS DE ATENCI\u00d3N<\/b><\/h6>\r\n<table>\r\n<tbody>\r\n<tr>\r\n<td style=\"width: 25%; background-color: #e2e1e6; color: black;\">Dependencia:<\/td>\r\n<td>Junta de Agua Potable y Alcantarillado del Municipio de Ahome<\/td>\r\n<\/tr>\r\n<tr>\r\n<td style=\"width: 25%; background-color: #e2e1e6; color: black;\">Direcci\u00f3n:<\/td>\r\n<td>\u00c1ngel Flores esq. con Aquiles Serd\u00e1n S\/N, Colonia Centro, Los Mochis, Sinaloa. C.P. 81200<\/td>\r\n<\/tr>\r\n<tr>\r\n<td style=\"width: 25%; background-color: #e2e1e6; color: black;\">Oficina de atenci\u00f3n:<\/td>\r\n<td>Atenci\u00f3n Integral<\/td>\r\n<\/tr>\r\n<\/tbody>\r\n<\/table>\r\n<!-- \/wp:post-content -->","protected":false},"excerpt":{"rendered":"<p>DATOS GENERALES Sujeto Obligado Gerencia General de la Junta de Agua Potable y Alcantarillado del Municipio de Ahome (JAPAMA) Unidad Administrativa Junta de Agua Potable y Alcantarillado del Municipio de Ahome Oficina de Atenci\u00f3n Atenci\u00f3n Integral Nombre del Tr\u00e1mite y\/o Servicio Suspensi\u00f3n Temporal del Servicio de Agua Potable. Objetivo (Descripci\u00f3n) Podr\u00e1n solicitar la Suspensi\u00f3n temporal &hellip;<\/p>\n<p class=\"read-more\"> <a class=\"\" href=\"https:\/\/reaktorweb.com\/ahome\/suspension-temporal-del-servicio-de-agua-potable\/\"> <span class=\"screen-reader-text\">Suspensi\u00f3n Temporal del Servicio de Agua Potable.<\/span> Leer m\u00e1s &raquo;<\/a><\/p>\n","protected":false},"author":1,"featured_media":0,"parent":0,"menu_order":0,"comment_status":"closed","ping_status":"closed","template":"","meta":{"site-sidebar-layout":"default","site-content-layout":"default","ast-main-header-display":"","ast-hfb-above-header-display":"","ast-hfb-below-header-display":"","ast-hfb-mobile-header-display":"","site-post-title":"","ast-breadcrumbs-content":"","ast-featured-img":"","footer-sml-layout":"","theme-transparent-header-meta":"","adv-header-id-meta":"","stick-header-meta":"","header-above-stick-meta":"","header-main-stick-meta":"","header-below-stick-meta":"","spay_email":"","footnotes":""},"class_list":["post-412","page","type-page","status-publish","hentry"],"jetpack_sharing_enabled":true,"jetpack_likes_enabled":false,"_links":{"self":[{"href":"https:\/\/reaktorweb.com\/ahome\/wp-json\/wp\/v2\/pages\/412","targetHints":{"allow":["GET"]}}],"collection":[{"href":"https:\/\/reaktorweb.com\/ahome\/wp-json\/wp\/v2\/pages"}],"about":[{"href":"https:\/\/reaktorweb.com\/ahome\/wp-json\/wp\/v2\/types\/page"}],"author":[{"embeddable":true,"href":"https:\/\/reaktorweb.com\/ahome\/wp-json\/wp\/v2\/users\/1"}],"replies":[{"embeddable":true,"href":"https:\/\/reaktorweb.com\/ahome\/wp-json\/wp\/v2\/comments?post=412"}],"version-history":[{"count":0,"href":"https:\/\/reaktorweb.com\/ahome\/wp-json\/wp\/v2\/pages\/412\/revisions"}],"wp:attachment":[{"href":"https:\/\/reaktorweb.com\/ahome\/wp-json\/wp\/v2\/media?parent=412"}],"curies":[{"name":"wp","href":"https:\/\/api.w.org\/{rel}","templated":true}]}}